{"id":996,"date":"2017-01-13T11:41:00","date_gmt":"2017-01-13T11:41:00","guid":{"rendered":"http:\/\/cecbll.cat\/espaicomarca\/?page_id=996"},"modified":"2017-01-13T11:41:00","modified_gmt":"2017-01-13T11:41:00","slug":"fabrica-pujol-i-bausis-la-rajoleta","status":"publish","type":"page","link":"https:\/\/cecbll.cat\/espaicomarca\/fabrica-pujol-i-bausis-la-rajoleta\/","title":{"rendered":"F\u00e0brica Pujol i Bausis, La Rajoleta"},"content":{"rendered":"<p><strong>Carrer Esgl\u00e9sia, 36. Esplugues de Llobregat<\/strong><\/p>\n<p>La\u00a0<strong>f\u00e0brica Pujol i Bausis<\/strong>, fou una de les empreses m\u00e9s notables a\u00a0Catalunya\u00a0en el sector de la cer\u00e0mica\u00a0en la segona meitat del\u00a0segle XIX\u00a0i comen\u00e7aments del\u00a0XX. Les qualitats\u00a0argiloses\u00a0de les terres d&#8217;Esplugues van propiciar l&#8217;establiment d&#8217;algunes b\u00f2biles. La f\u00e0brica Pujol i Bausis, que s&#8217;havia iniciat amb la producci\u00f3 de maons, s&#8217;an\u00e0 especialitzant, progressivament, en la fabricaci\u00f3 de rajoles i elements decoratius.<\/p>\n<p>La f\u00e0brica, amb la seva \u00faltima denominaci\u00f3 &#8220;Industrial Cer\u00e1mica Vallv\u00e9, S.A.&#8221;, va deixar de funcionar l&#8217;any\u00a01984 clausurant definitivament una empresa que havia estat puntal de la cer\u00e0mica industrial al nostre pa\u00eds.<\/p>\n<p>En l&#8217;actualitat, Pujol i Bausis \u00e9s un projecte de patrimoni cultural de reconversi\u00f3 de les estructures existents en un nou espai muse\u00edstic dedicat a la cer\u00e0mica i a l&#8217;arqueologia industrial. Es conserven sis forns de tipus \u00e0rab, dos d&#8217;ells enterrats i de grans dimensions \u2013descoberts l&#8217;estiu de 1993 i la tardor de 1996-, els dos forns d&#8217;ampolla i la xemeneia s\u00f3n un valu\u00f3s testimoni de les vinculacions d&#8217;Esplugues amb el\u00a0fang. La xemeneia \u00e9s de ma\u00f3 vist d&#8217;una al\u00e7ada de 22 m i correspon a la sortida de fums de la m\u00e0quina de vapor documentada des de 1886. Els singulars quatre forns de tipus \u00e0rab s\u00f3n del segle XIX i, possiblement, els elements m\u00e9s antics que es conserven. Els dos impressionants forns soterrats a uns 9 m de profunditat s\u00f3n de grans dimensions, amb planta circular, d&#8217;uns 5 m de di\u00e0metre, consten de dues cambres. Els espl\u00e8ndids dos forns d&#8217;ampolla, origin\u00e0riament coberts, corresponen possiblement a l&#8217;etapa de construcci\u00f3 de les noves naus realitzades els anys 1913-1914, destinats a la cocci\u00f3 del\u00a0gres\u00a0i pasta blanca.<\/p>\n<p>&nbsp;<\/p>\n<p><strong>HORARI ESTIU<\/strong><br \/>\nDe dimarts a dissabte de 10.00 a 14.00 hores; diumenges, visites guiades a les 11.00 i a les 13.00 hores.<\/p>\n<p><strong>HORARI D&#8217;HIVERN<br \/>\n<\/strong>De dimarts a dissabte de 10.00 a 14.00 hores; diumenges, visites guiades a les 11.00 i a les 13.00 hores.<\/p>\n<p><strong>CONTACTE<br \/>\n<\/strong><strong>Tel\u00e8fon:<\/strong>\u00a0934 700 218<br \/>\n<strong>E-mail:<\/strong>\u00a0museus@esplugues.cat , museucantinture@esplugues.cat<br \/>\n<strong>Web:<\/strong>\u00a0http:\/\/www.museus.esplugues.cat\/<\/p>\n","protected":false},"excerpt":{"rendered":"<p>Carrer Esgl\u00e9sia, 36. Esplugues de Llobregat La\u00a0f\u00e0brica Pujol i Bausis, fou una de les empreses m\u00e9s notables a\u00a0Catalunya\u00a0en el sector [&hellip;]<\/p>\n","protected":false},"author":1,"featured_media":997,"parent":0,"menu_order":0,"comment_status":"closed","ping_status":"closed","template":"","meta":{"footnotes":"","_links_to":"","_links_to_target":""},"class_list":["post-996","page","type-page","status-publish","has-post-thumbnail","hentry"],"_links":{"self":[{"href":"https:\/\/cecbll.cat\/espaicomarca\/wp-json\/wp\/v2\/pages\/996","targetHints":{"allow":["GET"]}}],"collection":[{"href":"https:\/\/cecbll.cat\/espaicomarca\/wp-json\/wp\/v2\/pages"}],"about":[{"href":"https:\/\/cecbll.cat\/espaicomarca\/wp-json\/wp\/v2\/types\/page"}],"author":[{"embeddable":true,"href":"https:\/\/cecbll.cat\/espaicomarca\/wp-json\/wp\/v2\/users\/1"}],"replies":[{"embeddable":true,"href":"https:\/\/cecbll.cat\/espaicomarca\/wp-json\/wp\/v2\/comments?post=996"}],"version-history":[{"count":1,"href":"https:\/\/cecbll.cat\/espaicomarca\/wp-json\/wp\/v2\/pages\/996\/revisions"}],"predecessor-version":[{"id":998,"href":"https:\/\/cecbll.cat\/espaicomarca\/wp-json\/wp\/v2\/pages\/996\/revisions\/998"}],"wp:featuredmedia":[{"embeddable":true,"href":"https:\/\/cecbll.cat\/espaicomarca\/wp-json\/wp\/v2\/media\/997"}],"wp:attachment":[{"href":"https:\/\/cecbll.cat\/espaicomarca\/wp-json\/wp\/v2\/media?parent=996"}],"curies":[{"name":"wp","href":"https:\/\/api.w.org\/{rel}","templated":true}]}}