{"id":990,"date":"2017-01-13T11:36:05","date_gmt":"2017-01-13T11:36:05","guid":{"rendered":"http:\/\/cecbll.cat\/espaicomarca\/?page_id=990"},"modified":"2017-01-13T11:36:05","modified_gmt":"2017-01-13T11:36:05","slug":"castell-de-cornella","status":"publish","type":"page","link":"https:\/\/cecbll.cat\/espaicomarca\/castell-de-cornella\/","title":{"rendered":"Castell de Cornell\u00e0"},"content":{"rendered":"<p><strong>Carrer Moss\u00e8n Jacint Verdaguer s\/n\u00fam. Cornell\u00e0 de Llobregat<\/strong><\/p>\n<p>El Castell de Cornell\u00e0 \u00e9s un dels edificis emblem\u00e0tics de la ciutat. Es tracta d&#8217;un gran casal g\u00f2tic, constru\u00eft i reformat en diverses \u00e8poques. Est\u00e0 estrat\u00e8gicament situat al capdamunt d&#8217;un petit tur\u00f3 des del qual es t\u00e9 una bona visi\u00f3 del Llobregat en el seu tram final, de Sant Boi a l&#8217;altra ribera del riu i antigament, de les principals vies d&#8217;acc\u00e9s a la ciutat.<\/p>\n<p>Les diferents excavacions arqueol\u00f2giques realitzades a Cornell\u00e0 ens permeten concloure que va existir un poblament continuat a la nostra ciutat entre l&#8217;\u00e8poca de dominaci\u00f3 romana i l&#8217;edat mitjana, situat a la zona que s&#8217;est\u00e9n entre l&#8217;esgl\u00e9sia de Santa Maria i el castell.<\/p>\n<p>En la documentaci\u00f3 dels segles XI &#8211; XII es parla d&#8217;una torre defensiva &#8220;in locum Cornelianus&#8221;, sense especificar la ubicaci\u00f3.\u00a0L&#8217;estructura que es conserva avui t\u00e9 el seu origen a finals del segle XIII, principi del XIV, com a centre d&#8217;una gran propietat, de la que possiblement foren els primers titulars la fam\u00edlia Cornell\u00e0, coneguda tamb\u00e9 amb el nom de Castellvell.<\/p>\n<p>El castell de Cornell\u00e0 \u00e9s de planta quadrada, articulada entorn d&#8217;un pati central, amb una torre a cada angle. \u00c9s constru\u00eft amb pedra natural, a la base i a les torres, i tapial (terra pastada), a la resta.<br \/>\nEls escassos documents i investigacions sobre la seva hist\u00f2ria fan dif\u00edcil discernir i identificar els diversos elements arquitect\u00f2nics que s&#8217;han sobreposat al llarg dels segles.<\/p>\n","protected":false},"excerpt":{"rendered":"<p>Carrer Moss\u00e8n Jacint Verdaguer s\/n\u00fam. Cornell\u00e0 de Llobregat El Castell de Cornell\u00e0 \u00e9s un dels edificis emblem\u00e0tics de la ciutat. [&hellip;]<\/p>\n","protected":false},"author":1,"featured_media":991,"parent":0,"menu_order":0,"comment_status":"closed","ping_status":"closed","template":"","meta":{"footnotes":"","_links_to":"","_links_to_target":""},"class_list":["post-990","page","type-page","status-publish","has-post-thumbnail","hentry"],"_links":{"self":[{"href":"https:\/\/cecbll.cat\/espaicomarca\/wp-json\/wp\/v2\/pages\/990","targetHints":{"allow":["GET"]}}],"collection":[{"href":"https:\/\/cecbll.cat\/espaicomarca\/wp-json\/wp\/v2\/pages"}],"about":[{"href":"https:\/\/cecbll.cat\/espaicomarca\/wp-json\/wp\/v2\/types\/page"}],"author":[{"embeddable":true,"href":"https:\/\/cecbll.cat\/espaicomarca\/wp-json\/wp\/v2\/users\/1"}],"replies":[{"embeddable":true,"href":"https:\/\/cecbll.cat\/espaicomarca\/wp-json\/wp\/v2\/comments?post=990"}],"version-history":[{"count":1,"href":"https:\/\/cecbll.cat\/espaicomarca\/wp-json\/wp\/v2\/pages\/990\/revisions"}],"predecessor-version":[{"id":992,"href":"https:\/\/cecbll.cat\/espaicomarca\/wp-json\/wp\/v2\/pages\/990\/revisions\/992"}],"wp:featuredmedia":[{"embeddable":true,"href":"https:\/\/cecbll.cat\/espaicomarca\/wp-json\/wp\/v2\/media\/991"}],"wp:attachment":[{"href":"https:\/\/cecbll.cat\/espaicomarca\/wp-json\/wp\/v2\/media?parent=990"}],"curies":[{"name":"wp","href":"https:\/\/api.w.org\/{rel}","templated":true}]}}