{"id":966,"date":"2017-01-11T13:11:53","date_gmt":"2017-01-11T13:11:53","guid":{"rendered":"http:\/\/cecbll.cat\/espaicomarca\/?page_id=966"},"modified":"2017-01-11T13:11:53","modified_gmt":"2017-01-11T13:11:53","slug":"parc-de-la-molinada","status":"publish","type":"page","link":"https:\/\/cecbll.cat\/espaicomarca\/parc-de-la-molinada\/","title":{"rendered":"Parc de la Molinada"},"content":{"rendered":"<p><strong>Avinguda Prat de la Riba, 27. Pallej\u00e0<\/strong><\/p>\n<p>Al municipi de Pallej\u00e0, els &#8216;Horts de Baix&#8217;, eren petites extensions de terreny a la vora del riu Llobregat, on els ve\u00efns de la poblaci\u00f3 hi plantaven hortalisses i algun arbre fruiter. Curiosament no s\u2019abastien del riu sin\u00f3 que es regaven mitjan\u00e7ant un sistema de reg conegut com &#8216;la molinada&#8217;: l\u2019aigua baixava des d\u2019un mol\u00ed situat davant d\u2019una bassa al capdamunt del poble i que est\u00e0 documentat des del segle XVI. \u00c9s en aquestes terres on, a les acaballes del segle XIX, el doctor Josep Tarruella va encarregar la construcci\u00f3 d\u2019una bonica casa de tres plantes d\u2019estil cl\u00e0ssic amb una imponent torre i uns jardins elegants on no hi faltaven pl\u00e0tans, washingt\u00f2nies, exemplars de pi pinyer, castanyers d\u2019\u00cdndia o til\u00b7lers.<\/p>\n<p>Actualment, la Molinada \u00e9s un parc petit, que ocupa l&#8217;espai de la casa, els jardins i els antics horts dels Tarruella. La casa i el que resta dels jardins que l&#8217;envoltaven s\u00f3n a la part alta on, expressament, s&#8217;ha obert el tancament de la finca per facilitar el contacte amb l&#8217;\u00e0mbit del castell de Pallej\u00e0, situat just al davant. Per la banda de baix, el Parc tamb\u00e9 \u00e9s obert, amb acc\u00e9s des de qualsevol punt per una vorera-passeig, que el connecta amb l&#8217;entorn urb\u00e0.<\/p>\n","protected":false},"excerpt":{"rendered":"<p>Avinguda Prat de la Riba, 27. Pallej\u00e0 Al municipi de Pallej\u00e0, els &#8216;Horts de Baix&#8217;, eren petites extensions de terreny [&hellip;]<\/p>\n","protected":false},"author":1,"featured_media":953,"parent":0,"menu_order":0,"comment_status":"closed","ping_status":"closed","template":"","meta":{"footnotes":"","_links_to":"","_links_to_target":""},"class_list":["post-966","page","type-page","status-publish","has-post-thumbnail","hentry"],"_links":{"self":[{"href":"https:\/\/cecbll.cat\/espaicomarca\/wp-json\/wp\/v2\/pages\/966","targetHints":{"allow":["GET"]}}],"collection":[{"href":"https:\/\/cecbll.cat\/espaicomarca\/wp-json\/wp\/v2\/pages"}],"about":[{"href":"https:\/\/cecbll.cat\/espaicomarca\/wp-json\/wp\/v2\/types\/page"}],"author":[{"embeddable":true,"href":"https:\/\/cecbll.cat\/espaicomarca\/wp-json\/wp\/v2\/users\/1"}],"replies":[{"embeddable":true,"href":"https:\/\/cecbll.cat\/espaicomarca\/wp-json\/wp\/v2\/comments?post=966"}],"version-history":[{"count":1,"href":"https:\/\/cecbll.cat\/espaicomarca\/wp-json\/wp\/v2\/pages\/966\/revisions"}],"predecessor-version":[{"id":967,"href":"https:\/\/cecbll.cat\/espaicomarca\/wp-json\/wp\/v2\/pages\/966\/revisions\/967"}],"wp:featuredmedia":[{"embeddable":true,"href":"https:\/\/cecbll.cat\/espaicomarca\/wp-json\/wp\/v2\/media\/953"}],"wp:attachment":[{"href":"https:\/\/cecbll.cat\/espaicomarca\/wp-json\/wp\/v2\/media?parent=966"}],"curies":[{"name":"wp","href":"https:\/\/api.w.org\/{rel}","templated":true}]}}