{"id":960,"date":"2017-01-11T13:07:03","date_gmt":"2017-01-11T13:07:03","guid":{"rendered":"http:\/\/cecbll.cat\/espaicomarca\/?page_id=960"},"modified":"2017-01-11T13:07:03","modified_gmt":"2017-01-11T13:07:03","slug":"parc-de-can-vidalet","status":"publish","type":"page","link":"https:\/\/cecbll.cat\/espaicomarca\/parc-de-can-vidalet\/","title":{"rendered":"Parc de Can Vidalet"},"content":{"rendered":"<p><strong>Barri Can Vidalet. Esplugues de Llobregat\u00a0<\/strong><\/p>\n<p>El\u00a0<strong>Parc de Can Vidalet<\/strong>\u00a0est\u00e0 situat al terme municipal d&#8217;Esplugues de Llobregat. L&#8217;indret on es troba el\u00a0parc, a la part baixa d&#8217;Esplugues, molt a prop del l\u00edmit amb l&#8217;Hospitalet, havia estat, fins als anys 50, una zona de terres f\u00e8rtils dedicades principalment a conreus de sec\u00e0. El proc\u00e9s d&#8217;industrialitzaci\u00f3, amb la conseg\u00fcent arribada de poblaci\u00f3 immigrada, va comportar una radical transformaci\u00f3 del paisatge.<strong>\u00a0<\/strong><\/p>\n<p>Can Vidalet,\u00a0\u00e9s un dels jardins hist\u00f2rics m\u00e9s emblem\u00e0tics de la xarxa de parcs metropolitans i l&#8217;espai verd urb\u00e0 m\u00e9s important d\u2019Esplugues de Llobregat. A m\u00e9s de l&#8217;atractiu que comparteix amb qualsevol altre parc de ser un indret per al rep\u00f2s, el lleure i l&#8217;apropament a la natura, n&#8217;ofereix un de suplementari ben particular, la possibilitat de poder gaudir i aprendre dels valuosos elements antics que guarda gelosament (el palauet, el llac, l&#8217;estany, el safareig, la vegetaci\u00f3, etc.) i de la seva caracter\u00edstica organitzaci\u00f3 de l&#8217;espai. Aquesta tipologia de jard\u00ed combina dissenys geom\u00e8trics, prop de les cases, amb la vegetaci\u00f3, gaireb\u00e9 espont\u00e0nia, sobre un relleu creat artificialment que pret\u00e9n imitar el paisatge natural. L&#8217;aigua \u00e9s un element fonamental, distribu\u00efda fins als \u00faltims racons per una xarxa de petits canals, cascades i sortidors aporten el so al conjunt visual.<\/p>\n<p>&nbsp;<\/p>\n<p><strong>HORARI\u00a0<\/strong><strong><br \/>\n<\/strong>De novembre a mar\u00e7 de 8 a19 h<br \/>\nAbril, maig i octubre de 8 a 20 h<br \/>\nJuny i setembre de 8 a 21 h<br \/>\nJuliol i agost de 8 a 22 h<\/p>\n","protected":false},"excerpt":{"rendered":"<p>Barri Can Vidalet. Esplugues de Llobregat\u00a0 El\u00a0Parc de Can Vidalet\u00a0est\u00e0 situat al terme municipal d&#8217;Esplugues de Llobregat. L&#8217;indret on es [&hellip;]<\/p>\n","protected":false},"author":1,"featured_media":956,"parent":0,"menu_order":0,"comment_status":"closed","ping_status":"closed","template":"","meta":{"footnotes":"","_links_to":"","_links_to_target":""},"class_list":["post-960","page","type-page","status-publish","has-post-thumbnail","hentry"],"_links":{"self":[{"href":"https:\/\/cecbll.cat\/espaicomarca\/wp-json\/wp\/v2\/pages\/960","targetHints":{"allow":["GET"]}}],"collection":[{"href":"https:\/\/cecbll.cat\/espaicomarca\/wp-json\/wp\/v2\/pages"}],"about":[{"href":"https:\/\/cecbll.cat\/espaicomarca\/wp-json\/wp\/v2\/types\/page"}],"author":[{"embeddable":true,"href":"https:\/\/cecbll.cat\/espaicomarca\/wp-json\/wp\/v2\/users\/1"}],"replies":[{"embeddable":true,"href":"https:\/\/cecbll.cat\/espaicomarca\/wp-json\/wp\/v2\/comments?post=960"}],"version-history":[{"count":1,"href":"https:\/\/cecbll.cat\/espaicomarca\/wp-json\/wp\/v2\/pages\/960\/revisions"}],"predecessor-version":[{"id":961,"href":"https:\/\/cecbll.cat\/espaicomarca\/wp-json\/wp\/v2\/pages\/960\/revisions\/961"}],"wp:featuredmedia":[{"embeddable":true,"href":"https:\/\/cecbll.cat\/espaicomarca\/wp-json\/wp\/v2\/media\/956"}],"wp:attachment":[{"href":"https:\/\/cecbll.cat\/espaicomarca\/wp-json\/wp\/v2\/media?parent=960"}],"curies":[{"name":"wp","href":"https:\/\/api.w.org\/{rel}","templated":true}]}}