{"id":958,"date":"2017-01-11T13:04:26","date_gmt":"2017-01-11T13:04:26","guid":{"rendered":"http:\/\/cecbll.cat\/espaicomarca\/?page_id=958"},"modified":"2017-01-11T13:04:33","modified_gmt":"2017-01-11T13:04:33","slug":"el-parc-de-can-mercader","status":"publish","type":"page","link":"https:\/\/cecbll.cat\/espaicomarca\/el-parc-de-can-mercader\/","title":{"rendered":"El parc de Can Mercader"},"content":{"rendered":"<p><strong>Carretera Hospitalet, 137. Cornell\u00e0 de Llobregat\u00a0<\/strong><\/p>\n<p>El parc de Can Mercader, prov\u00e9 d&#8217;una antiga hisenda agr\u00edcola, corresponent a la masia anomenada Mas Oriol de l&#8217;Empedrat, de la qual hi ha not\u00edcies documentals des de finals de l\u2019edat mitjana.<\/p>\n<p>Aquest parc es va crear amb l&#8217;enjardinament de la zona que envoltava el Palauet de Cal Mercader en els anys immediatament posteriors a la seva construcci\u00f3 (palau 1865, parc 1870)<\/p>\n<p>L&#8217;avinguda dels pl\u00e0tans \u00e9s l&#8217;eix principal del parc, el travessa de sud a nord. A la part m\u00e9s baixa hi ha la gran esplanada de jocs amb el trenet. M\u00e9s amunt, el llac, els jardins amb glorietes i miradors, els camins, les zones d&#8217;estada i la piscina. A la part central trobem una antiga estructura de terrasses i jardins que inclou les dues peces emblem\u00e0tiques del parc: el palau i la plataneda.<\/p>\n<p>El parc que envolta el Palau de Cal Mercader \u00e9s el resultat de l&#8217;enjardinament de les terres que pertanyien a l&#8217;heretat des de m\u00e9s d&#8217;un segle abans, \u00e9s el tipus de jard\u00ed angl\u00e8s, \u00e9s a dir, la creaci\u00f3 d&#8217;un paisatge &#8220;real&#8221; curosament estudiat; si b\u00e9 amb la variant que la frondositat de la interessant col\u00b7lecci\u00f3 d&#8217;arbres i arbusts d&#8217;esp\u00e8cies d&#8217;arreu del m\u00f3n est\u00e0 dividida en glacis per a facilitar el passeig, si b\u00e9 s\u00f3n tant estudiadament irregulars que la sensaci\u00f3 \u00f2ptica \u00e9s en tot moment &#8220;natural&#8221;.<\/p>\n<p>A l\u2019interior del parc, hi ha el Palauet de Cal Mercader, amb una important col\u00b7lecci\u00f3 de mobiliari dels segles XVIII i XIX i la casa dels masovers o del gu\u00e0rdia, t\u00edpicament modernista.<\/p>\n<p>Al parc se celebren la Jordiada (a l&#8217;abril), la Festa galega (al juny), la Festa del trenet (a l&#8217;octubre), diverses Nits d&#8217;estiu els divendres de juliol, visites guiades al\u00a0Museu Palau Mercader\u00a0i diverses activitats per a escolars.<\/p>\n","protected":false},"excerpt":{"rendered":"<p>Carretera Hospitalet, 137. Cornell\u00e0 de Llobregat\u00a0 El parc de Can Mercader, prov\u00e9 d&#8217;una antiga hisenda agr\u00edcola, corresponent a la masia [&hellip;]<\/p>\n","protected":false},"author":1,"featured_media":957,"parent":0,"menu_order":0,"comment_status":"closed","ping_status":"closed","template":"","meta":{"footnotes":"","_links_to":"","_links_to_target":""},"class_list":["post-958","page","type-page","status-publish","has-post-thumbnail","hentry"],"_links":{"self":[{"href":"https:\/\/cecbll.cat\/espaicomarca\/wp-json\/wp\/v2\/pages\/958","targetHints":{"allow":["GET"]}}],"collection":[{"href":"https:\/\/cecbll.cat\/espaicomarca\/wp-json\/wp\/v2\/pages"}],"about":[{"href":"https:\/\/cecbll.cat\/espaicomarca\/wp-json\/wp\/v2\/types\/page"}],"author":[{"embeddable":true,"href":"https:\/\/cecbll.cat\/espaicomarca\/wp-json\/wp\/v2\/users\/1"}],"replies":[{"embeddable":true,"href":"https:\/\/cecbll.cat\/espaicomarca\/wp-json\/wp\/v2\/comments?post=958"}],"version-history":[{"count":1,"href":"https:\/\/cecbll.cat\/espaicomarca\/wp-json\/wp\/v2\/pages\/958\/revisions"}],"predecessor-version":[{"id":959,"href":"https:\/\/cecbll.cat\/espaicomarca\/wp-json\/wp\/v2\/pages\/958\/revisions\/959"}],"wp:featuredmedia":[{"embeddable":true,"href":"https:\/\/cecbll.cat\/espaicomarca\/wp-json\/wp\/v2\/media\/957"}],"wp:attachment":[{"href":"https:\/\/cecbll.cat\/espaicomarca\/wp-json\/wp\/v2\/media?parent=958"}],"curies":[{"name":"wp","href":"https:\/\/api.w.org\/{rel}","templated":true}]}}