{"id":940,"date":"2017-01-11T12:02:26","date_gmt":"2017-01-11T12:02:26","guid":{"rendered":"http:\/\/cecbll.cat\/espaicomarca\/?page_id=940"},"modified":"2017-01-11T12:03:01","modified_gmt":"2017-01-11T12:03:01","slug":"termes-romanes","status":"publish","type":"page","link":"https:\/\/cecbll.cat\/espaicomarca\/termes-romanes\/","title":{"rendered":"Termes Romanes"},"content":{"rendered":"<p><strong>Avinguda Maria Girona, cantonada carrer Hospital. Sant Boi de Llobregat<\/strong><\/p>\n<p>Les\u00a0termes romanes de Sant Boi\u00a0s\u00f3n un conjunt de cambres de bany dotades d\u2019un sofisticat sistema de calefacci\u00f3. A les\u00a0termes p\u00fabliques\u00a0hi tenien lloc, a banda del bany, activitats com l\u2019esport, tractaments d\u2019est\u00e8tica, el joc o negocis. Les termes romanes de Sant Boi eren privades i formaven part de l\u2019\u00e0mbit dom\u00e8stic d\u2019una vila romana.<\/p>\n<p>Aquestes termes estaven formades per dos cossos d\u2019edificaci\u00f3 paral\u00b7lels: L\u2019un contenia les cambres fredes: l\u2019apodyterium o el vestidor, el\u00a0frigidarium\u00a0o sala freda i la\u00a0cella piscinalis\u00a0(piscina d\u2019aigua freda). L\u2019altre albergava les cambres calentes:\u00a0tepidarium\u00a0o sala t\u00e8bia, sudatorium\u00a0o sala de bany de vapor i\u00a0caldarium\u00a0o sala de bany calent.<\/p>\n<p>Poc despr\u00e9s del seu descobriment, el 1953, es duen a terme diverses intervencions per part de la Diputaci\u00f3 de Barcelona, ja que havien sigut demanades per l\u2019Ajuntament. \u00c9s aleshores quan es fan les primeres consolidacions i restauracions a l\u2019edifici, dutes a terme entre el 1956 i el 1975 pel Servei de Catalogaci\u00f3 i Conservaci\u00f3 de Monuments.<\/p>\n<p>Hi ha una segona fase de treballs, iniciada el 1989, els quals van desvetllar la data de fundaci\u00f3 del monument, cap al 200 dC, que la podem relacionar amb conjunts termals coetanis dels Balcans i del curs baix del Danubi, cosa que va demostrar, una vegada m\u00e9s, l\u2019extraordin\u00e0ria flu\u00efdesa de la circulaci\u00f3 d\u2019homes i d\u2019idees a trav\u00e9s de l\u2019Imperi Rom\u00e0.<\/p>\n<p>&nbsp;<\/p>\n<p><strong>HORARIS<\/strong><br \/>\nDivendres de 17 a 20 h<br \/>\nDissabtes de 11 a 14 i de 17 a 20 h<br \/>\nDiumenges de 11 a 14 h<\/p>\n<p><strong>PREUS<\/strong><br \/>\nVisita a les Termes Romanes: 1 \u20ac<br \/>\nTicket 3 x 1 d\u2019acc\u00e9s als 3 espais muse\u00edstics: 3 \u20ac<\/p>\n<p><em>Descomptes<\/em><br \/>\nDel 50%: estudiants, membres d\u2019entitats culturals i d\u2019associacions socioculturals i professionals.<br \/>\nEntrada gratu\u00efta: Tots els primers diumenges de mes, menors de 12 anys, majors de 65 anys i membres de l\u2019ICOM.<\/p>\n<p><strong>COM ARRIBAR-HI<\/strong><br \/>\nFGC: Estaci\u00f3 FGC Sant Boi. L\u00ednies S8, S33, R5<\/p>\n","protected":false},"excerpt":{"rendered":"<p>Avinguda Maria Girona, cantonada carrer Hospital. Sant Boi de Llobregat Les\u00a0termes romanes de Sant Boi\u00a0s\u00f3n un conjunt de cambres de [&hellip;]<\/p>\n","protected":false},"author":1,"featured_media":942,"parent":0,"menu_order":0,"comment_status":"closed","ping_status":"closed","template":"","meta":{"footnotes":"","_links_to":"","_links_to_target":""},"class_list":["post-940","page","type-page","status-publish","has-post-thumbnail","hentry"],"_links":{"self":[{"href":"https:\/\/cecbll.cat\/espaicomarca\/wp-json\/wp\/v2\/pages\/940","targetHints":{"allow":["GET"]}}],"collection":[{"href":"https:\/\/cecbll.cat\/espaicomarca\/wp-json\/wp\/v2\/pages"}],"about":[{"href":"https:\/\/cecbll.cat\/espaicomarca\/wp-json\/wp\/v2\/types\/page"}],"author":[{"embeddable":true,"href":"https:\/\/cecbll.cat\/espaicomarca\/wp-json\/wp\/v2\/users\/1"}],"replies":[{"embeddable":true,"href":"https:\/\/cecbll.cat\/espaicomarca\/wp-json\/wp\/v2\/comments?post=940"}],"version-history":[{"count":2,"href":"https:\/\/cecbll.cat\/espaicomarca\/wp-json\/wp\/v2\/pages\/940\/revisions"}],"predecessor-version":[{"id":943,"href":"https:\/\/cecbll.cat\/espaicomarca\/wp-json\/wp\/v2\/pages\/940\/revisions\/943"}],"wp:featuredmedia":[{"embeddable":true,"href":"https:\/\/cecbll.cat\/espaicomarca\/wp-json\/wp\/v2\/media\/942"}],"wp:attachment":[{"href":"https:\/\/cecbll.cat\/espaicomarca\/wp-json\/wp\/v2\/media?parent=940"}],"curies":[{"name":"wp","href":"https:\/\/api.w.org\/{rel}","templated":true}]}}