{"id":933,"date":"2017-01-11T11:57:22","date_gmt":"2017-01-11T11:57:22","guid":{"rendered":"http:\/\/cecbll.cat\/espaicomarca\/?page_id=933"},"modified":"2017-01-11T12:38:05","modified_gmt":"2017-01-11T12:38:05","slug":"la-masia-museu-de-palleja","status":"publish","type":"page","link":"https:\/\/cecbll.cat\/espaicomarca\/la-masia-museu-de-palleja\/","title":{"rendered":"La Masia Museu de Pallej\u00e0"},"content":{"rendered":"<p><strong>Pla\u00e7a Verdaguer, 5. PALLEJ\u00c0<\/strong><\/p>\n<p>La Masia Museu est\u00e0 situada a ca l\u2019Albareda de la pla\u00e7a, masia constru\u00efda l\u2019any 1615 sobre una casa anterior, que despr\u00e9s ha tingut diverses modificacions al llarg dels segles XVIII i XIX. Els seus propietaris, la fam\u00edlia Albareda, van ser pagesos emfiteutes benestants, posse\u00efdors d\u2019altres masos i terres de conreu diverses. Eren productors de vi, oli, blat, s\u00e8gol i altres cereals, fruita, etc.<\/p>\n<p>La masia forma part del nucli urb\u00e0 de la poblaci\u00f3. En aquest indret de la pla\u00e7a Verdaguer, la vella masia ha vist transc\u00f3rrer la vida pallejanenca al llarg de quatre segles. Tamb\u00e9 ha viscut la transformaci\u00f3 del poble durant els segles XVIII i XIX i la gran expansi\u00f3 del segle XX. Juntament amb dues cases m\u00e9s, a m\u00e9s de l\u2019esgl\u00e9sia parroquial i el cementiri, avui desapareguts, formaven una pla\u00e7a anomenada pla\u00e7a de la Sagrera o pla\u00e7a del Poble.<\/p>\n<p>El museu no \u00e9s tan sols una exposici\u00f3 d\u2019objectes vinculats a la hist\u00f2ria del poble, sin\u00f3 que, situats en l\u2019\u00e0mbit en qu\u00e8 s\u2019utilitzaven, aporten una visi\u00f3 etnol\u00f2gica i antropol\u00f2gica excepcional: la casa conserva amb for\u00e7a fidelitat el seu car\u00e0cter original, que, en esdevenir museu, s\u2019ha convertit en una eina de divulgaci\u00f3 del passat de Pallej\u00e0 i de les formes de la vida quotidiana pr\u00f2pies de la seva l\u2019\u00e8poca.<\/p>\n<p>&nbsp;<\/p>\n<p><strong>HORARIS<\/strong><br \/>\nDiumenges, de 12 a 14 hores, excepte a l\u2019agost.<br \/>\nVisites concertades per a grups, pr\u00e8via reserva.<br \/>\nTel\u00e8fon: 93 663 22 55<\/p>\n","protected":false},"excerpt":{"rendered":"<p>Pla\u00e7a Verdaguer, 5. PALLEJ\u00c0 La Masia Museu est\u00e0 situada a ca l\u2019Albareda de la pla\u00e7a, masia constru\u00efda l\u2019any 1615 sobre [&hellip;]<\/p>\n","protected":false},"author":1,"featured_media":934,"parent":0,"menu_order":0,"comment_status":"closed","ping_status":"closed","template":"","meta":{"footnotes":"","_links_to":"","_links_to_target":""},"class_list":["post-933","page","type-page","status-publish","has-post-thumbnail","hentry"],"_links":{"self":[{"href":"https:\/\/cecbll.cat\/espaicomarca\/wp-json\/wp\/v2\/pages\/933","targetHints":{"allow":["GET"]}}],"collection":[{"href":"https:\/\/cecbll.cat\/espaicomarca\/wp-json\/wp\/v2\/pages"}],"about":[{"href":"https:\/\/cecbll.cat\/espaicomarca\/wp-json\/wp\/v2\/types\/page"}],"author":[{"embeddable":true,"href":"https:\/\/cecbll.cat\/espaicomarca\/wp-json\/wp\/v2\/users\/1"}],"replies":[{"embeddable":true,"href":"https:\/\/cecbll.cat\/espaicomarca\/wp-json\/wp\/v2\/comments?post=933"}],"version-history":[{"count":2,"href":"https:\/\/cecbll.cat\/espaicomarca\/wp-json\/wp\/v2\/pages\/933\/revisions"}],"predecessor-version":[{"id":946,"href":"https:\/\/cecbll.cat\/espaicomarca\/wp-json\/wp\/v2\/pages\/933\/revisions\/946"}],"wp:featuredmedia":[{"embeddable":true,"href":"https:\/\/cecbll.cat\/espaicomarca\/wp-json\/wp\/v2\/media\/934"}],"wp:attachment":[{"href":"https:\/\/cecbll.cat\/espaicomarca\/wp-json\/wp\/v2\/media?parent=933"}],"curies":[{"name":"wp","href":"https:\/\/api.w.org\/{rel}","templated":true}]}}