{"id":930,"date":"2017-01-11T11:55:18","date_gmt":"2017-01-11T11:55:18","guid":{"rendered":"http:\/\/cecbll.cat\/espaicomarca\/?page_id=930"},"modified":"2017-01-11T12:38:26","modified_gmt":"2017-01-11T12:38:26","slug":"museu-deines-del-pages","status":"publish","type":"page","link":"https:\/\/cecbll.cat\/espaicomarca\/museu-deines-del-pages\/","title":{"rendered":"Museu d\u2019Eines del Pag\u00e8s"},"content":{"rendered":"<p><strong>Esgl\u00e9sia, 20. Sant Climent de Llobregat<\/strong><\/p>\n<p>Si ning\u00fa recopil\u00e9s dades, si ning\u00fa no mantingu\u00e9s viva la mem\u00f2ria, si no mir\u00e9ssim la vida com un present que dep\u00e8n del passat i es projecta cap el futur, perdr\u00edem una part important de nosaltres mateixos, perdr\u00edem la hist\u00f2ria .<\/p>\n<p>Aix\u00f2 vol ser aquest Museu que podeu visitar a Sant Climent: una etapa de la hist\u00f2ria, i no pas llunyana, que ha precedit l&#8217;etapa actual. Si hem arribat a la Lluna \u00e9s perqu\u00e8 abans hem trepitjat la terra; si hem arribat a les m\u00e0quines m\u00e9s sofisticades \u00e9s perqu\u00e8 abans hem fet servir les mans.<\/p>\n<p>El Museu d&#8217;Eines del Pag\u00e8s es troba enclavat en les sales g\u00f2tiques de la rectoria i en el seu jard\u00ed adjacent.<\/p>\n<p>&nbsp;<\/p>\n<p><strong>HORARI DE VISITA<\/strong><br \/>\nDiumenges i festius d&#8217;11 a 2 del migdia.<br \/>\nEs poden convenir visites, fora d&#8217;aquest horari, per a grups o persones interessades al tel\u00e8fon:93 658 07 91<\/p>\n","protected":false},"excerpt":{"rendered":"<p>Esgl\u00e9sia, 20. Sant Climent de Llobregat Si ning\u00fa recopil\u00e9s dades, si ning\u00fa no mantingu\u00e9s viva la mem\u00f2ria, si no mir\u00e9ssim [&hellip;]<\/p>\n","protected":false},"author":1,"featured_media":931,"parent":0,"menu_order":0,"comment_status":"closed","ping_status":"closed","template":"","meta":{"footnotes":"","_links_to":"","_links_to_target":""},"class_list":["post-930","page","type-page","status-publish","has-post-thumbnail","hentry"],"_links":{"self":[{"href":"https:\/\/cecbll.cat\/espaicomarca\/wp-json\/wp\/v2\/pages\/930","targetHints":{"allow":["GET"]}}],"collection":[{"href":"https:\/\/cecbll.cat\/espaicomarca\/wp-json\/wp\/v2\/pages"}],"about":[{"href":"https:\/\/cecbll.cat\/espaicomarca\/wp-json\/wp\/v2\/types\/page"}],"author":[{"embeddable":true,"href":"https:\/\/cecbll.cat\/espaicomarca\/wp-json\/wp\/v2\/users\/1"}],"replies":[{"embeddable":true,"href":"https:\/\/cecbll.cat\/espaicomarca\/wp-json\/wp\/v2\/comments?post=930"}],"version-history":[{"count":2,"href":"https:\/\/cecbll.cat\/espaicomarca\/wp-json\/wp\/v2\/pages\/930\/revisions"}],"predecessor-version":[{"id":947,"href":"https:\/\/cecbll.cat\/espaicomarca\/wp-json\/wp\/v2\/pages\/930\/revisions\/947"}],"wp:featuredmedia":[{"embeddable":true,"href":"https:\/\/cecbll.cat\/espaicomarca\/wp-json\/wp\/v2\/media\/931"}],"wp:attachment":[{"href":"https:\/\/cecbll.cat\/espaicomarca\/wp-json\/wp\/v2\/media?parent=930"}],"curies":[{"name":"wp","href":"https:\/\/api.w.org\/{rel}","templated":true}]}}