{"id":927,"date":"2017-01-11T11:52:21","date_gmt":"2017-01-11T11:52:21","guid":{"rendered":"http:\/\/cecbll.cat\/espaicomarca\/?page_id=927"},"modified":"2017-01-11T12:38:59","modified_gmt":"2017-01-11T12:38:59","slug":"museu-de-la-colonia-sedo","status":"publish","type":"page","link":"https:\/\/cecbll.cat\/espaicomarca\/museu-de-la-colonia-sedo\/","title":{"rendered":"Museu de la Col\u00f2nia Sed\u00f3"},"content":{"rendered":"<p><strong>C\/ Cont\u00ednues, s\/n &#8211; \u00c0rea Industrial Can Sed\u00f3 (Esparreguera).<\/strong><\/p>\n<p>Als peus del Llobregat, gaireb\u00e9 tocant a Esparreguera, s\u2019al\u00e7a un dels principals testimonis de la hist\u00f2ria industrial de Catalunya: la\u00a0Col\u00f2nia Sed\u00f3. La\u00a0gran turbina\u00a0de 1.400 CV \u00e9s un dels grans atractius del recinte, una m\u00e0quina de ferro colat que va ser la m\u00e9s gran i potent d\u2019Espanya i una de les m\u00e9s espectaculars d\u2019Europa. Actualment ja no propulsa aigua, sin\u00f3 que s\u2019ha convertit en el\u00a0museu\u00a0que recull la hist\u00f2ria de la col\u00f2nia.<\/p>\n<p>A l\u2019antiga sala de m\u00e0quines s\u2019hi pot veure la maqueta de la col\u00f2nia, on s\u2019explica la seva hist\u00f2ria a trav\u00e9s d\u2019un muntatge de llum i so i, dins el tub de conducci\u00f3 d\u2019aigua de la turbina es projecta un\u00a0audiovisual tridimensional. La visita es completa amb una explicaci\u00f3 del sistema energ\u00e8tic que feia funcionar el complex industrial de Miquel Puig. El passeig per la col\u00f2nia permet copsar la\u00a0vida social\u00a0i el\u00a0proc\u00e9s productiu\u00a0d\u2019un \u2018petit poble\u2019 on els telers convivien amb els treballadors.<strong>\u00a0<\/strong><\/p>\n<p>&nbsp;<\/p>\n<p><strong>OBERT AL P\u00daBLIC<\/strong><br \/>\nDijous, de les 10 del mat\u00ed a les 2 del migdia. Pr\u00e8via concertaci\u00f3 al tel\u00e8fon 93 789 22 44.<\/p>\n","protected":false},"excerpt":{"rendered":"<p>C\/ Cont\u00ednues, s\/n &#8211; \u00c0rea Industrial Can Sed\u00f3 (Esparreguera). Als peus del Llobregat, gaireb\u00e9 tocant a Esparreguera, s\u2019al\u00e7a un dels [&hellip;]<\/p>\n","protected":false},"author":1,"featured_media":928,"parent":0,"menu_order":0,"comment_status":"closed","ping_status":"closed","template":"","meta":{"footnotes":"","_links_to":"","_links_to_target":""},"class_list":["post-927","page","type-page","status-publish","has-post-thumbnail","hentry"],"_links":{"self":[{"href":"https:\/\/cecbll.cat\/espaicomarca\/wp-json\/wp\/v2\/pages\/927","targetHints":{"allow":["GET"]}}],"collection":[{"href":"https:\/\/cecbll.cat\/espaicomarca\/wp-json\/wp\/v2\/pages"}],"about":[{"href":"https:\/\/cecbll.cat\/espaicomarca\/wp-json\/wp\/v2\/types\/page"}],"author":[{"embeddable":true,"href":"https:\/\/cecbll.cat\/espaicomarca\/wp-json\/wp\/v2\/users\/1"}],"replies":[{"embeddable":true,"href":"https:\/\/cecbll.cat\/espaicomarca\/wp-json\/wp\/v2\/comments?post=927"}],"version-history":[{"count":2,"href":"https:\/\/cecbll.cat\/espaicomarca\/wp-json\/wp\/v2\/pages\/927\/revisions"}],"predecessor-version":[{"id":948,"href":"https:\/\/cecbll.cat\/espaicomarca\/wp-json\/wp\/v2\/pages\/927\/revisions\/948"}],"wp:featuredmedia":[{"embeddable":true,"href":"https:\/\/cecbll.cat\/espaicomarca\/wp-json\/wp\/v2\/media\/928"}],"wp:attachment":[{"href":"https:\/\/cecbll.cat\/espaicomarca\/wp-json\/wp\/v2\/media?parent=927"}],"curies":[{"name":"wp","href":"https:\/\/api.w.org\/{rel}","templated":true}]}}