{"id":924,"date":"2017-01-11T11:50:17","date_gmt":"2017-01-11T11:50:17","guid":{"rendered":"http:\/\/cecbll.cat\/espaicomarca\/?page_id=924"},"modified":"2017-01-11T12:39:20","modified_gmt":"2017-01-11T12:39:20","slug":"parc-arqueologic-mines-de-gava","status":"publish","type":"page","link":"https:\/\/cecbll.cat\/espaicomarca\/parc-arqueologic-mines-de-gava\/","title":{"rendered":"Parc Arqueol\u00f2gic Mines de Gav\u00e0"},"content":{"rendered":"<p><strong>Jaume I, 7. Gav\u00e0<\/strong><\/p>\n<p>El jaciment arqueol\u00f2gic de les\u00a0<strong>Mines Prehist\u00f2riques de Gav\u00e0<\/strong>, tamb\u00e9 conegudes com a Mines de Can Tintorer, \u00e9s un jaciment\u00a0neol\u00edtic\u00a0que ocupa les zones de Can Tintorer, les Ferreres i Rocabruna del municipi de Gav\u00e0. Es tracta del conjunt de\u00a0mines\u00a0en galeria m\u00e9s extens i antic d\u2019Europa i l\u2019\u00fanic neol\u00edtic dedicat a l\u2019extracci\u00f3 de\u00a0variscita, un mineral de color verd utilitzat per elaborar ornaments corporals. T\u00e9 una extensi\u00f3 de 200\u00a0hect\u00e0rees\u00a0on s\u2019han localitzat m\u00e9s d\u2019un centenar de mines, sense descartar que n\u2019hi hagi m\u00e9s.\u00a0Durant les \u00e8poques\u00a0ib\u00e8rica\u00a0i romana i durant l\u2019edat mitjana les mines es tornen a explotar per obtenir mineral de ferro.<\/p>\n<p>El 1996 el jaciment va ser declarat\u00a0B\u00e9 Cultural d\u2019Inter\u00e8s Nacional.\u00a0El\u00a0Museu de Gav\u00e0\u00a0acull les restes trobades i exposa les peces m\u00e9s singulars, com la\u00a0Venus de Gav\u00e0\u00a0o el crani\u00a0trepanat.<\/p>\n<p>&nbsp;<\/p>\n<p><strong>HORARI PARC<\/strong><br \/>\nHivern (16\/9-15\/6) estiu (16\/6-15\/9) Dilluns a divendres 10 a 18 hores 10 a 19 hores Dissabte 10 a 19 hores 10 a 19 hores Diumenges i festius 10 a 14,30 hores 10 a 14,30\u00a0hores Tancat els dies 1 i 6 de gener,<br \/>\n24 de juny i 25 i 26 de desembre<\/p>\n<p><strong>PREUS<\/strong><br \/>\nP\u00fablic general: 7,50\u20ac<br \/>\nEntrada familiar 2 adults\u00a0i 1 infant: 15,80\u20ac<br \/>\n2 adults\u00a0i 2 infants: 17,60\u20ac<br \/>\n2 adults\u00a0i 3 o\u00a0m\u00e9s infants: 19,40\u20ac<\/p>\n<p>&nbsp;<\/p>\n<p><a href=\"http:\/\/www.parcarqueologic.cat\/\">www.parcarqueologic.cat<\/a><\/p>\n","protected":false},"excerpt":{"rendered":"<p>Jaume I, 7. Gav\u00e0 El jaciment arqueol\u00f2gic de les\u00a0Mines Prehist\u00f2riques de Gav\u00e0, tamb\u00e9 conegudes com a Mines de Can Tintorer, [&hellip;]<\/p>\n","protected":false},"author":1,"featured_media":925,"parent":0,"menu_order":0,"comment_status":"closed","ping_status":"closed","template":"","meta":{"footnotes":"","_links_to":"","_links_to_target":""},"class_list":["post-924","page","type-page","status-publish","has-post-thumbnail","hentry"],"_links":{"self":[{"href":"https:\/\/cecbll.cat\/espaicomarca\/wp-json\/wp\/v2\/pages\/924","targetHints":{"allow":["GET"]}}],"collection":[{"href":"https:\/\/cecbll.cat\/espaicomarca\/wp-json\/wp\/v2\/pages"}],"about":[{"href":"https:\/\/cecbll.cat\/espaicomarca\/wp-json\/wp\/v2\/types\/page"}],"author":[{"embeddable":true,"href":"https:\/\/cecbll.cat\/espaicomarca\/wp-json\/wp\/v2\/users\/1"}],"replies":[{"embeddable":true,"href":"https:\/\/cecbll.cat\/espaicomarca\/wp-json\/wp\/v2\/comments?post=924"}],"version-history":[{"count":2,"href":"https:\/\/cecbll.cat\/espaicomarca\/wp-json\/wp\/v2\/pages\/924\/revisions"}],"predecessor-version":[{"id":949,"href":"https:\/\/cecbll.cat\/espaicomarca\/wp-json\/wp\/v2\/pages\/924\/revisions\/949"}],"wp:featuredmedia":[{"embeddable":true,"href":"https:\/\/cecbll.cat\/espaicomarca\/wp-json\/wp\/v2\/media\/925"}],"wp:attachment":[{"href":"https:\/\/cecbll.cat\/espaicomarca\/wp-json\/wp\/v2\/media?parent=924"}],"curies":[{"name":"wp","href":"https:\/\/api.w.org\/{rel}","templated":true}]}}