{"id":918,"date":"2017-01-11T11:45:23","date_gmt":"2017-01-11T11:45:23","guid":{"rendered":"http:\/\/cecbll.cat\/espaicomarca\/?page_id=918"},"modified":"2017-01-11T12:39:39","modified_gmt":"2017-01-11T12:39:39","slug":"museu-de-les-matematiques-de-catalunya","status":"publish","type":"page","link":"https:\/\/cecbll.cat\/espaicomarca\/museu-de-les-matematiques-de-catalunya\/","title":{"rendered":"Museu de les Matem\u00e0tiques de Catalunya"},"content":{"rendered":"<p><strong>Museu Palau Can Mercader (2a planta)<\/strong><br \/>\n<strong>Parc de Can Mercader. <\/strong>Ctra. de l&#8217;Hospitalet, s\/n. Cornell\u00e0 de Llobregat<\/p>\n<p>El projecte del MMACA pret\u00e9n atendre tant els aspectes l\u00fadics i culturals com les aplicacions de les matem\u00e0tiques amb rigor i amb qualitat, i es veu potenciat gr\u00e0cies a que les matem\u00e0tiques a Catalunya compten amb una \u00e0mplia base de professionals, for\u00e7a organitzats, innovadors i actius, i amb un gran ventall de persones que hi estan en contacte.<\/p>\n<p>El fet que no existeixi cap museu de matem\u00e0tiques a Catalunya ni a l\u2019Estat Espanyol, permet que aquest projecte representi una gran oportunitat per aglutinar, cohesionar, promocionar i vertebrar un aspecte clau per al futur del pa\u00eds: el paper i la visi\u00f3 del m\u00f3n de les matem\u00e0tiques i el seu impacte social.<\/p>\n<p>D\u2019altra banda, la proposta es connecta amb projectes internacionals que posen l\u2019accent en la necessitat de crear situacions externes a l\u2019escola que fomentin l\u2019ensenyament i l\u2019aprenentatge de les matem\u00e0tiques i de les ci\u00e8ncies.<\/p>\n<p>&nbsp;<\/p>\n<p><strong>HORARI<br \/>\n<\/strong>P\u00fablic general: els\u00a0<strong>dimecres<\/strong><strong>\u00a0<\/strong>de 17 a 20 h i els <strong>diumenges<\/strong><strong>\u00a0<\/strong>de\u00a010 a 14 h.<br \/>\nVisites escolars (pr\u00e8via reserva): de dilluns a divendres (9.30 i 11.15 hores), a m\u00e9s de dilluns i dimecres a les 15.30 hores<\/p>\n<p><strong>CONTACTE<\/strong><br \/>\nAl tel\u00e8fon\u00a0<strong>665 233 448<\/strong>\u00a0de dilluns a divendres, d&#8217;11h a 13 h, o al correu\u00a0contacte@mmaca.cat.<\/p>\n","protected":false},"excerpt":{"rendered":"<p>Museu Palau Can Mercader (2a planta) Parc de Can Mercader. Ctra. de l&#8217;Hospitalet, s\/n. Cornell\u00e0 de Llobregat El projecte del [&hellip;]<\/p>\n","protected":false},"author":1,"featured_media":919,"parent":0,"menu_order":0,"comment_status":"closed","ping_status":"closed","template":"","meta":{"footnotes":"","_links_to":"","_links_to_target":""},"class_list":["post-918","page","type-page","status-publish","has-post-thumbnail","hentry"],"_links":{"self":[{"href":"https:\/\/cecbll.cat\/espaicomarca\/wp-json\/wp\/v2\/pages\/918","targetHints":{"allow":["GET"]}}],"collection":[{"href":"https:\/\/cecbll.cat\/espaicomarca\/wp-json\/wp\/v2\/pages"}],"about":[{"href":"https:\/\/cecbll.cat\/espaicomarca\/wp-json\/wp\/v2\/types\/page"}],"author":[{"embeddable":true,"href":"https:\/\/cecbll.cat\/espaicomarca\/wp-json\/wp\/v2\/users\/1"}],"replies":[{"embeddable":true,"href":"https:\/\/cecbll.cat\/espaicomarca\/wp-json\/wp\/v2\/comments?post=918"}],"version-history":[{"count":5,"href":"https:\/\/cecbll.cat\/espaicomarca\/wp-json\/wp\/v2\/pages\/918\/revisions"}],"predecessor-version":[{"id":950,"href":"https:\/\/cecbll.cat\/espaicomarca\/wp-json\/wp\/v2\/pages\/918\/revisions\/950"}],"wp:featuredmedia":[{"embeddable":true,"href":"https:\/\/cecbll.cat\/espaicomarca\/wp-json\/wp\/v2\/media\/919"}],"wp:attachment":[{"href":"https:\/\/cecbll.cat\/espaicomarca\/wp-json\/wp\/v2\/media?parent=918"}],"curies":[{"name":"wp","href":"https:\/\/api.w.org\/{rel}","templated":true}]}}