{"id":780,"date":"2017-01-04T11:32:32","date_gmt":"2017-01-04T11:32:32","guid":{"rendered":"http:\/\/cecbll.cat\/espaicomarca\/?page_id=780"},"modified":"2017-01-04T11:41:28","modified_gmt":"2017-01-04T11:41:28","slug":"agenda-cultural-del-baix-llobregat-organitzat-per-municipis","status":"publish","type":"page","link":"https:\/\/cecbll.cat\/espaicomarca\/agenda-cultural-del-baix-llobregat-organitzat-per-municipis\/","title":{"rendered":"Agenda Cultural del Baix Llobregat organitzat per municipis"},"content":{"rendered":"<p><a href=\"http:\/\/cecbll.cat\/espaicomarca\/abrera\/\">Abrera<\/a><br \/>\n<a href=\"http:\/\/cecbll.cat\/espaicomarca\/begues\/\">Begues<\/a><br \/>\n<a href=\"http:\/\/cecbll.cat\/espaicomarca\/castelldefels\/\">Castelldefels<\/a><br \/>\n<a href=\"http:\/\/cecbll.cat\/espaicomarca\/castellvi-de-rosanes\/\">Castellv\u00ed de Rosanes<\/a><br \/>\n<a href=\"http:\/\/cecbll.cat\/espaicomarca\/cervello\/\">Cervell\u00f3<\/a><br \/>\n<a href=\"http:\/\/cecbll.cat\/espaicomarca\/collbato\/\">Collbat\u00f3<\/a><br \/>\n<a href=\"http:\/\/cecbll.cat\/espaicomarca\/corbera-de-llobregat\/\">Corbera de Llobregat<\/a><br \/>\n<a href=\"http:\/\/cecbll.cat\/espaicomarca\/697-2\/\">Cornell\u00e0 de Llobregat<\/a><br \/>\n<a href=\"http:\/\/cecbll.cat\/espaicomarca\/el-papiol\/\">El Papiol<\/a><br \/>\n<a href=\"http:\/\/cecbll.cat\/espaicomarca\/el-prat-de-llobregat\/\">El Prat de Llobregat<\/a><br \/>\n<a href=\"http:\/\/cecbll.cat\/espaicomarca\/esparreguera\/\">Esparreguera<\/a><br \/>\n<a href=\"http:\/\/cecbll.cat\/espaicomarca\/esplugues-de-llobregat\/\">Esplugues de Llobregat<\/a><br \/>\n<a href=\"http:\/\/cecbll.cat\/espaicomarca\/gava\/\">Gav\u00e0<\/a><br \/>\n<a href=\"http:\/\/cecbll.cat\/espaicomarca\/hospitalet-de-llobregat\/\">Hospitalet de Llobregat<\/a><br \/>\n<a href=\"http:\/\/cecbll.cat\/espaicomarca\/la-palma-de-cervello\/\">La Palma de Cervell\u00f3<\/a><br \/>\n<a href=\"http:\/\/cecbll.cat\/espaicomarca\/martorell\/\">Martorell<\/a><br \/>\n<a href=\"http:\/\/cecbll.cat\/espaicomarca\/molins-de-rei\/\">Molins de Rei<\/a><br \/>\n<a href=\"http:\/\/cecbll.cat\/espaicomarca\/olesa-de-montserrat\/\">Olesa de Montserrat<\/a><br \/>\n<a href=\"http:\/\/cecbll.cat\/espaicomarca\/palleja\/\">Pallej\u00e0<\/a><br \/>\n<a href=\"http:\/\/cecbll.cat\/espaicomarca\/sant-andreu-de-la-barca\/\">Sant Andreu de la Barca<\/a><br \/>\n<a href=\"http:\/\/cecbll.cat\/espaicomarca\/sant-boi-de-llobregat\/\">Sant Boi de Llobregat<\/a><br \/>\n<a href=\"http:\/\/cecbll.cat\/espaicomarca\/sant-climent-de-llobregat\/\">Sant Climent de Llobregat<\/a><br \/>\n<a href=\"http:\/\/cecbll.cat\/espaicomarca\/sant-esteve-de-sesrovires\/\">Sant Esteve de Sesrovires<\/a><br \/>\n<a href=\"http:\/\/cecbll.cat\/espaicomarca\/sant-feliu-de-llobregat\/\">Sant Feliu de Llobregat<\/a><br \/>\n<a href=\"http:\/\/cecbll.cat\/espaicomarca\/sant-joan-despi\/\">Sant Joan Desp\u00ed<\/a><br \/>\n<a href=\"http:\/\/cecbll.cat\/espaicomarca\/sant-just-desvern\/\">Sant Just Desvern<\/a><br \/>\n<a href=\"http:\/\/cecbll.cat\/espaicomarca\/sant-vicenc-dels-horts\/\">Sant Vicen\u00e7 dels Horts<\/a><br \/>\n<a href=\"http:\/\/cecbll.cat\/espaicomarca\/santa-coloma-de-cervello\/\">Santa Coloma de Cervell\u00f3<\/a><br \/>\n<a href=\"http:\/\/cecbll.cat\/espaicomarca\/torrelles-de-llobregat\/\">Torrelles de Llobregat<\/a><br \/>\n<a href=\"http:\/\/cecbll.cat\/espaicomarca\/vallirana\/\">Vallirana<\/a><br \/>\n<a href=\"http:\/\/cecbll.cat\/espaicomarca\/viladecans\/\">Viladecans<\/a><\/p>\n","protected":false},"excerpt":{"rendered":"<p>Abrera Begues Castelldefels Castellv\u00ed de Rosanes Cervell\u00f3 Collbat\u00f3 Corbera de Llobregat Cornell\u00e0 de Llobregat El Papiol El Prat de Llobregat [&hellip;]<\/p>\n","protected":false},"author":1,"featured_media":0,"parent":0,"menu_order":0,"comment_status":"closed","ping_status":"closed","template":"","meta":{"footnotes":"","_links_to":"","_links_to_target":""},"class_list":["post-780","page","type-page","status-publish","hentry"],"_links":{"self":[{"href":"https:\/\/cecbll.cat\/espaicomarca\/wp-json\/wp\/v2\/pages\/780","targetHints":{"allow":["GET"]}}],"collection":[{"href":"https:\/\/cecbll.cat\/espaicomarca\/wp-json\/wp\/v2\/pages"}],"about":[{"href":"https:\/\/cecbll.cat\/espaicomarca\/wp-json\/wp\/v2\/types\/page"}],"author":[{"embeddable":true,"href":"https:\/\/cecbll.cat\/espaicomarca\/wp-json\/wp\/v2\/users\/1"}],"replies":[{"embeddable":true,"href":"https:\/\/cecbll.cat\/espaicomarca\/wp-json\/wp\/v2\/comments?post=780"}],"version-history":[{"count":3,"href":"https:\/\/cecbll.cat\/espaicomarca\/wp-json\/wp\/v2\/pages\/780\/revisions"}],"predecessor-version":[{"id":783,"href":"https:\/\/cecbll.cat\/espaicomarca\/wp-json\/wp\/v2\/pages\/780\/revisions\/783"}],"wp:attachment":[{"href":"https:\/\/cecbll.cat\/espaicomarca\/wp-json\/wp\/v2\/media?parent=780"}],"curies":[{"name":"wp","href":"https:\/\/api.w.org\/{rel}","templated":true}]}}