{"id":629,"date":"2016-12-28T13:26:24","date_gmt":"2016-12-28T13:26:24","guid":{"rendered":"http:\/\/cecbll.cat\/espaicomarca\/?page_id=629"},"modified":"2017-01-20T13:14:17","modified_gmt":"2017-01-20T13:14:17","slug":"presentacio","status":"publish","type":"page","link":"https:\/\/cecbll.cat\/espaicomarca\/presentacio\/","title":{"rendered":"Presentaci\u00f3"},"content":{"rendered":"<p>El <strong>PujalBaix! Espai Comarca<\/strong> \u00e9s un espai virtual, creat pel <a href=\"http:\/\/www.cecbll.cat\">Centre d&#8217;Estudis Comarcal del Baix Llobregat<\/a>, que recull tota l&#8217;activitat cultural de la comarca amb el comprom\u00eds de promocionar la comarca i contribuir a cohesionar-la a trav\u00e9s de la cultura, el coneixement i la defensa del patrimoni.<\/p>\n<p>Aquest projecte pret\u00e9n ser un punt de dinamitzaci\u00f3 des de tres aspectes:<br \/>\n\u2013 Social: promoure i conservar el patrimoni rural, arquitect\u00f2nic i tamb\u00e9 cultural de la poblaci\u00f3, implicant els habitants del municipi en la dinamitzaci\u00f3 del seu territori.<br \/>\n\u2013 Cultural: preservar el patrimoni de la comarca perqu\u00e8 serveixi com a llegat cultural de la hist\u00f2ria baixllobregatina.<br \/>\n\u2013 Tur\u00edstic: ser un punt de rebuda\u00a0per a les perosnes que vulguin visitar la comarca, i que a la vegada permeti donar a con\u00e8ixer el patrimoni natural i cultural \u00a0i \u00a0les diverses opcions que hi ha per con\u00e8ixer el territori.<\/p>\n<div id='gallery-1' class='gallery galleryid-629 gallery-columns-3 gallery-size-thumbnail'><figure class='gallery-item'>\n\t\t\t<div class='gallery-icon landscape'>\n\t\t\t\t<a href='https:\/\/cecbll.cat\/espaicomarca\/ruta-modernista-per-sant-feliu-de-llobregat\/ruta_modernista\/'><img loading=\"lazy\" decoding=\"async\" width=\"150\" height=\"150\" src=\"https:\/\/cecbll.cat\/espaicomarca\/wp-content\/uploads\/2017\/01\/ruta_modernista-150x150.jpg\" class=\"attachment-thumbnail size-thumbnail\" alt=\"\" \/><\/a>\n\t\t\t<\/div><\/figure><figure class='gallery-item'>\n\t\t\t<div class='gallery-icon landscape'>\n\t\t\t\t<a href='https:\/\/cecbll.cat\/espaicomarca\/sant-ponc-de-corbera\/corbera\/'><img loading=\"lazy\" decoding=\"async\" width=\"150\" height=\"150\" src=\"https:\/\/cecbll.cat\/espaicomarca\/wp-content\/uploads\/2017\/01\/corbera-150x150.jpg\" class=\"attachment-thumbnail size-thumbnail\" alt=\"\" \/><\/a>\n\t\t\t<\/div><\/figure><figure class='gallery-item'>\n\t\t\t<div class='gallery-icon landscape'>\n\t\t\t\t<a href='https:\/\/cecbll.cat\/espaicomarca\/cripta-de-la-colonia-guell\/cripta_guell\/'><img loading=\"lazy\" decoding=\"async\" width=\"150\" height=\"150\" src=\"https:\/\/cecbll.cat\/espaicomarca\/wp-content\/uploads\/2017\/01\/cripta_guell-150x150.jpg\" class=\"attachment-thumbnail size-thumbnail\" alt=\"\" \/><\/a>\n\t\t\t<\/div><\/figure><figure class='gallery-item'>\n\t\t\t<div class='gallery-icon landscape'>\n\t\t\t\t<a href='https:\/\/cecbll.cat\/espaicomarca\/coves-del-salnitre\/coves_salnitre\/'><img loading=\"lazy\" decoding=\"async\" width=\"150\" height=\"150\" src=\"https:\/\/cecbll.cat\/espaicomarca\/wp-content\/uploads\/2017\/01\/coves_salnitre-150x150.jpg\" class=\"attachment-thumbnail size-thumbnail\" alt=\"\" \/><\/a>\n\t\t\t<\/div><\/figure><figure class='gallery-item'>\n\t\t\t<div class='gallery-icon landscape'>\n\t\t\t\t<a href='https:\/\/cecbll.cat\/espaicomarca\/espais-dinteres\/pou_glac_corbera-2\/'><img loading=\"lazy\" decoding=\"async\" width=\"150\" height=\"150\" src=\"https:\/\/cecbll.cat\/espaicomarca\/wp-content\/uploads\/2016\/01\/pou_glac_corbera-150x150.jpg\" class=\"attachment-thumbnail size-thumbnail\" alt=\"\" \/><\/a>\n\t\t\t<\/div><\/figure><figure class='gallery-item'>\n\t\t\t<div class='gallery-icon landscape'>\n\t\t\t\t<a href='https:\/\/cecbll.cat\/espaicomarca\/el-castell-de-palleja\/castell_palleja\/'><img loading=\"lazy\" decoding=\"async\" width=\"150\" height=\"150\" src=\"https:\/\/cecbll.cat\/espaicomarca\/wp-content\/uploads\/2017\/01\/castell_palleja-150x150.jpg\" class=\"attachment-thumbnail size-thumbnail\" alt=\"\" \/><\/a>\n\t\t\t<\/div><\/figure><figure class='gallery-item'>\n\t\t\t<div class='gallery-icon landscape'>\n\t\t\t\t<a href='https:\/\/cecbll.cat\/espaicomarca\/can-negre\/can_negre\/'><img loading=\"lazy\" decoding=\"async\" width=\"150\" height=\"150\" src=\"https:\/\/cecbll.cat\/espaicomarca\/wp-content\/uploads\/2017\/01\/can_negre-150x150.jpg\" class=\"attachment-thumbnail size-thumbnail\" alt=\"\" \/><\/a>\n\t\t\t<\/div><\/figure><figure class='gallery-item'>\n\t\t\t<div class='gallery-icon landscape'>\n\t\t\t\t<a href='https:\/\/cecbll.cat\/espaicomarca\/parcs-i-jardins\/parc_sant_boi_1\/'><img loading=\"lazy\" decoding=\"async\" width=\"150\" height=\"150\" src=\"https:\/\/cecbll.cat\/espaicomarca\/wp-content\/uploads\/2016\/01\/parc_sant_boi_1-150x150.jpg\" class=\"attachment-thumbnail size-thumbnail\" alt=\"\" \/><\/a>\n\t\t\t<\/div><\/figure><figure class='gallery-item'>\n\t\t\t<div class='gallery-icon landscape'>\n\t\t\t\t<a href='https:\/\/cecbll.cat\/espaicomarca\/torre-de-la-creu\/torre_de_la_creu_foto\/'><img loading=\"lazy\" decoding=\"async\" width=\"150\" height=\"150\" src=\"https:\/\/cecbll.cat\/espaicomarca\/wp-content\/uploads\/2017\/01\/Torre_de_la_Creu_foto-150x150.jpg\" class=\"attachment-thumbnail size-thumbnail\" alt=\"\" \/><\/a>\n\t\t\t<\/div><\/figure><figure class='gallery-item'>\n\t\t\t<div class='gallery-icon landscape'>\n\t\t\t\t<a href='https:\/\/cecbll.cat\/espaicomarca\/pont-del-diable\/pont_diable_martorell\/'><img loading=\"lazy\" decoding=\"async\" width=\"150\" height=\"150\" src=\"https:\/\/cecbll.cat\/espaicomarca\/wp-content\/uploads\/2017\/01\/Pont_diable_Martorell-150x150.jpg\" class=\"attachment-thumbnail size-thumbnail\" alt=\"\" \/><\/a>\n\t\t\t<\/div><\/figure><figure class='gallery-item'>\n\t\t\t<div class='gallery-icon landscape'>\n\t\t\t\t<a href='https:\/\/cecbll.cat\/espaicomarca\/parc-arqueologic-mines-de-gava\/parc_mines\/'><img loading=\"lazy\" decoding=\"async\" width=\"150\" height=\"150\" src=\"https:\/\/cecbll.cat\/espaicomarca\/wp-content\/uploads\/2017\/01\/parc_mines-150x150.jpg\" class=\"attachment-thumbnail size-thumbnail\" alt=\"\" \/><\/a>\n\t\t\t<\/div><\/figure><figure class='gallery-item'>\n\t\t\t<div class='gallery-icon landscape'>\n\t\t\t\t<a href='https:\/\/cecbll.cat\/espaicomarca\/esdeveniments-destacats\/foto_general\/'><img loading=\"lazy\" decoding=\"async\" width=\"150\" height=\"150\" src=\"https:\/\/cecbll.cat\/espaicomarca\/wp-content\/uploads\/2016\/01\/foto_general-150x150.jpg\" class=\"attachment-thumbnail size-thumbnail\" alt=\"\" \/><\/a>\n\t\t\t<\/div><\/figure><figure class='gallery-item'>\n\t\t\t<div class='gallery-icon landscape'>\n\t\t\t\t<a href='https:\/\/cecbll.cat\/espaicomarca\/la_passio_esparreguera\/'><img loading=\"lazy\" decoding=\"async\" width=\"150\" height=\"150\" src=\"https:\/\/cecbll.cat\/espaicomarca\/wp-content\/uploads\/2017\/01\/La_Passio_Esparreguera-150x150.jpg\" class=\"attachment-thumbnail size-thumbnail\" alt=\"\" \/><\/a>\n\t\t\t<\/div><\/figure><figure class='gallery-item'>\n\t\t\t<div class='gallery-icon landscape'>\n\t\t\t\t<a href='https:\/\/cecbll.cat\/espaicomarca\/espais-dinteres\/muntanya-montserrat-m-costa\/'><img loading=\"lazy\" decoding=\"async\" width=\"150\" height=\"150\" src=\"https:\/\/cecbll.cat\/espaicomarca\/wp-content\/uploads\/2016\/01\/Muntanya-Montserrat-m-costa-150x150.jpg\" class=\"attachment-thumbnail size-thumbnail\" alt=\"\" \/><\/a>\n\t\t\t<\/div><\/figure><figure class='gallery-item'>\n\t\t\t<div class='gallery-icon landscape'>\n\t\t\t\t<a href='https:\/\/cecbll.cat\/espaicomarca\/p1570244\/'><img loading=\"lazy\" decoding=\"async\" width=\"150\" height=\"150\" src=\"https:\/\/cecbll.cat\/espaicomarca\/wp-content\/uploads\/2016\/01\/p1570244-150x150.jpg\" class=\"attachment-thumbnail size-thumbnail\" alt=\"\" \/><\/a>\n\t\t\t<\/div><\/figure>\n\t\t<\/div>\n\n","protected":false},"excerpt":{"rendered":"<p>El PujalBaix! Espai Comarca \u00e9s un espai virtual, creat pel Centre d&#8217;Estudis Comarcal del Baix Llobregat, que recull tota l&#8217;activitat [&hellip;]<\/p>\n","protected":false},"author":1,"featured_media":0,"parent":0,"menu_order":0,"comment_status":"closed","ping_status":"closed","template":"","meta":{"footnotes":"","_links_to":"","_links_to_target":""},"class_list":["post-629","page","type-page","status-publish","hentry"],"_links":{"self":[{"href":"https:\/\/cecbll.cat\/espaicomarca\/wp-json\/wp\/v2\/pages\/629","targetHints":{"allow":["GET"]}}],"collection":[{"href":"https:\/\/cecbll.cat\/espaicomarca\/wp-json\/wp\/v2\/pages"}],"about":[{"href":"https:\/\/cecbll.cat\/espaicomarca\/wp-json\/wp\/v2\/types\/page"}],"author":[{"embeddable":true,"href":"https:\/\/cecbll.cat\/espaicomarca\/wp-json\/wp\/v2\/users\/1"}],"replies":[{"embeddable":true,"href":"https:\/\/cecbll.cat\/espaicomarca\/wp-json\/wp\/v2\/comments?post=629"}],"version-history":[{"count":10,"href":"https:\/\/cecbll.cat\/espaicomarca\/wp-json\/wp\/v2\/pages\/629\/revisions"}],"predecessor-version":[{"id":1404,"href":"https:\/\/cecbll.cat\/espaicomarca\/wp-json\/wp\/v2\/pages\/629\/revisions\/1404"}],"wp:attachment":[{"href":"https:\/\/cecbll.cat\/espaicomarca\/wp-json\/wp\/v2\/media?parent=629"}],"curies":[{"name":"wp","href":"https:\/\/api.w.org\/{rel}","templated":true}]}}