{"id":2038,"date":"2017-02-27T14:08:38","date_gmt":"2017-02-27T14:08:38","guid":{"rendered":"http:\/\/cecbll.cat\/espaicomarca\/?page_id=2038"},"modified":"2019-11-07T12:01:27","modified_gmt":"2019-11-07T12:01:27","slug":"webs-interessants-2","status":"publish","type":"page","link":"https:\/\/cecbll.cat\/espaicomarca\/webs-interessants-2\/","title":{"rendered":"Webs d&#8217;inter\u00e8s"},"content":{"rendered":"<div id=\"pl-2038\"  class=\"panel-layout\" ><div id=\"pg-2038-0\"  class=\"panel-grid panel-no-style\" ><div id=\"pgc-2038-0-0\"  class=\"panel-grid-cell\" ><div id=\"panel-2038-0-0-0\" class=\"so-panel widget widget_sow-editor panel-first-child panel-last-child\" data-index=\"0\" ><div\n\t\t\t\n\t\t\tclass=\"so-widget-sow-editor so-widget-sow-editor-base\"\n\t\t\t\n\t\t>\n<div class=\"siteorigin-widget-tinymce textwidget\">\n\t<p><strong>Abrera<br \/><a href=\"http:\/\/www.ajuntamentabrera.cat\/actualitat\/agenda.htm\" target=\"_blank\" rel=\"noopener noreferrer\">Agenda municipal<br \/><\/a><\/strong><strong><a href=\"http:\/\/www.ajuntamentabrera.cat\/actualitat\/butlleti-municipal.htm\" target=\"_blank\" rel=\"noopener noreferrer\">Butllet\u00ed Abrera info<br \/><\/a><\/strong><strong><a href=\"http:\/\/www.ajuntamentabrera.cat\/serveis\/promocio-economica-comerc-i-turisme\/turisme.htm\" target=\"_blank\" rel=\"noopener noreferrer\">Turisme<\/a><\/strong><\/p>\n<p><strong>Castellv\u00ed de Rosanes<br \/><a href=\"http:\/\/www.castellviderosanes.cat\/?p=4862\" target=\"_blank\" rel=\"noopener noreferrer\">Agenda municipal<br \/><\/a><\/strong><strong><a href=\"http:\/\/www.castellviderosanes.cat\/?p=3166\" target=\"_blank\" rel=\"noopener noreferrer\">Butllet\u00ed municipal El Castell<br \/><\/a><\/strong><strong><a href=\"http:\/\/turisme.elbaixllobregat.cat\/ajuntament\/castellv\u00ed-de-rosanes\" target=\"_blank\" rel=\"noopener noreferrer\">Consorci de Turisme<\/a><\/strong><\/p>\n<p><strong>Corbera de Llobregat<br \/><a href=\"http:\/\/www.corberadellobregat.cat\/corbera\/agenda\/index.php\" target=\"_blank\" rel=\"noopener noreferrer\">Agenda municipal<br \/><\/a><\/strong><strong><a href=\"http:\/\/www.corberadellobregat.cat\/frontal\/apartats\/index.php?apartat=122\" target=\"_blank\" rel=\"noopener noreferrer\">L\u2019Avan\u00e7ada<br \/><\/a><\/strong><strong><a href=\"http:\/\/www.corberadellobregat.cat\/corbera\/apartats\/index.php?apartat=113\" target=\"_blank\" rel=\"noopener noreferrer\">Turisme<\/a><\/strong><\/p>\n<p><strong>Esplugues de Llobregat<br \/><a href=\"http:\/\/www.esplugues.cat\/events\" target=\"_blank\" rel=\"noopener noreferrer\">Agenda municipal<br \/><\/a><\/strong><strong><a href=\"http:\/\/www.esplugues.cat\/recursos\/importacions\/entitats\/mitjans-de-comunicacio\/el-pont-desplugues\" target=\"_blank\" rel=\"noopener noreferrer\">El pont d\u2019Esplugues<br \/><\/a><\/strong><a href=\"https:\/\/www.esplugues.cat\/recursos\/importacions\/serveis\/patrimoni-cultural\" target=\"_blank\" rel=\"noopener noreferrer\"><b>Patrimoni Cultural\u00a0<\/b><\/a><\/p>\n<p><strong>Molins de Rei<br \/><a href=\"http:\/\/www.molinsderei.cat\/actualitat\/agenda\" target=\"_blank\" rel=\"noopener noreferrer\">Agenda municipal<br \/><\/a><\/strong><strong><a href=\"http:\/\/www.molinsderei.cat\/actualitat\/balco-de-la-vila-revista-municipal\" target=\"_blank\" rel=\"noopener noreferrer\">Balc\u00f3 de la Vila<br \/><\/a><\/strong><strong><a href=\"http:\/\/www.molinsderei.cat\/la-vila\/turisme\" target=\"_blank\" rel=\"noopener noreferrer\">Turisme<\/a><\/strong><\/p>\n<p><strong>La Palma de Cervell\u00f3<br \/><a href=\"http:\/\/www.lapalmadecervello.cat\/actualitat\/agenda\" target=\"_blank\" rel=\"noopener noreferrer\">Agenda municipal<br \/><\/a><\/strong><strong><a href=\"http:\/\/www.lapalmadecervello.cat\/la-veu\" target=\"_blank\" rel=\"noopener noreferrer\">La Veu<br \/><\/a><\/strong><strong><a href=\"http:\/\/turisme.elbaixllobregat.cat\/ajuntament\/la-palma-de-cervell\u00f3\" target=\"_blank\" rel=\"noopener noreferrer\">Consorci de Turisme<\/a><\/strong><\/p>\n<p><strong>Sant Andreu de la Barca<br \/><a href=\"http:\/\/www.sabarca.cat\/LlistaAgenda\/_7i9n4AcgJmSoQ6tQmWuBy_ZLL_2UQ19G\" target=\"_blank\" rel=\"noopener noreferrer\">Agenda municipal<br \/><\/a><\/strong><strong><a href=\"http:\/\/www.sabarca.cat\/ButMunicipal\/_4RGVOuAG85chAM64UDTUTZgmITAXrcP3\" target=\"_blank\" rel=\"noopener noreferrer\">L\u2019Ajuntament informa<br \/><\/a><\/strong><strong><a href=\"http:\/\/turisme.elbaixllobregat.cat\/ajuntament\/sant-andreu-de-la-barca\" target=\"_blank\" rel=\"noopener noreferrer\">Consorci de Turisme<\/a><\/strong><\/p>\n<p><strong>Sant Esteve Sesrovires<br \/><a href=\"http:\/\/sesrovires.cat\/actualitat\/agenda\/\" target=\"_blank\" rel=\"noopener noreferrer\">Agenda municipal<br \/><\/a><\/strong><strong><a href=\"http:\/\/sesrovires.cat\/actualitat\/el-sesrovirenc\/\" target=\"_blank\" rel=\"noopener noreferrer\">El Sesrovirenc<br \/><\/a><\/strong><strong><a href=\"http:\/\/sesrovires.cat\/temes\/turisme\/\" target=\"_blank\" rel=\"noopener noreferrer\">Turisme<\/a><\/strong><\/p>\n<p><strong>Sant Just Desvern<br \/><a href=\"http:\/\/santjust.net\/agendaiframe\/\" target=\"_blank\" rel=\"noopener noreferrer\">Agenda municipal<br \/><\/a><\/strong><strong><a href=\"http:\/\/santjust.net\/elbutlleti\" target=\"_blank\" rel=\"noopener noreferrer\">El Butllet\u00ed<br \/><\/a><\/strong><strong><a href=\"http:\/\/santjust.net\/turisme\" target=\"_blank\" rel=\"noopener noreferrer\">Turisme<\/a><\/strong><\/p>\n<p><strong>Torrelles de Llobregat<br \/><a href=\"http:\/\/www.torrelles.cat\/actualitat\/agenda\" target=\"_blank\" rel=\"noopener noreferrer\">Agenda municipal<br \/><\/a><\/strong><strong><a href=\"http:\/\/www.torrelles.cat\/actualitat\/butlleti-municipal\" target=\"_blank\" rel=\"noopener noreferrer\">Butllet\u00ed municipal<br \/><\/a><\/strong><strong><a href=\"http:\/\/www.torrelles.cat\/torrelles\/turisme\" target=\"_blank\" rel=\"noopener noreferrer\">Turisme<\/a><\/strong><\/p>\n<\/div>\n<\/div><\/div><\/div><div id=\"pgc-2038-0-1\"  class=\"panel-grid-cell\" ><div id=\"panel-2038-0-1-0\" class=\"so-panel widget widget_sow-editor panel-first-child panel-last-child\" data-index=\"1\" ><div\n\t\t\t\n\t\t\tclass=\"so-widget-sow-editor so-widget-sow-editor-base\"\n\t\t\t\n\t\t>\n<div class=\"siteorigin-widget-tinymce textwidget\">\n\t<p><strong>Begues<br \/><a href=\"http:\/\/www.begues.cat\/actualitat\/agenda\/\" target=\"_blank\">Agenda municipal<br \/><\/a><\/strong><strong><a href=\"http:\/\/www.begues.cat\/actualitat\/el-butlleti-de-begues\/\" target=\"_blank\">El Butllet\u00ed de Begues<br \/><\/a><\/strong><strong><a href=\"http:\/\/www.begues.cat\/temes\/151-turisme\/\" target=\"_blank\">Turisme<\/a><\/strong><\/p>\n<p><strong>Cervell\u00f3<br \/><a href=\"http:\/\/www.cervello.cat\/agenda-esdeveniments\" target=\"_blank\">Agenda municipal<br \/><\/a><\/strong><strong><a href=\"http:\/\/www.cervello.cat\/ca\/nova_edicio_informacio_municipal\" target=\"_blank\">Revista Cervell\u00f3 Informaci\u00f3<br \/><\/a><\/strong><strong><a href=\"http:\/\/turisme.elbaixllobregat.cat\/ajuntament\/cervell\u00f3\" target=\"_blank\">Consorci de Turisme<\/a><\/strong><\/p>\n<p><strong>Cornell\u00e0 de Llobregat<br \/><a href=\"http:\/\/agenda.cornella.cat\/AgendaActivitat.aspx?activitat=2\" target=\"_blank\">Agenda municipal<br \/><\/a><\/strong><strong><a href=\"http:\/\/www.cornella.cat\/ca\/CornellaInforma.asp\" target=\"_blank\">Cornell\u00e0 Informa<br \/><\/a><\/strong><strong><a href=\"http:\/\/www.cornella.cat\/ca\/Turisme.asp\" target=\"_blank\">Turisme<\/a><\/strong><\/p>\n<p><strong>Gav\u00e0<br \/><a href=\"http:\/\/www.gavaciutat.cat\/agenda\" target=\"_blank\">Agenda municipal<br \/><\/a><\/strong><strong><a href=\"http:\/\/www.elbruguers.cat\/\" target=\"_blank\">el Bruguers<br \/><\/a><\/strong><strong><a href=\"http:\/\/www.gavaciutat.cat\/gava-blava-verda-unica\" target=\"_blank\">Turisme<\/a><\/strong><\/p>\n<p><strong>Olesa de Montserrat<br \/><a href=\"http:\/\/www.olesademontserrat.cat\/ajuntament-seu-electronica\/comunicacio\/agenda.htm\" target=\"_blank\">Agenda municipal<br \/><\/a><\/strong><strong><a href=\"http:\/\/www.olesademontserrat.cat\/ajuntament-seu-electronica\/comunicacio\/butlleti-municipal.htm\" target=\"_blank\">El Nunci<br \/><\/a><\/strong><strong><a href=\"http:\/\/www.turismeolesademontserrat.cat\/\" target=\"_blank\">Turisme<\/a><\/strong><\/p>\n<p><strong>El Papiol<br \/><a href=\"http:\/\/www.elpapiol.cat\/papiol\/apartats\/index.php?apartat=68\" target=\"_blank\">Agenda municipal<br \/><\/a><\/strong><strong><a href=\"http:\/\/www.elpapiol.cat\/papiol\/apartats\/index.php?apartat=152\" target=\"_blank\">Butllet\u00ed digital<br \/><\/a><\/strong><strong><a href=\"http:\/\/turisme.elbaixllobregat.cat\/ajuntament\/el-papiol\" target=\"_blank\">Consorci de Turisme<\/a><\/strong><\/p>\n<p><strong>Sant Boi de Llobregat<br \/><a href=\"http:\/\/www.santboi.cat\/ImpASIA.nsf\/ca-VistaWebActivitats-BASE?ReadForm&amp;Clau=Agenda&amp;Idioma=ca&amp;Seu=N\" target=\"_blank\">Agenda municipal<br \/><\/a><\/strong><strong><a href=\"http:\/\/www.santboi.cat\/Publi013.nsf\/VistaWebTemes\/3E5706AFAA2E34E1C12580BA0040CBCC?OpenDocument&amp;Clau=ViureSantBoi&amp;Idioma=ca&amp;Seu=N\" target=\"_blank\">Viure Sant Boi<br \/><\/a><\/strong><strong><a href=\"http:\/\/turisme.elbaixllobregat.cat\/ajuntament\/sant-boi-de-llobregat\" target=\"_blank\">Consorci de Turisme<\/a><\/strong><\/p>\n<p><strong>Sant Feliu de Llobregat<br \/><a href=\"https:\/\/www.santfeliu.cat\/go.faces?xmid=22719\" target=\"_blank\">Agenda municipa<\/a>l<br \/><a href=\"https:\/\/www.santfeliu.cat\/go.faces?xmid=12021\" target=\"_blank\">El<\/a> <\/strong><strong><a href=\"https:\/\/www.santfeliu.cat\/go.faces?xmid=12021\" target=\"_blank\">Butllet\u00ed municipal<br \/><\/a><\/strong><strong><a href=\"http:\/\/turisme.elbaixllobregat.cat\/ajuntament\/sant-feliu-de-llobregat\" target=\"_blank\">Consorci de Turisme<\/a><\/strong><\/p>\n<p><strong>Sant Vicen\u00e7 dels Horts<br \/><a href=\"http:\/\/www.svh.cat\/actualitat\/agenda\/\" target=\"_blank\">Agenda municipal<br \/><\/a><\/strong><strong><a href=\"http:\/\/www.svh.cat\/actualitat\/butlleti-municipal\/\" target=\"_blank\">Butllet\u00ed municipal<br \/><\/a><\/strong><strong><a href=\"http:\/\/turisme.elbaixllobregat.cat\/ajuntament\/sant-vicen\u00e7-dels-horts\" target=\"_blank\">Consorci de Turisme<\/a><\/strong><\/p>\n<p><strong>Vallirana<br \/><a href=\"http:\/\/www.vallirana.cat\/ca\/agenda-2011?month=11\" target=\"_blank\">Agenda municipal<br \/><\/a><\/strong><strong><a href=\"http:\/\/www.vallirana.cat\/ca\/informat:-el-butlleti-electronic-municipal-nw\" target=\"_blank\">Informa\u2019t<br \/><\/a><\/strong><strong><a href=\"http:\/\/www.vallirana.net\/ca\/turisme\" target=\"_blank\">Turisme<\/a><\/strong><\/p>\n<p>\u00a0<\/p>\n<\/div>\n<\/div><\/div><\/div><div id=\"pgc-2038-0-2\"  class=\"panel-grid-cell\" ><div id=\"panel-2038-0-2-0\" class=\"so-panel widget widget_sow-editor panel-first-child panel-last-child\" data-index=\"2\" ><div\n\t\t\t\n\t\t\tclass=\"so-widget-sow-editor so-widget-sow-editor-base\"\n\t\t\t\n\t\t>\n<div class=\"siteorigin-widget-tinymce textwidget\">\n\t<p><strong>Castelldefels<br \/><a href=\"https:\/\/www.castelldefels.org\/ca\/agendaaj.asp\" target=\"_blank\">Agenda municipal<br \/><\/a><\/strong><strong><a href=\"http:\/\/www.castelldefels.org\/ca\/publicacionspdf.asp?id=3\" target=\"_blank\">Revista \u201cel Castell\u201d<br \/><\/a><\/strong><strong><a href=\"http:\/\/castelldefelsturismo.com\/ca\/\" target=\"_blank\">Turisme<\/a><\/strong><\/p>\n<p><strong>Collbat\u00f3<br \/><a href=\"http:\/\/www.collbato.cat\/actualitat\/agenda.htm\" target=\"_blank\">Agenda municipal<br \/><\/a><\/strong><strong><a href=\"http:\/\/www.collbato.cat\/actualitat\/collbato-informa.htm\" target=\"_blank\">Collbat\u00f3 Informa<br \/><\/a><\/strong><strong><a href=\"http:\/\/www.collbato.cat\/turisme\/oficina-de-turisme.htm\" target=\"_blank\">Turisme<\/a><\/strong><\/p>\n<p><strong>Esparreguera<br \/><a href=\"http:\/\/www.esparreguera.cat\/actualitat\/agenda\/\" target=\"_blank\">Agenda municipal<br \/><\/a><\/strong><strong><a href=\"http:\/\/www.esparreguera.cat\/actualitat\/noticies\/id\/1816.html\" target=\"_blank\">e-Butllet\u00ed<br \/><\/a><\/strong><strong><a href=\"http:\/\/www.esparreguera.cat\/turisme\/\" target=\"_blank\">Turisme<\/a><\/strong><\/p>\n<p><strong>Martorell<br \/><a href=\"http:\/\/www.martorell.cat\/actualitat\/agenda-d-activitats.htm\" target=\"_blank\">Agenda municipal<br \/><\/a><\/strong><strong><a href=\"http:\/\/www.martorell.cat\/actualitat\/butlleti-municipal.htm\" target=\"_blank\">Butllet\u00ed municipal<br \/><\/a><\/strong><strong><a href=\"http:\/\/turisme.martorell.cat\/\" target=\"_blank\">Turisme<\/a><\/strong><\/p>\n<p><strong>Pallej\u00e0<br \/><a href=\"http:\/\/www.palleja.cat\/actualitat\/agenda.htm\" target=\"_blank\">Agenda municipal<br \/><\/a><\/strong><strong><a href=\"http:\/\/www.palleja.cat\/pl328\/actualitat\/revista-municipal\/id13\/l-adroc-de-palleja-89.htm\" target=\"_blank\">L\u2019ADROC de Pallej\u00e0<br \/><\/a><\/strong><strong><a href=\"http:\/\/turisme.elbaixllobregat.cat\/ajuntament\/pallej\u00e0\" target=\"_blank\">Consorci de Turisme<\/a><\/strong><\/p>\n<p><strong>El Prat de Llobregat<br \/><a href=\"http:\/\/www.elprat.cat\/la-ciutat\/guia-agenda\" target=\"_blank\">Agenda municipal<br \/><\/a><\/strong><strong><a href=\"http:\/\/www.elprat.cat\/administracio-govern-i-ciutat\/actualitat\/revista-el-prat\" target=\"_blank\">Revista El Prat<br \/><\/a><\/strong><strong><a href=\"http:\/\/www.elprat.cat\/turisme-i-territori\" target=\"_blank\">Turisme<\/a><\/strong><\/p>\n<p><strong>Sant Climent de Llobregat<br \/><a href=\"http:\/\/www.santclimentdellobregat.cat\/agenda.html\" target=\"_blank\">Agenda municipal<br \/><\/a><\/strong><strong><a href=\"http:\/\/www.santclimentdellobregat.cat\/butlleti_digital.html\" target=\"_blank\">Butllet\u00ed municipal digital<br \/><\/a><\/strong><strong><a href=\"http:\/\/turisme.elbaixllobregat.cat\/es\/ajuntament\/sant-climent-de-llobregat\" target=\"_blank\">Consorci de Turisme<\/a><\/strong><\/p>\n<p><strong>Sant Joan Desp\u00ed<br \/><a href=\"http:\/\/www.sjdespi.net\/wca\/bloc-informatiu\/agenda\" target=\"_blank\">Agenda municipal<br \/><\/a><\/strong><strong><a href=\"http:\/\/www.sjdespi.net\/wca\/bloc-informatiu\/butlleti\" target=\"_blank\">El Butllet\u00ed<br \/><\/a><\/strong><strong><a href=\"http:\/\/turisme.elbaixllobregat.cat\/es\/ajuntament\/sant-joan-desp\u00ed\" target=\"_blank\">Consorci de Turisme<\/a><\/strong><\/p>\n<p><strong>Santa Coloma de Cervell\u00f3<br \/><a href=\"http:\/\/www.santacolomadecervello.cat\/agenda.html\" target=\"_blank\">Agenda municipal<br \/><\/a><\/strong><strong><a href=\"http:\/\/www.santacolomadecervello.cat\/turisme.htm\" target=\"_blank\">Turisme<\/a><\/strong><\/p>\n<p><strong>Viladecans<br \/><a href=\"http:\/\/www.viladecans.cat\/Agenda\/agenda_principal\/_btmjmZn3513ubJ7UnTcL1bObRdn5PVGm8B3okZSelNeUJtbsiCF6yg\" target=\"_blank\">Agenda municipal<br \/><\/a><\/strong><strong><a href=\"http:\/\/www.aj-viladecans.es\/Ciutat\/Mitjans_de_comunicacio\/revistaViladecans\/_btmjmZn3513FyqyqsdaUzx06jhWIZ-OC8QX-Oe7a5KY\" target=\"_blank\">Revista de Viladecans<br \/><\/a><\/strong><strong><a href=\"http:\/\/www.viladecans.cat\/_turisme\/turismeInici\/_Y59aZZ6YJIQSXUAUyw50x75626tEqifh\" target=\"_blank\">Turisme<\/a><\/strong><\/p>\n<\/div>\n<\/div><\/div><\/div><\/div><\/div>","protected":false},"excerpt":{"rendered":"<p>AbreraAgenda municipalButllet\u00ed Abrera infoTurismeCastellv\u00ed de RosanesAgenda municipalButllet\u00ed municipal El CastellConsorci de TurismeCorbera de LlobregatAgenda municipalL\u2019Avan\u00e7adaTurismeEsplugues de LlobregatAgenda municipalEl pont d\u2019EspluguesPatrimoni [&hellip;]<\/p>\n","protected":false},"author":1,"featured_media":0,"parent":0,"menu_order":0,"comment_status":"closed","ping_status":"closed","template":"","meta":{"footnotes":"","_links_to":"","_links_to_target":""},"class_list":["post-2038","page","type-page","status-publish","hentry"],"_links":{"self":[{"href":"https:\/\/cecbll.cat\/espaicomarca\/wp-json\/wp\/v2\/pages\/2038","targetHints":{"allow":["GET"]}}],"collection":[{"href":"https:\/\/cecbll.cat\/espaicomarca\/wp-json\/wp\/v2\/pages"}],"about":[{"href":"https:\/\/cecbll.cat\/espaicomarca\/wp-json\/wp\/v2\/types\/page"}],"author":[{"embeddable":true,"href":"https:\/\/cecbll.cat\/espaicomarca\/wp-json\/wp\/v2\/users\/1"}],"replies":[{"embeddable":true,"href":"https:\/\/cecbll.cat\/espaicomarca\/wp-json\/wp\/v2\/comments?post=2038"}],"version-history":[{"count":9,"href":"https:\/\/cecbll.cat\/espaicomarca\/wp-json\/wp\/v2\/pages\/2038\/revisions"}],"predecessor-version":[{"id":7075,"href":"https:\/\/cecbll.cat\/espaicomarca\/wp-json\/wp\/v2\/pages\/2038\/revisions\/7075"}],"wp:attachment":[{"href":"https:\/\/cecbll.cat\/espaicomarca\/wp-json\/wp\/v2\/media?parent=2038"}],"curies":[{"name":"wp","href":"https:\/\/api.w.org\/{rel}","templated":true}]}}