{"id":2037,"date":"2017-02-27T14:07:22","date_gmt":"2017-02-27T14:07:22","guid":{"rendered":"http:\/\/cecbll.cat\/espaicomarca\/?page_id=2037"},"modified":"2018-02-02T11:54:31","modified_gmt":"2018-02-02T11:54:31","slug":"la-carxofada","status":"publish","type":"page","link":"https:\/\/cecbll.cat\/espaicomarca\/la-carxofada\/","title":{"rendered":"LA CARXOFADA"},"content":{"rendered":"<p><strong>Data\/Hora<\/strong><br \/>\n18\/03\/2018<\/p>\n<p><strong>Localitzaci\u00f3<\/strong><br \/>\nPla\u00e7a de l&#8217;Ajuntament i Rambla de Rafael de Casanova (Sant Boi de Llobregat)<\/p>\n<p>&nbsp;<\/p>\n<p>Sant Boi \u00e9s el municipi del Parc Agrari del Baix Llobregat amb m\u00e9s producci\u00f3 de carxofes, i l\u2019Ajuntament vol que aquesta hortalissa s\u2019identifiqui com un element de la identitat de la ciutat i com l\u2019ingredient estrella de la gastronomia local.<\/p>\n<p>La Carxofada forma part d\u2019una campanya de promoci\u00f3 de la carxofa de Sant Boi. Una llarga llista de bars i restaurants locals ofereixen en el marc de la campanya men\u00fas de degustaci\u00f3, plats, tapes o entrepans amb la carxofa com a ingredient principal.<\/p>\n","protected":false},"excerpt":{"rendered":"<p>Data\/Hora 18\/03\/2018 Localitzaci\u00f3 Pla\u00e7a de l&#8217;Ajuntament i Rambla de Rafael de Casanova (Sant Boi de Llobregat) &nbsp; Sant Boi \u00e9s [&hellip;]<\/p>\n","protected":false},"author":1,"featured_media":909,"parent":0,"menu_order":0,"comment_status":"closed","ping_status":"closed","template":"","meta":{"footnotes":"","_links_to":"","_links_to_target":""},"class_list":["post-2037","page","type-page","status-publish","has-post-thumbnail","hentry"],"_links":{"self":[{"href":"https:\/\/cecbll.cat\/espaicomarca\/wp-json\/wp\/v2\/pages\/2037","targetHints":{"allow":["GET"]}}],"collection":[{"href":"https:\/\/cecbll.cat\/espaicomarca\/wp-json\/wp\/v2\/pages"}],"about":[{"href":"https:\/\/cecbll.cat\/espaicomarca\/wp-json\/wp\/v2\/types\/page"}],"author":[{"embeddable":true,"href":"https:\/\/cecbll.cat\/espaicomarca\/wp-json\/wp\/v2\/users\/1"}],"replies":[{"embeddable":true,"href":"https:\/\/cecbll.cat\/espaicomarca\/wp-json\/wp\/v2\/comments?post=2037"}],"version-history":[{"count":3,"href":"https:\/\/cecbll.cat\/espaicomarca\/wp-json\/wp\/v2\/pages\/2037\/revisions"}],"predecessor-version":[{"id":3888,"href":"https:\/\/cecbll.cat\/espaicomarca\/wp-json\/wp\/v2\/pages\/2037\/revisions\/3888"}],"wp:featuredmedia":[{"embeddable":true,"href":"https:\/\/cecbll.cat\/espaicomarca\/wp-json\/wp\/v2\/media\/909"}],"wp:attachment":[{"href":"https:\/\/cecbll.cat\/espaicomarca\/wp-json\/wp\/v2\/media?parent=2037"}],"curies":[{"name":"wp","href":"https:\/\/api.w.org\/{rel}","templated":true}]}}