{"id":2035,"date":"2017-02-27T14:05:35","date_gmt":"2017-02-27T14:05:35","guid":{"rendered":"http:\/\/cecbll.cat\/espaicomarca\/?page_id=2035"},"modified":"2018-02-02T11:50:46","modified_gmt":"2018-02-02T11:50:46","slug":"fira-avicola-raca-prat","status":"publish","type":"page","link":"https:\/\/cecbll.cat\/espaicomarca\/fira-avicola-raca-prat\/","title":{"rendered":"FIRA AV\u00cdCOLA RA\u00c7A PRAT"},"content":{"rendered":"<p><strong>Data\/Hora<\/strong><br \/>\n01\/12\/2018 &#8211; 31\/12\/2018<\/p>\n<p><strong>Localitzaci\u00f3<\/strong><br \/>\nPla\u00e7a de la Vila, 1<\/p>\n<p>&nbsp;<\/p>\n<p>La Fira esdev\u00e9 una extraordin\u00e0ria experi\u00e8ncia que combina, d\u2019una banda, la tradici\u00f3 de la pagesia a trav\u00e9s de la qualitat dels productes de la terra, el pollastre Pota Blava i la carxofa del Prat\u00a0i, d\u2019altra banda, una mostra de l\u2019activitat econ\u00f2mica, de la restauraci\u00f3 i del comer\u00e7 locals i de les iniciatives dels emprenedors i emprenedores que troben, en la Fira,\u00a0un excel\u00b7lent espai de promoci\u00f3.<\/p>\n","protected":false},"excerpt":{"rendered":"<p>Data\/Hora 01\/12\/2018 &#8211; 31\/12\/2018 Localitzaci\u00f3 Pla\u00e7a de la Vila, 1 &nbsp; La Fira esdev\u00e9 una extraordin\u00e0ria experi\u00e8ncia que combina, d\u2019una [&hellip;]<\/p>\n","protected":false},"author":1,"featured_media":905,"parent":0,"menu_order":0,"comment_status":"closed","ping_status":"closed","template":"","meta":{"footnotes":"","_links_to":"","_links_to_target":""},"class_list":["post-2035","page","type-page","status-publish","has-post-thumbnail","hentry"],"_links":{"self":[{"href":"https:\/\/cecbll.cat\/espaicomarca\/wp-json\/wp\/v2\/pages\/2035","targetHints":{"allow":["GET"]}}],"collection":[{"href":"https:\/\/cecbll.cat\/espaicomarca\/wp-json\/wp\/v2\/pages"}],"about":[{"href":"https:\/\/cecbll.cat\/espaicomarca\/wp-json\/wp\/v2\/types\/page"}],"author":[{"embeddable":true,"href":"https:\/\/cecbll.cat\/espaicomarca\/wp-json\/wp\/v2\/users\/1"}],"replies":[{"embeddable":true,"href":"https:\/\/cecbll.cat\/espaicomarca\/wp-json\/wp\/v2\/comments?post=2035"}],"version-history":[{"count":3,"href":"https:\/\/cecbll.cat\/espaicomarca\/wp-json\/wp\/v2\/pages\/2035\/revisions"}],"predecessor-version":[{"id":3886,"href":"https:\/\/cecbll.cat\/espaicomarca\/wp-json\/wp\/v2\/pages\/2035\/revisions\/3886"}],"wp:featuredmedia":[{"embeddable":true,"href":"https:\/\/cecbll.cat\/espaicomarca\/wp-json\/wp\/v2\/media\/905"}],"wp:attachment":[{"href":"https:\/\/cecbll.cat\/espaicomarca\/wp-json\/wp\/v2\/media?parent=2035"}],"curies":[{"name":"wp","href":"https:\/\/api.w.org\/{rel}","templated":true}]}}