{"id":2033,"date":"2017-02-27T14:03:44","date_gmt":"2017-02-27T14:03:44","guid":{"rendered":"http:\/\/cecbll.cat\/espaicomarca\/?page_id=2033"},"modified":"2018-02-02T11:45:41","modified_gmt":"2018-02-02T11:45:41","slug":"pessebre-vivent-de-corbera","status":"publish","type":"page","link":"https:\/\/cecbll.cat\/espaicomarca\/pessebre-vivent-de-corbera\/","title":{"rendered":"PESSEBRE VIVENT DE CORBERA"},"content":{"rendered":"<p><strong>Data\/Hora<\/strong><br \/>\nDesembre 2018 &#8211; gener 2019<\/p>\n<p><strong>Localitzaci\u00f3<\/strong><br \/>\nCarrer del Canig\u00f3, 41 (Corbera de Llobregat)<\/p>\n<p>&nbsp;<\/p>\n<p>El Pessebre Vivent de Corbera, organitzat per l\u2019Associaci\u00f3\u00a0Amics de Corbera,\u00a0\u00e9s considerat el primer pessebre vivent de Catalunya.<\/p>\n<p>Creat per en Josep Rodrigo i Puig (La Palma de Cervell\u00f3 1922-Corbera de Llobregat 2003) es va representar per primera vegada el\u00a024 de desembre\u00a0de\u00a01962. Durant gaireb\u00e9 mig segle ha atret m\u00e9s de 850.000 persones, amb un total de m\u00e9s de 1.600 representacions.\u00a0Cada temporada el pessebre evoluciona i incorpora noves escenes, personatges o construccions.<\/p>\n<p>El p\u00fablic es passeja pels camins del pessebre guiat per una narraci\u00f3 del text de l\u2019Evangeli\u00a0enriquit per comentaris en prosa i poesia. El pessebre incorpora uns 225 actors que col\u00b7laboren de forma desinteressada, vestits segons la tradici\u00f3 hebrea i catalana, que representen m\u00faltiples escenes, incloent l\u2019Anunciaci\u00f3\u00a0de l\u2019\u00c0ngel a la Verge, els Pastors i les ovelles, les Bugaderes, les Filadores, el Naixement a la Cova, l\u2019Anunci de l\u2019\u00c0ngel als Pastors, l\u2019Adoraci\u00f3 dels Pastors i els Reis, la\u00a0Fugida a Egipte, la vida a\u00a0Natzaret\u00a0i escenes t\u00edpiques de masies catalanes amb oficis tradicionals i tradicions com les\u00a0nadales\u00a0i el\u00a0caga ti\u00f3.<\/p>\n","protected":false},"excerpt":{"rendered":"<p>Data\/Hora Desembre 2018 &#8211; gener 2019 Localitzaci\u00f3 Carrer del Canig\u00f3, 41 (Corbera de Llobregat) &nbsp; El Pessebre Vivent de Corbera, [&hellip;]<\/p>\n","protected":false},"author":1,"featured_media":903,"parent":0,"menu_order":0,"comment_status":"closed","ping_status":"closed","template":"","meta":{"footnotes":"","_links_to":"","_links_to_target":""},"class_list":["post-2033","page","type-page","status-publish","has-post-thumbnail","hentry"],"_links":{"self":[{"href":"https:\/\/cecbll.cat\/espaicomarca\/wp-json\/wp\/v2\/pages\/2033","targetHints":{"allow":["GET"]}}],"collection":[{"href":"https:\/\/cecbll.cat\/espaicomarca\/wp-json\/wp\/v2\/pages"}],"about":[{"href":"https:\/\/cecbll.cat\/espaicomarca\/wp-json\/wp\/v2\/types\/page"}],"author":[{"embeddable":true,"href":"https:\/\/cecbll.cat\/espaicomarca\/wp-json\/wp\/v2\/users\/1"}],"replies":[{"embeddable":true,"href":"https:\/\/cecbll.cat\/espaicomarca\/wp-json\/wp\/v2\/comments?post=2033"}],"version-history":[{"count":3,"href":"https:\/\/cecbll.cat\/espaicomarca\/wp-json\/wp\/v2\/pages\/2033\/revisions"}],"predecessor-version":[{"id":3884,"href":"https:\/\/cecbll.cat\/espaicomarca\/wp-json\/wp\/v2\/pages\/2033\/revisions\/3884"}],"wp:featuredmedia":[{"embeddable":true,"href":"https:\/\/cecbll.cat\/espaicomarca\/wp-json\/wp\/v2\/media\/903"}],"wp:attachment":[{"href":"https:\/\/cecbll.cat\/espaicomarca\/wp-json\/wp\/v2\/media?parent=2033"}],"curies":[{"name":"wp","href":"https:\/\/api.w.org\/{rel}","templated":true}]}}