{"id":2031,"date":"2017-02-27T14:01:59","date_gmt":"2017-02-27T14:01:59","guid":{"rendered":"http:\/\/cecbll.cat\/espaicomarca\/?page_id=2031"},"modified":"2018-02-02T11:39:13","modified_gmt":"2018-02-02T11:39:13","slug":"fira-del-vi-i-el-cava-de-vallirana","status":"publish","type":"page","link":"https:\/\/cecbll.cat\/espaicomarca\/fira-del-vi-i-el-cava-de-vallirana\/","title":{"rendered":"FIRA DEL VI I EL CAVA DE VALLIRANA"},"content":{"rendered":"<p><strong>Data\/Hora<\/strong><br \/>\n17\/06\/2018 &#8211; 18\/06\/2018<\/p>\n<p><strong>Localitzaci\u00f3<\/strong><br \/>\nRambla de la Sobirania, s\/n (Vallirana)<\/p>\n<p>&nbsp;<\/p>\n<p>\u00c9s una fira de degustacions per donar la benvinguda a l\u2019estiu on podreu provar les millors propostes de tapes de la Restauraci\u00f3 de Vallirana, aix\u00ed com el millor vi i cava dels cellers participants.<\/p>\n<p>Sota l\u2019organitzaci\u00f3 de l\u2019Ajuntament, aquesta Fira t\u00e9 la finalitat de recuperar la tradici\u00f3 vin\u00edcola del municipi, que forma part de la Denominaci\u00f3 d\u2019Origen Pened\u00e8s, i de dinamitzar l\u2019activitat comercial i tur\u00edstica al voltant de la producci\u00f3 de vins i caves i de la restauraci\u00f3 local.<\/p>\n<p>Entitats i empreses del municipi tamb\u00e9 donen suport a la Fira amb l\u2019organitzaci\u00f3 d\u2019activitats diverses.<\/p>\n","protected":false},"excerpt":{"rendered":"<p>Data\/Hora 17\/06\/2018 &#8211; 18\/06\/2018 Localitzaci\u00f3 Rambla de la Sobirania, s\/n (Vallirana) &nbsp; \u00c9s una fira de degustacions per donar la [&hellip;]<\/p>\n","protected":false},"author":1,"featured_media":898,"parent":0,"menu_order":0,"comment_status":"closed","ping_status":"closed","template":"","meta":{"footnotes":"","_links_to":"","_links_to_target":""},"class_list":["post-2031","page","type-page","status-publish","has-post-thumbnail","hentry"],"_links":{"self":[{"href":"https:\/\/cecbll.cat\/espaicomarca\/wp-json\/wp\/v2\/pages\/2031","targetHints":{"allow":["GET"]}}],"collection":[{"href":"https:\/\/cecbll.cat\/espaicomarca\/wp-json\/wp\/v2\/pages"}],"about":[{"href":"https:\/\/cecbll.cat\/espaicomarca\/wp-json\/wp\/v2\/types\/page"}],"author":[{"embeddable":true,"href":"https:\/\/cecbll.cat\/espaicomarca\/wp-json\/wp\/v2\/users\/1"}],"replies":[{"embeddable":true,"href":"https:\/\/cecbll.cat\/espaicomarca\/wp-json\/wp\/v2\/comments?post=2031"}],"version-history":[{"count":3,"href":"https:\/\/cecbll.cat\/espaicomarca\/wp-json\/wp\/v2\/pages\/2031\/revisions"}],"predecessor-version":[{"id":3882,"href":"https:\/\/cecbll.cat\/espaicomarca\/wp-json\/wp\/v2\/pages\/2031\/revisions\/3882"}],"wp:featuredmedia":[{"embeddable":true,"href":"https:\/\/cecbll.cat\/espaicomarca\/wp-json\/wp\/v2\/media\/898"}],"wp:attachment":[{"href":"https:\/\/cecbll.cat\/espaicomarca\/wp-json\/wp\/v2\/media?parent=2031"}],"curies":[{"name":"wp","href":"https:\/\/api.w.org\/{rel}","templated":true}]}}