{"id":2029,"date":"2017-02-27T14:00:23","date_gmt":"2017-02-27T14:00:23","guid":{"rendered":"http:\/\/cecbll.cat\/espaicomarca\/?page_id=2029"},"modified":"2018-02-02T11:36:29","modified_gmt":"2018-02-02T11:36:29","slug":"festa-de-la-cirera-el-papiol","status":"publish","type":"page","link":"https:\/\/cecbll.cat\/espaicomarca\/festa-de-la-cirera-el-papiol\/","title":{"rendered":"FESTA DE LA CIRERA EL PAPIOL"},"content":{"rendered":"<p><strong>Data\/Hora<\/strong><br \/>\n01\/06\/2018 &#8211; 03\/06\/2018<\/p>\n<p><strong>Localitzaci\u00f3<\/strong><br \/>\nEl Papiol<\/p>\n<p>&nbsp;<\/p>\n<p>Al Papiol, fa cent anys, no hi havia cireres. Hi havia vinyes, b\u00e0sicament, i tamb\u00e9 oliveres. El ra\u00efm i l\u2019oliva van ser dos cultius rellevants al Papiol abans que la cirera. De fet, es diu que tenen a veure amb els possibles or\u00edgens del nom de la poblaci\u00f3: pa-vi-oli. A causa de la plaga de fil\u00b7loxera que va afectar Catalunya, els pagesos d\u2019aquell moment van haver de canviar de cultiu. Aix\u00f2 va passar al Papiol i a molts altres camps del Baix Llobregat i del Barcelon\u00e8s.<\/p>\n<p>Ara far\u00e0 34 anys, El Papiol, per celebrar una collita bon\u00edssima, va comen\u00e7ar a organitzar anualment la Festa de la Cirera, en agra\u00efment a la prosperitat que aportava aquesta fruita. El poble, fins i tot, pot presumir d\u2019una varietat de cirera local, que amb un nom inspirat en el top\u00f2nim del municipi, la Papiola, s\u2019ha comercialitzat arreu.<\/p>\n","protected":false},"excerpt":{"rendered":"<p>Data\/Hora 01\/06\/2018 &#8211; 03\/06\/2018 Localitzaci\u00f3 El Papiol &nbsp; Al Papiol, fa cent anys, no hi havia cireres. Hi havia vinyes, [&hellip;]<\/p>\n","protected":false},"author":1,"featured_media":892,"parent":0,"menu_order":0,"comment_status":"closed","ping_status":"closed","template":"","meta":{"footnotes":"","_links_to":"","_links_to_target":""},"class_list":["post-2029","page","type-page","status-publish","has-post-thumbnail","hentry"],"_links":{"self":[{"href":"https:\/\/cecbll.cat\/espaicomarca\/wp-json\/wp\/v2\/pages\/2029","targetHints":{"allow":["GET"]}}],"collection":[{"href":"https:\/\/cecbll.cat\/espaicomarca\/wp-json\/wp\/v2\/pages"}],"about":[{"href":"https:\/\/cecbll.cat\/espaicomarca\/wp-json\/wp\/v2\/types\/page"}],"author":[{"embeddable":true,"href":"https:\/\/cecbll.cat\/espaicomarca\/wp-json\/wp\/v2\/users\/1"}],"replies":[{"embeddable":true,"href":"https:\/\/cecbll.cat\/espaicomarca\/wp-json\/wp\/v2\/comments?post=2029"}],"version-history":[{"count":3,"href":"https:\/\/cecbll.cat\/espaicomarca\/wp-json\/wp\/v2\/pages\/2029\/revisions"}],"predecessor-version":[{"id":3878,"href":"https:\/\/cecbll.cat\/espaicomarca\/wp-json\/wp\/v2\/pages\/2029\/revisions\/3878"}],"wp:featuredmedia":[{"embeddable":true,"href":"https:\/\/cecbll.cat\/espaicomarca\/wp-json\/wp\/v2\/media\/892"}],"wp:attachment":[{"href":"https:\/\/cecbll.cat\/espaicomarca\/wp-json\/wp\/v2\/media?parent=2029"}],"curies":[{"name":"wp","href":"https:\/\/api.w.org\/{rel}","templated":true}]}}