{"id":2027,"date":"2017-02-27T13:58:39","date_gmt":"2017-02-27T13:58:39","guid":{"rendered":"http:\/\/cecbll.cat\/espaicomarca\/?page_id=2027"},"modified":"2018-02-02T11:33:02","modified_gmt":"2018-02-02T11:33:02","slug":"fira-de-les-cireres","status":"publish","type":"page","link":"https:\/\/cecbll.cat\/espaicomarca\/fira-de-les-cireres\/","title":{"rendered":"FIRA DE LES CIRERES"},"content":{"rendered":"<p><strong>Data\/Hora<\/strong><br \/>\nMaig de 2018<\/p>\n<p><strong>Localitzaci\u00f3<\/strong><br \/>\nSant Climent de Llobregat<\/p>\n<p>&nbsp;<\/p>\n<p>Les activitats d\u2019aquesta festa de la cirera giren al voltant de l\u2019Exposici\u00f3 de Cireres, que se celebra des de 1976, i del Mercat de Pag\u00e8s, en qu\u00e8 es poden comprar i tastar les varietats locals, com ara la cuallarga i la \u2018starky\u2019. Paral\u00b7lelament, s\u2019organitzen diverses activitats culturals, entre les quals destaquen el Ball de la Cirera, el Concurs Internacional de Menjar Cireres i el Correfoc de la Cirera<\/p>\n","protected":false},"excerpt":{"rendered":"<p>Data\/Hora Maig de 2018 Localitzaci\u00f3 Sant Climent de Llobregat &nbsp; Les activitats d\u2019aquesta festa de la cirera giren al voltant [&hellip;]<\/p>\n","protected":false},"author":1,"featured_media":889,"parent":0,"menu_order":0,"comment_status":"closed","ping_status":"closed","template":"","meta":{"footnotes":"","_links_to":"","_links_to_target":""},"class_list":["post-2027","page","type-page","status-publish","has-post-thumbnail","hentry"],"_links":{"self":[{"href":"https:\/\/cecbll.cat\/espaicomarca\/wp-json\/wp\/v2\/pages\/2027","targetHints":{"allow":["GET"]}}],"collection":[{"href":"https:\/\/cecbll.cat\/espaicomarca\/wp-json\/wp\/v2\/pages"}],"about":[{"href":"https:\/\/cecbll.cat\/espaicomarca\/wp-json\/wp\/v2\/types\/page"}],"author":[{"embeddable":true,"href":"https:\/\/cecbll.cat\/espaicomarca\/wp-json\/wp\/v2\/users\/1"}],"replies":[{"embeddable":true,"href":"https:\/\/cecbll.cat\/espaicomarca\/wp-json\/wp\/v2\/comments?post=2027"}],"version-history":[{"count":3,"href":"https:\/\/cecbll.cat\/espaicomarca\/wp-json\/wp\/v2\/pages\/2027\/revisions"}],"predecessor-version":[{"id":3875,"href":"https:\/\/cecbll.cat\/espaicomarca\/wp-json\/wp\/v2\/pages\/2027\/revisions\/3875"}],"wp:featuredmedia":[{"embeddable":true,"href":"https:\/\/cecbll.cat\/espaicomarca\/wp-json\/wp\/v2\/media\/889"}],"wp:attachment":[{"href":"https:\/\/cecbll.cat\/espaicomarca\/wp-json\/wp\/v2\/media?parent=2027"}],"curies":[{"name":"wp","href":"https:\/\/api.w.org\/{rel}","templated":true}]}}