{"id":2025,"date":"2017-02-27T13:56:08","date_gmt":"2017-02-27T13:56:08","guid":{"rendered":"http:\/\/cecbll.cat\/espaicomarca\/?page_id=2025"},"modified":"2018-02-02T11:30:43","modified_gmt":"2018-02-02T11:30:43","slug":"festa-de-la-cirera-de-santa-coloma-de-cervello","status":"publish","type":"page","link":"https:\/\/cecbll.cat\/espaicomarca\/festa-de-la-cirera-de-santa-coloma-de-cervello\/","title":{"rendered":"FESTA DE LA CIRERA DE SANTA COLOMA DE CERVELL\u00d3"},"content":{"rendered":"<p><strong>Data\/Hora<\/strong><br \/>\nDarrer cap de setmana de maig &#8211; 2018<\/p>\n<p><strong>Localitzaci\u00f3<\/strong><br \/>\nSanta Coloma de Cervell\u00f3<\/p>\n<p>&nbsp;<\/p>\n<p>La Festa de la Cirera arrenc\u00e0 l\u2019any 1986 gr\u00e0cies a l\u2019esfor\u00e7 d\u2019un grup de pagesos i pageses que amb la intenci\u00f3 de reivindicar la import\u00e0ncia de la seva feina, van decidir fer una mostra dels seus productes, amb la Cirera com a protagonista. L\u2019esdeveniment es va repetir a l\u2019any seg\u00fcent amb una mostra diferent, i aix\u00ed ja en portem 30.<\/p>\n<p>Amb el pas dels anys la Festa s\u2019ha anat diversificant i, mantenint la Mostra de la Cirera com a punt central, s\u2019han anat afegint altres actes festius i tradicionals, com el concurs d\u2019escopir pinyols, el ball de la cirera, el mercat pag\u00e8s, exposicions i molts m\u00e9s.<\/p>\n<p>L\u2019\u00faltim cap de setmana de maig, trobareu diversi\u00f3 per a tota la fam\u00edlia. I evidentment podreu degustar i comprar cireres, i \u00e9s que diuen que \u2026no hi ha cirera millor que la de Santa Coloma de Cervell\u00f3.<\/p>\n","protected":false},"excerpt":{"rendered":"<p>Data\/Hora Darrer cap de setmana de maig &#8211; 2018 Localitzaci\u00f3 Santa Coloma de Cervell\u00f3 &nbsp; La Festa de la Cirera [&hellip;]<\/p>\n","protected":false},"author":1,"featured_media":886,"parent":0,"menu_order":0,"comment_status":"closed","ping_status":"closed","template":"","meta":{"footnotes":"","_links_to":"","_links_to_target":""},"class_list":["post-2025","page","type-page","status-publish","has-post-thumbnail","hentry"],"_links":{"self":[{"href":"https:\/\/cecbll.cat\/espaicomarca\/wp-json\/wp\/v2\/pages\/2025","targetHints":{"allow":["GET"]}}],"collection":[{"href":"https:\/\/cecbll.cat\/espaicomarca\/wp-json\/wp\/v2\/pages"}],"about":[{"href":"https:\/\/cecbll.cat\/espaicomarca\/wp-json\/wp\/v2\/types\/page"}],"author":[{"embeddable":true,"href":"https:\/\/cecbll.cat\/espaicomarca\/wp-json\/wp\/v2\/users\/1"}],"replies":[{"embeddable":true,"href":"https:\/\/cecbll.cat\/espaicomarca\/wp-json\/wp\/v2\/comments?post=2025"}],"version-history":[{"count":3,"href":"https:\/\/cecbll.cat\/espaicomarca\/wp-json\/wp\/v2\/pages\/2025\/revisions"}],"predecessor-version":[{"id":3872,"href":"https:\/\/cecbll.cat\/espaicomarca\/wp-json\/wp\/v2\/pages\/2025\/revisions\/3872"}],"wp:featuredmedia":[{"embeddable":true,"href":"https:\/\/cecbll.cat\/espaicomarca\/wp-json\/wp\/v2\/media\/886"}],"wp:attachment":[{"href":"https:\/\/cecbll.cat\/espaicomarca\/wp-json\/wp\/v2\/media?parent=2025"}],"curies":[{"name":"wp","href":"https:\/\/api.w.org\/{rel}","templated":true}]}}