{"id":2023,"date":"2017-02-27T13:53:59","date_gmt":"2017-02-27T13:53:59","guid":{"rendered":"http:\/\/cecbll.cat\/espaicomarca\/?page_id=2023"},"modified":"2018-02-02T11:28:35","modified_gmt":"2018-02-02T11:28:35","slug":"fira-desparrecs-de-gava","status":"publish","type":"page","link":"https:\/\/cecbll.cat\/espaicomarca\/fira-desparrecs-de-gava\/","title":{"rendered":"FIRA D\u2019ESP\u00c0RRECS DE GAV\u00c0"},"content":{"rendered":"<p><strong>Data\/Hora<\/strong><br \/>\nabril de 2018<\/p>\n<p><strong>Localitzaci\u00f3<\/strong><br \/>\nPla\u00e7a de Jaume Balmes, carrer de Sant Pere, carrer de Mart\u00ed l&#8217;Hum\u00e0 i el pavell\u00f3 Jacme March (Gav\u00e0)<\/p>\n<p>&nbsp;<\/p>\n<p>La primera edici\u00f3 de la que avui coneixem com la Fira d\u2019Esp\u00e0rrecs es va celebrar el 22 de maig de 1932 i va n\u00e9ixer com un Concurs Exposici\u00f3 d\u2019Esp\u00e0rrecs on els pagesos volien mostrar un producte aut\u00f2cton que nom\u00e9s es cultiva als camps situats a les Sorres de Gav\u00e0.<\/p>\n<p>A m\u00e9s de conservar la seva vessant agr\u00edcola, element identificatiu d\u2019aquesta mostra (amb les paneres art\u00edstiques, amb productes del camp i els lots d\u2019esp\u00e0rrecs), la Fira ha anat incorporant altres sectors com el comercial i la restauraci\u00f3. A banda de l\u2019Espai Gastron\u00f2mic, la zona de degustaci\u00f3 de la Fira, els restauradors locals ofereixen la seva oferta culin\u00e0ria que inclou l\u2019esp\u00e0rrec com a ingredient.<\/p>\n<p>La Fira d\u2019Esp\u00e0rrecs est\u00e0 organitzada per l\u2019Ajuntament de Gav\u00e0, amb la col\u00b7laboraci\u00f3, en la seva vessant agr\u00edcola, de la Cooperativa Agropecu\u00e0ria de Gav\u00e0, i de l\u2019Agrupaci\u00f3 de Restauradors de Gav\u00e0, en la vessant gastron\u00f2mica.<\/p>\n","protected":false},"excerpt":{"rendered":"<p>Data\/Hora abril de 2018 Localitzaci\u00f3 Pla\u00e7a de Jaume Balmes, carrer de Sant Pere, carrer de Mart\u00ed l&#8217;Hum\u00e0 i el pavell\u00f3 [&hellip;]<\/p>\n","protected":false},"author":1,"featured_media":883,"parent":0,"menu_order":0,"comment_status":"closed","ping_status":"closed","template":"","meta":{"footnotes":"","_links_to":"","_links_to_target":""},"class_list":["post-2023","page","type-page","status-publish","has-post-thumbnail","hentry"],"_links":{"self":[{"href":"https:\/\/cecbll.cat\/espaicomarca\/wp-json\/wp\/v2\/pages\/2023","targetHints":{"allow":["GET"]}}],"collection":[{"href":"https:\/\/cecbll.cat\/espaicomarca\/wp-json\/wp\/v2\/pages"}],"about":[{"href":"https:\/\/cecbll.cat\/espaicomarca\/wp-json\/wp\/v2\/types\/page"}],"author":[{"embeddable":true,"href":"https:\/\/cecbll.cat\/espaicomarca\/wp-json\/wp\/v2\/users\/1"}],"replies":[{"embeddable":true,"href":"https:\/\/cecbll.cat\/espaicomarca\/wp-json\/wp\/v2\/comments?post=2023"}],"version-history":[{"count":3,"href":"https:\/\/cecbll.cat\/espaicomarca\/wp-json\/wp\/v2\/pages\/2023\/revisions"}],"predecessor-version":[{"id":3869,"href":"https:\/\/cecbll.cat\/espaicomarca\/wp-json\/wp\/v2\/pages\/2023\/revisions\/3869"}],"wp:featuredmedia":[{"embeddable":true,"href":"https:\/\/cecbll.cat\/espaicomarca\/wp-json\/wp\/v2\/media\/883"}],"wp:attachment":[{"href":"https:\/\/cecbll.cat\/espaicomarca\/wp-json\/wp\/v2\/media?parent=2023"}],"curies":[{"name":"wp","href":"https:\/\/api.w.org\/{rel}","templated":true}]}}