{"id":2019,"date":"2017-02-27T13:50:31","date_gmt":"2017-02-27T13:50:31","guid":{"rendered":"http:\/\/cecbll.cat\/espaicomarca\/?page_id=2019"},"modified":"2018-02-02T12:11:50","modified_gmt":"2018-02-02T12:11:50","slug":"mercats-de-pages","status":"publish","type":"page","link":"https:\/\/cecbll.cat\/espaicomarca\/mercats-de-pages\/","title":{"rendered":"MERCATS DE PAG\u00c8S"},"content":{"rendered":"<p><strong>Data\/Hora<\/strong><br \/>\n01\/01\/2018 &#8211; 31\/12\/2018<\/p>\n<p>Els\u00a0<strong>Mercats de Pag\u00e8s<\/strong>\u00a0s\u00f3n una manera f\u00e0cil de comprar directament i sense intermediaris el\u00a0<strong>producte fresc del Parc Agrari<\/strong>, de temporada i d\u2019alta qualitat que es conrea a la nostra comarca.<\/p>\n<p><a href=\"http:\/\/turisme.elbaixllobregat.cat\/mercat-de-pag%C3%A8s\/mercat-de-pag%C3%A8s-del-parc-torreblanca\">Mercat de Pag\u00e8s del Parc Torreblanca<br \/>\n<\/a>Diumenges de 10h a 14h a la pla\u00e7a de la Torre del Parc Torreblanca (Sant Joan Desp\u00ed)<\/p>\n<p><a href=\"http:\/\/turisme.elbaixllobregat.cat\/mercat-de-pag%C3%A8s\/mercat-de-pag%C3%A8s-de-cornell%C3%A0\">Mercat de Pag\u00e8s de Cornell\u00e0<br \/>\n<\/a>Diumenges de 10h a 14h al Parc de Can Mercader (Cornell\u00e0)<\/p>\n<p><a href=\"http:\/\/turisme.elbaixllobregat.cat\/mercat-de-pag%C3%A8s\/mercat-de-pag%C3%A8s-de-sant-vicen%C3%A7-dels-horts\">Mercat de Pag\u00e8s de Sant Vicen\u00e7 dels Horts<br \/>\n<\/a>Dissabtes de 9h a 14h a la Pla\u00e7a de Narc\u00eds Lunes i Boloix (Sant Vicen\u00e7 dels Horts)<\/p>\n<p><a href=\"http:\/\/turisme.elbaixllobregat.cat\/mercat-de-pag%C3%A8s\/mercat-de-pag%C3%A8s-del-prat-de-llobregat\">Mercat de Pag\u00e8s del Prat de Llobregat<br \/>\n<\/a>Dissabtes de 9h a 14h a la Pla\u00e7a de Pau Casals (El Prat de Llobregat)<\/p>\n<p><a href=\"http:\/\/turisme.elbaixllobregat.cat\/mercat-de-pag%C3%A8s\/mercat-de-pag%C3%A8s-de-la-col%C3%B2nia-g%C3%BCell\">Mercat de Pag\u00e8s de la Col\u00f2nia G\u00fcell<br \/>\n<\/a>Dissabtes de 9h a 14h al Camet de la Col\u00f2nia G\u00fcell (Santa Coloma de Cervell\u00f3)<\/p>\n<p><a href=\"http:\/\/turisme.elbaixllobregat.cat\/mercat-de-pag%C3%A8s\/mercat-de-pag%C3%A8s-de-viladecans\">Mercat de Pag\u00e8s de Viladecans<br \/>\n<\/a>Dimecres de 9h a 14h al Parc de Can Xic (Viladecans)<\/p>\n<p><a href=\"http:\/\/turisme.elbaixllobregat.cat\/mercat-de-pag%C3%A8s\/mercat-de-pag%C3%A8s-de-sant-boi\">Mercat de Pag\u00e8s de Sant Boi<br \/>\n<\/a>Divendres de 15h a 20h a la Rambla Rafael Casanova (Sant Boi de Llobregat)<\/p>\n<p><a href=\"http:\/\/turisme.elbaixllobregat.cat\/mercat-de-pag%C3%A8s\/mercat-de-pag%C3%A8s-de-gav%C3%A0\">Mercat de Pag\u00e8s de Gav\u00e0<br \/>\n<\/a>Dimarts de 10h a 14h al Parc de la Torre Lluc (Gav\u00e0)<\/p>\n","protected":false},"excerpt":{"rendered":"<p>Data\/Hora 01\/01\/2018 &#8211; 31\/12\/2018 Els\u00a0Mercats de Pag\u00e8s\u00a0s\u00f3n una manera f\u00e0cil de comprar directament i sense intermediaris el\u00a0producte fresc del Parc [&hellip;]<\/p>\n","protected":false},"author":1,"featured_media":863,"parent":0,"menu_order":0,"comment_status":"closed","ping_status":"closed","template":"","meta":{"footnotes":"","_links_to":"","_links_to_target":""},"class_list":["post-2019","page","type-page","status-publish","has-post-thumbnail","hentry"],"_links":{"self":[{"href":"https:\/\/cecbll.cat\/espaicomarca\/wp-json\/wp\/v2\/pages\/2019","targetHints":{"allow":["GET"]}}],"collection":[{"href":"https:\/\/cecbll.cat\/espaicomarca\/wp-json\/wp\/v2\/pages"}],"about":[{"href":"https:\/\/cecbll.cat\/espaicomarca\/wp-json\/wp\/v2\/types\/page"}],"author":[{"embeddable":true,"href":"https:\/\/cecbll.cat\/espaicomarca\/wp-json\/wp\/v2\/users\/1"}],"replies":[{"embeddable":true,"href":"https:\/\/cecbll.cat\/espaicomarca\/wp-json\/wp\/v2\/comments?post=2019"}],"version-history":[{"count":4,"href":"https:\/\/cecbll.cat\/espaicomarca\/wp-json\/wp\/v2\/pages\/2019\/revisions"}],"predecessor-version":[{"id":3917,"href":"https:\/\/cecbll.cat\/espaicomarca\/wp-json\/wp\/v2\/pages\/2019\/revisions\/3917"}],"wp:featuredmedia":[{"embeddable":true,"href":"https:\/\/cecbll.cat\/espaicomarca\/wp-json\/wp\/v2\/media\/863"}],"wp:attachment":[{"href":"https:\/\/cecbll.cat\/espaicomarca\/wp-json\/wp\/v2\/media?parent=2019"}],"curies":[{"name":"wp","href":"https:\/\/api.w.org\/{rel}","templated":true}]}}