{"id":2013,"date":"2017-02-27T13:45:26","date_gmt":"2017-02-27T13:45:26","guid":{"rendered":"http:\/\/cecbll.cat\/espaicomarca\/?page_id=2013"},"modified":"2018-02-02T11:11:51","modified_gmt":"2018-02-02T11:11:51","slug":"festival-altaveu","status":"publish","type":"page","link":"https:\/\/cecbll.cat\/espaicomarca\/festival-altaveu\/","title":{"rendered":"FESTIVAL ALTAVEU"},"content":{"rendered":"<p><strong>Data\/Hora<\/strong><br \/>\nSetembre de 2018<\/p>\n<p><strong>Localitzaci\u00f3<\/strong><br \/>\nSant Boi de Llobregat<\/p>\n<p>&nbsp;<\/p>\n<p>El\u00a0<strong>Festival Altaveu<\/strong>, tamb\u00e9 conegut com a\u00a0<strong>Festival de la M\u00fasica i la Can\u00e7\u00f3 de Sant Boi de Llobregat<\/strong>, \u00e9s un festival de m\u00fasica que se celebra anualment el mes de setembre a\u00a0Sant Boi de Llobregat\u00a0des de\u00a01989.<\/p>\n<p>El Festival va n\u00e9ixer amb la voluntat de reivindicar la can\u00e7\u00f3 d\u2019autor feta a Catalunya. En aquests 27 anys han passat pel Festival m\u00fasics amb estils tan diferents com la m\u00fasica d\u2019autor, el\u00a0pop-rock,\u00a0m\u00fasiques tradicionals\u00a0i \u00e8tniques, el\u00a0jazz, l\u2019electr\u00f2nica o el\u00a0flamenc.<\/p>\n<p><strong>L\u2019Altaveu Emergent<\/strong>\u00a0\u00e9s una secci\u00f3 del Festival que combina m\u00fasica i noves tecnologies a partir del planter dels grups locals i comarcals, en col\u00b7laboraci\u00f3 amb MusicLab de\u00a0Citilab i l\u2019associaci\u00f3 musical Cultura.<\/p>\n<p><strong>L\u2019Altaveu Frontera<\/strong>\u00a0\u00e9s una secci\u00f3 competitiva de grups revelaci\u00f3 del panorama musical catal\u00e0. Els guanyadors del concurs actuaran en directe al mateix Festival.<\/p>\n","protected":false},"excerpt":{"rendered":"<p>Data\/Hora Setembre de 2018 Localitzaci\u00f3 Sant Boi de Llobregat &nbsp; El\u00a0Festival Altaveu, tamb\u00e9 conegut com a\u00a0Festival de la M\u00fasica i [&hellip;]<\/p>\n","protected":false},"author":1,"featured_media":858,"parent":0,"menu_order":0,"comment_status":"closed","ping_status":"closed","template":"","meta":{"footnotes":"","_links_to":"","_links_to_target":""},"class_list":["post-2013","page","type-page","status-publish","has-post-thumbnail","hentry"],"_links":{"self":[{"href":"https:\/\/cecbll.cat\/espaicomarca\/wp-json\/wp\/v2\/pages\/2013","targetHints":{"allow":["GET"]}}],"collection":[{"href":"https:\/\/cecbll.cat\/espaicomarca\/wp-json\/wp\/v2\/pages"}],"about":[{"href":"https:\/\/cecbll.cat\/espaicomarca\/wp-json\/wp\/v2\/types\/page"}],"author":[{"embeddable":true,"href":"https:\/\/cecbll.cat\/espaicomarca\/wp-json\/wp\/v2\/users\/1"}],"replies":[{"embeddable":true,"href":"https:\/\/cecbll.cat\/espaicomarca\/wp-json\/wp\/v2\/comments?post=2013"}],"version-history":[{"count":3,"href":"https:\/\/cecbll.cat\/espaicomarca\/wp-json\/wp\/v2\/pages\/2013\/revisions"}],"predecessor-version":[{"id":3862,"href":"https:\/\/cecbll.cat\/espaicomarca\/wp-json\/wp\/v2\/pages\/2013\/revisions\/3862"}],"wp:featuredmedia":[{"embeddable":true,"href":"https:\/\/cecbll.cat\/espaicomarca\/wp-json\/wp\/v2\/media\/858"}],"wp:attachment":[{"href":"https:\/\/cecbll.cat\/espaicomarca\/wp-json\/wp\/v2\/media?parent=2013"}],"curies":[{"name":"wp","href":"https:\/\/api.w.org\/{rel}","templated":true}]}}