{"id":2011,"date":"2017-02-27T13:43:18","date_gmt":"2017-02-27T13:43:18","guid":{"rendered":"http:\/\/cecbll.cat\/espaicomarca\/?page_id=2011"},"modified":"2018-02-02T11:09:36","modified_gmt":"2018-02-02T11:09:36","slug":"exposicio-nacional-de-roses","status":"publish","type":"page","link":"https:\/\/cecbll.cat\/espaicomarca\/exposicio-nacional-de-roses\/","title":{"rendered":"EXPOSICI\u00d3 NACIONAL DE ROSES"},"content":{"rendered":"<p><strong>Data\/Hora<\/strong><br \/>\n11\/05\/2018 &#8211; 13\/05\/2018<\/p>\n<p><strong>Localitzaci\u00f3<\/strong><br \/>\nCarrer de Falguera, 2-8. Sant Feliu de Llobregat<\/p>\n<p>&nbsp;<\/p>\n<p>Sant Feliu de Llobregat, capital del Baix Llobregat, acull cada segon cap de setmana de maig\u00a0les Festes de Primavera, celebraci\u00f3 que engloba un dels esdeveniments m\u00e9s emblem\u00e0tics de la ciutat: l\u2019<strong>Exposici\u00f3 Nacional de Roses.<\/strong><\/p>\n<p>En el marc de l\u2019Exposici\u00f3 s\u2019organitzen confer\u00e8ncies i demostracions d\u2019art floral i s\u2019hi exposen ikebanes com a mostra d\u2019art floral japon\u00e8s. A m\u00e9s, se celebren diversos concursos de roses on hi participen tant professionals com amateurs. En els concursos es triar\u00e0 la millor rosa (guardonada amb el Premi d\u2019honor Pere Dot), la rosa m\u00e9s perfumada, les millors roses en miniatura o els rosers m\u00e9s bells de la varietat Polyantha. Tamb\u00e9 s\u2019organitza un concurs infantil de roses, obert a la participaci\u00f3 dels infants de fins a 14 anys.<\/p>\n<p>L\u2019Exposici\u00f3 \u00e9s organitzada per l\u2019Ajuntament amb la participaci\u00f3 de l\u2019Associaci\u00f3 Amics de les Roses.<\/p>\n","protected":false},"excerpt":{"rendered":"<p>Data\/Hora 11\/05\/2018 &#8211; 13\/05\/2018 Localitzaci\u00f3 Carrer de Falguera, 2-8. Sant Feliu de Llobregat &nbsp; Sant Feliu de Llobregat, capital del [&hellip;]<\/p>\n","protected":false},"author":1,"featured_media":855,"parent":0,"menu_order":0,"comment_status":"closed","ping_status":"closed","template":"","meta":{"footnotes":"","_links_to":"","_links_to_target":""},"class_list":["post-2011","page","type-page","status-publish","has-post-thumbnail","hentry"],"_links":{"self":[{"href":"https:\/\/cecbll.cat\/espaicomarca\/wp-json\/wp\/v2\/pages\/2011","targetHints":{"allow":["GET"]}}],"collection":[{"href":"https:\/\/cecbll.cat\/espaicomarca\/wp-json\/wp\/v2\/pages"}],"about":[{"href":"https:\/\/cecbll.cat\/espaicomarca\/wp-json\/wp\/v2\/types\/page"}],"author":[{"embeddable":true,"href":"https:\/\/cecbll.cat\/espaicomarca\/wp-json\/wp\/v2\/users\/1"}],"replies":[{"embeddable":true,"href":"https:\/\/cecbll.cat\/espaicomarca\/wp-json\/wp\/v2\/comments?post=2011"}],"version-history":[{"count":3,"href":"https:\/\/cecbll.cat\/espaicomarca\/wp-json\/wp\/v2\/pages\/2011\/revisions"}],"predecessor-version":[{"id":3860,"href":"https:\/\/cecbll.cat\/espaicomarca\/wp-json\/wp\/v2\/pages\/2011\/revisions\/3860"}],"wp:featuredmedia":[{"embeddable":true,"href":"https:\/\/cecbll.cat\/espaicomarca\/wp-json\/wp\/v2\/media\/855"}],"wp:attachment":[{"href":"https:\/\/cecbll.cat\/espaicomarca\/wp-json\/wp\/v2\/media?parent=2011"}],"curies":[{"name":"wp","href":"https:\/\/api.w.org\/{rel}","templated":true}]}}