{"id":2009,"date":"2017-02-27T13:41:27","date_gmt":"2017-02-27T13:41:27","guid":{"rendered":"http:\/\/cecbll.cat\/espaicomarca\/?page_id=2009"},"modified":"2018-02-02T11:06:26","modified_gmt":"2018-02-02T11:06:26","slug":"fira-de-la-purissima-sant-boi","status":"publish","type":"page","link":"https:\/\/cecbll.cat\/espaicomarca\/fira-de-la-purissima-sant-boi\/","title":{"rendered":"FIRA DE LA PUR\u00cdSSIMA SANT BOI"},"content":{"rendered":"<p><strong>Data\/Hora<\/strong><br \/>\n06\/12\/2018 \u2013 08\/12\/2018<\/p>\n<p><strong>Localitzaci\u00f3<\/strong><br \/>\nPla\u00e7a Ajuntament, 1. Sant Boi de Llobregat<\/p>\n<p>&nbsp;<\/p>\n<p>La\u00a0<strong>Fira de la Pur\u00edssima de Sant Boi<\/strong>\u00a0s\u2019ha consolidat com una mostra interdisciplinar de gran import\u00e0ncia, amb un ampli ventall d\u2019ofertes comercials i culturals. El visitant podr\u00e0 trobar espais monogr\u00e0fics<em>,<\/em><em>\u00a0<\/em>l\u2019espai dedicat a la mostra d\u2019oficis tradicionals, mostra de brocanters i visites teatralitzades a la zona muse\u00edstica.<\/p>\n<p>La Fira de Sant Boi respira modernitat per\u00f2 tamb\u00e9 un cert regust a tradici\u00f3. Aix\u00ed ho capta el visitant en rec\u00f3rrer el recinte a l\u2019entorn del nucli antic, amb la pres\u00e8ncia dels planters, parades d\u2019antigues ferreteries amb productes per la llar i pel camp, artesans de la m\u00e9s diversa proced\u00e8ncia, embotits, formatges, pans i coques, i degut a la proximitat del Nadal, flors, decoraci\u00f3, arbres i garlandes. La Fira de la Pur\u00edssima de Sant Boi \u00e9s una fira d\u2019avui com les d\u2019abans, plena de vida i vitalitat!!!<\/p>\n","protected":false},"excerpt":{"rendered":"<p>Data\/Hora 06\/12\/2018 \u2013 08\/12\/2018 Localitzaci\u00f3 Pla\u00e7a Ajuntament, 1. Sant Boi de Llobregat &nbsp; La\u00a0Fira de la Pur\u00edssima de Sant Boi\u00a0s\u2019ha [&hellip;]<\/p>\n","protected":false},"author":1,"featured_media":846,"parent":0,"menu_order":0,"comment_status":"closed","ping_status":"closed","template":"","meta":{"footnotes":"","_links_to":"","_links_to_target":""},"class_list":["post-2009","page","type-page","status-publish","has-post-thumbnail","hentry"],"_links":{"self":[{"href":"https:\/\/cecbll.cat\/espaicomarca\/wp-json\/wp\/v2\/pages\/2009","targetHints":{"allow":["GET"]}}],"collection":[{"href":"https:\/\/cecbll.cat\/espaicomarca\/wp-json\/wp\/v2\/pages"}],"about":[{"href":"https:\/\/cecbll.cat\/espaicomarca\/wp-json\/wp\/v2\/types\/page"}],"author":[{"embeddable":true,"href":"https:\/\/cecbll.cat\/espaicomarca\/wp-json\/wp\/v2\/users\/1"}],"replies":[{"embeddable":true,"href":"https:\/\/cecbll.cat\/espaicomarca\/wp-json\/wp\/v2\/comments?post=2009"}],"version-history":[{"count":2,"href":"https:\/\/cecbll.cat\/espaicomarca\/wp-json\/wp\/v2\/pages\/2009\/revisions"}],"predecessor-version":[{"id":3858,"href":"https:\/\/cecbll.cat\/espaicomarca\/wp-json\/wp\/v2\/pages\/2009\/revisions\/3858"}],"wp:featuredmedia":[{"embeddable":true,"href":"https:\/\/cecbll.cat\/espaicomarca\/wp-json\/wp\/v2\/media\/846"}],"wp:attachment":[{"href":"https:\/\/cecbll.cat\/espaicomarca\/wp-json\/wp\/v2\/media?parent=2009"}],"curies":[{"name":"wp","href":"https:\/\/api.w.org\/{rel}","templated":true}]}}