{"id":2004,"date":"2017-02-27T13:35:04","date_gmt":"2017-02-27T13:35:04","guid":{"rendered":"http:\/\/cecbll.cat\/espaicomarca\/?page_id=2004"},"modified":"2018-02-02T11:04:53","modified_gmt":"2018-02-02T11:04:53","slug":"la-passio-desparreguera","status":"publish","type":"page","link":"https:\/\/cecbll.cat\/espaicomarca\/la-passio-desparreguera\/","title":{"rendered":"LA PASSI\u00d3 D\u2019ESPARREGUERA"},"content":{"rendered":"<p><strong>Data\/Hora<\/strong><br \/>\n4\/03\/2018 &#8211; 1\/05\/2018<\/p>\n<p><strong>Localitzaci\u00f3<\/strong><br \/>\nAv. Francesc Marim\u00f3n, 83. Esparreguera<\/p>\n<p>&nbsp;<\/p>\n<p>Les actuals Passions s\u00f3n una evoluci\u00f3 l\u00f2gica dels anomenats \u201cmisteris\u201d. El \u201cmisteri\u201d fou una representaci\u00f3 dram\u00e0tica d\u2019origen medieval en la qual eren escenificats passatges de la vida de Jes\u00fas, de la Mare de D\u00e9u o alguns sants. Posteriorment el g\u00e8nere evolucion\u00e0: l\u2019escenografia es complic\u00e0 i les representacions sortiren de l\u2019interior de l\u2019esgl\u00e9sia cap a les places. Aquesta evoluci\u00f3 continuada f\u00e9u que al segle XIV, el misteris ja s\u2019haguessin convertit en aut\u00e8ntiques representacions teatrals.<\/p>\n<p>La Passi\u00f3 d\u2019Esparreguera ha sabut mantenir al llarg dels anys la seva estructura original i es representa en 37 escenes dividides en dues parts: la primera part al mat\u00ed i la segona a la tarda. Aquesta estructura, poc freq\u00fcent en el teatre actual, la converteix en una festa popular per gaudir durant tot un dia. Els espectadors estan convidats a viure una jornada teatral tan singular que de ben segur repetiran en m\u00e9s d\u2019una ocasi\u00f3 al llarg de la seva vida.<\/p>\n<p>La versi\u00f3 actual del text, \u00e9s una creaci\u00f3 de l\u2019artista esparreguer\u00ed Ramon Torruella Satorra, estrenada l\u2019any 1960, que es mant\u00e9 fidel als textos evang\u00e8lics i s\u2019adapta a la vegada a la nostra realitat m\u00e9s immediata.<\/p>\n","protected":false},"excerpt":{"rendered":"<p>Data\/Hora 4\/03\/2018 &#8211; 1\/05\/2018 Localitzaci\u00f3 Av. Francesc Marim\u00f3n, 83. Esparreguera &nbsp; Les actuals Passions s\u00f3n una evoluci\u00f3 l\u00f2gica dels anomenats [&hellip;]<\/p>\n","protected":false},"author":1,"featured_media":843,"parent":0,"menu_order":0,"comment_status":"closed","ping_status":"closed","template":"","meta":{"footnotes":"","_links_to":"","_links_to_target":""},"class_list":["post-2004","page","type-page","status-publish","has-post-thumbnail","hentry"],"_links":{"self":[{"href":"https:\/\/cecbll.cat\/espaicomarca\/wp-json\/wp\/v2\/pages\/2004","targetHints":{"allow":["GET"]}}],"collection":[{"href":"https:\/\/cecbll.cat\/espaicomarca\/wp-json\/wp\/v2\/pages"}],"about":[{"href":"https:\/\/cecbll.cat\/espaicomarca\/wp-json\/wp\/v2\/types\/page"}],"author":[{"embeddable":true,"href":"https:\/\/cecbll.cat\/espaicomarca\/wp-json\/wp\/v2\/users\/1"}],"replies":[{"embeddable":true,"href":"https:\/\/cecbll.cat\/espaicomarca\/wp-json\/wp\/v2\/comments?post=2004"}],"version-history":[{"count":2,"href":"https:\/\/cecbll.cat\/espaicomarca\/wp-json\/wp\/v2\/pages\/2004\/revisions"}],"predecessor-version":[{"id":3857,"href":"https:\/\/cecbll.cat\/espaicomarca\/wp-json\/wp\/v2\/pages\/2004\/revisions\/3857"}],"wp:featuredmedia":[{"embeddable":true,"href":"https:\/\/cecbll.cat\/espaicomarca\/wp-json\/wp\/v2\/media\/843"}],"wp:attachment":[{"href":"https:\/\/cecbll.cat\/espaicomarca\/wp-json\/wp\/v2\/media?parent=2004"}],"curies":[{"name":"wp","href":"https:\/\/api.w.org\/{rel}","templated":true}]}}