{"id":2000,"date":"2017-02-27T13:32:13","date_gmt":"2017-02-27T13:32:13","guid":{"rendered":"http:\/\/cecbll.cat\/espaicomarca\/?page_id=2000"},"modified":"2018-02-02T11:03:03","modified_gmt":"2018-02-02T11:03:03","slug":"fira-de-la-candelera-molins","status":"publish","type":"page","link":"https:\/\/cecbll.cat\/espaicomarca\/fira-de-la-candelera-molins\/","title":{"rendered":"FIRA DE LA CANDELERA MOLINS"},"content":{"rendered":"<p><strong>Data\/Hora<\/strong><br \/>\n02\/02\/2018 &#8211; 04\/02\/2018<\/p>\n<p><strong>Localitzaci\u00f3<\/strong><br \/>\nPla\u00e7a Catalunya, 1. Molins de Rei.<\/p>\n<p>La\u00a0<strong>Fira de la Candelera de Molins de Rei<\/strong>\u00a0\u00e9s un certamen multisectorial que es celebra cada primer divendres, dissabte i diumenge del mes de febrer. Des dels seus inicis va veure com el proc\u00e9s d\u2019industrialitzaci\u00f3 que vivia el pa\u00eds feia que el t\u00e8xtil an\u00e9s prenent import\u00e0ncia i compartint protagonisme amb l\u2019activitat agr\u00edcola i ramadera. Ha esdevingut una celebraci\u00f3 popular que va m\u00e9s enll\u00e0 de la simple activitat econ\u00f2mica que l\u2019origin\u00e0 oferint una variada mostra agr\u00edcola, comercial, industrial, l\u00fadica, social i cultural. Fou institu\u00efda per la reina Isabel II l\u2019any\u00a01852 arran de la petici\u00f3 formulada per un grup de propietaris i pel mateix ajuntament de\u00a0Molins de Rei<strong>.<\/strong><\/p>\n","protected":false},"excerpt":{"rendered":"<p>Data\/Hora 02\/02\/2018 &#8211; 04\/02\/2018 Localitzaci\u00f3 Pla\u00e7a Catalunya, 1. Molins de Rei. La\u00a0Fira de la Candelera de Molins de Rei\u00a0\u00e9s un [&hellip;]<\/p>\n","protected":false},"author":1,"featured_media":840,"parent":0,"menu_order":0,"comment_status":"closed","ping_status":"closed","template":"","meta":{"footnotes":"","_links_to":"","_links_to_target":""},"class_list":["post-2000","page","type-page","status-publish","has-post-thumbnail","hentry"],"_links":{"self":[{"href":"https:\/\/cecbll.cat\/espaicomarca\/wp-json\/wp\/v2\/pages\/2000","targetHints":{"allow":["GET"]}}],"collection":[{"href":"https:\/\/cecbll.cat\/espaicomarca\/wp-json\/wp\/v2\/pages"}],"about":[{"href":"https:\/\/cecbll.cat\/espaicomarca\/wp-json\/wp\/v2\/types\/page"}],"author":[{"embeddable":true,"href":"https:\/\/cecbll.cat\/espaicomarca\/wp-json\/wp\/v2\/users\/1"}],"replies":[{"embeddable":true,"href":"https:\/\/cecbll.cat\/espaicomarca\/wp-json\/wp\/v2\/comments?post=2000"}],"version-history":[{"count":4,"href":"https:\/\/cecbll.cat\/espaicomarca\/wp-json\/wp\/v2\/pages\/2000\/revisions"}],"predecessor-version":[{"id":3856,"href":"https:\/\/cecbll.cat\/espaicomarca\/wp-json\/wp\/v2\/pages\/2000\/revisions\/3856"}],"wp:featuredmedia":[{"embeddable":true,"href":"https:\/\/cecbll.cat\/espaicomarca\/wp-json\/wp\/v2\/media\/840"}],"wp:attachment":[{"href":"https:\/\/cecbll.cat\/espaicomarca\/wp-json\/wp\/v2\/media?parent=2000"}],"curies":[{"name":"wp","href":"https:\/\/api.w.org\/{rel}","templated":true}]}}