{"id":1997,"date":"2017-02-27T13:28:36","date_gmt":"2017-02-27T13:28:36","guid":{"rendered":"http:\/\/cecbll.cat\/espaicomarca\/?page_id=1997"},"modified":"2018-02-02T10:56:44","modified_gmt":"2018-02-02T10:56:44","slug":"la-passio-dolesa","status":"publish","type":"page","link":"https:\/\/cecbll.cat\/espaicomarca\/la-passio-dolesa\/","title":{"rendered":"LA PASSI\u00d3 D&#8217;OLESA"},"content":{"rendered":"<p><strong>Data\/Hora<\/strong><br \/>\n04\/03\/2018 &#8211; 01\/05\/2018<\/p>\n<p><strong>Localitzaci\u00f3<\/strong><br \/>\nPla\u00e7a de l&#8217;Oli d&#8217;Olesa de Montserrat<\/p>\n<p>La <strong>Passi\u00f3 d\u2019Olesa de Montserrat<\/strong> \u00e9s una representaci\u00f3 teatral que narra la Passi\u00f3 de Jes\u00fas. Hi participen un gran nombre d\u2019Olesans de forma desinteressada continuant una tradici\u00f3 que han heretat dels seus avantpassats.<\/p>\n<p>El document m\u00e9s antic referent a les representacions de La Passi\u00f3 a Olesa de Montserrat data del segle XVI.<\/p>\n<p>La Passi\u00f3 es va representar, durant el segle XVI, en l\u2019\u00e0mbit urb\u00e0 i com a cerim\u00f2nia c\u00edvica, organitzada pel municipi i amb la concurr\u00e8ncia de tota la poblaci\u00f3. Per\u00f2 despr\u00e9s de ben b\u00e9 un segle, l\u2019esgl\u00e9sia recondueix la representaci\u00f3 a dins del temple, fet que li permet una major vigil\u00e0ncia, audi\u00e8ncia i prestigi.<\/p>\n<p>En l\u2019\u00e8poca moderna, si es mantenen aquestes representacions, \u00e9s gr\u00e0cies a la tenacitat popular, perqu\u00e8 les inst\u00e0ncies eclesials en buscaven reiteradament la prohibici\u00f3, com ho demostra la disposici\u00f3 episcopal de 1813, que afortunadament Olesa no va tenir en compte.<\/p>\n<p>El text que es feia servir havia estat escrit per fra Antoni de Sant Jeroni i es va continuar utilitzant fins a l\u2019any 1949, en qu\u00e8 s\u2019estren\u00e0 un nou text de Joan Povill i Adser\u00e0, mestre de la vila.<\/p>\n<p>Propera edici\u00f3: Festius des del 4 de mar\u00e7 a l\u20191 de maig de 2018<\/p>\n","protected":false},"excerpt":{"rendered":"<p>Data\/Hora 04\/03\/2018 &#8211; 01\/05\/2018 Localitzaci\u00f3 Pla\u00e7a de l&#8217;Oli d&#8217;Olesa de Montserrat La Passi\u00f3 d\u2019Olesa de Montserrat \u00e9s una representaci\u00f3 teatral [&hellip;]<\/p>\n","protected":false},"author":1,"featured_media":838,"parent":0,"menu_order":0,"comment_status":"closed","ping_status":"closed","template":"","meta":{"footnotes":"","_links_to":"","_links_to_target":""},"class_list":["post-1997","page","type-page","status-publish","has-post-thumbnail","hentry"],"_links":{"self":[{"href":"https:\/\/cecbll.cat\/espaicomarca\/wp-json\/wp\/v2\/pages\/1997","targetHints":{"allow":["GET"]}}],"collection":[{"href":"https:\/\/cecbll.cat\/espaicomarca\/wp-json\/wp\/v2\/pages"}],"about":[{"href":"https:\/\/cecbll.cat\/espaicomarca\/wp-json\/wp\/v2\/types\/page"}],"author":[{"embeddable":true,"href":"https:\/\/cecbll.cat\/espaicomarca\/wp-json\/wp\/v2\/users\/1"}],"replies":[{"embeddable":true,"href":"https:\/\/cecbll.cat\/espaicomarca\/wp-json\/wp\/v2\/comments?post=1997"}],"version-history":[{"count":5,"href":"https:\/\/cecbll.cat\/espaicomarca\/wp-json\/wp\/v2\/pages\/1997\/revisions"}],"predecessor-version":[{"id":3854,"href":"https:\/\/cecbll.cat\/espaicomarca\/wp-json\/wp\/v2\/pages\/1997\/revisions\/3854"}],"wp:featuredmedia":[{"embeddable":true,"href":"https:\/\/cecbll.cat\/espaicomarca\/wp-json\/wp\/v2\/media\/838"}],"wp:attachment":[{"href":"https:\/\/cecbll.cat\/espaicomarca\/wp-json\/wp\/v2\/media?parent=1997"}],"curies":[{"name":"wp","href":"https:\/\/api.w.org\/{rel}","templated":true}]}}