{"id":190,"date":"2016-01-07T15:22:23","date_gmt":"2016-01-07T15:22:23","guid":{"rendered":"http:\/\/www.trimatge.org\/cecbll\/?page_id=190"},"modified":"2017-01-13T13:12:55","modified_gmt":"2017-01-13T13:12:55","slug":"parcs-i-jardins","status":"publish","type":"page","link":"https:\/\/cecbll.cat\/espaicomarca\/parcs-i-jardins\/","title":{"rendered":"Parcs i jardins de la comarca"},"content":{"rendered":"<div id=\"pl-190\"  class=\"panel-layout\" ><div id=\"pg-190-0\"  class=\"panel-grid panel-no-style\" ><div id=\"pgc-190-0-0\"  class=\"panel-grid-cell\" ><div id=\"panel-190-0-0-0\" class=\"so-panel widget widget_sow-image panel-first-child panel-last-child\" data-index=\"0\" ><div\n\t\t\t\n\t\t\tclass=\"so-widget-sow-image so-widget-sow-image-default-8b5b6f678277-190\"\n\t\t\t\n\t\t>\n<div class=\"sow-image-container\">\n\t\t\t<a href=\"http:\/\/cecbll.cat\/espaicomarca\/el-parc-de-can-mercader\/\"\n\t\t\t\t\t>\n\t\t\t<img \n\tsrc=\"https:\/\/cecbll.cat\/espaicomarca\/wp-content\/uploads\/2016\/01\/can_mercader_1.jpg\" width=\"1200\" height=\"355\" srcset=\"https:\/\/cecbll.cat\/espaicomarca\/wp-content\/uploads\/2016\/01\/can_mercader_1.jpg 1200w, https:\/\/cecbll.cat\/espaicomarca\/wp-content\/uploads\/2016\/01\/can_mercader_1-300x89.jpg 300w, https:\/\/cecbll.cat\/espaicomarca\/wp-content\/uploads\/2016\/01\/can_mercader_1-1024x303.jpg 1024w, https:\/\/cecbll.cat\/espaicomarca\/wp-content\/uploads\/2016\/01\/can_mercader_1-270x80.jpg 270w\" sizes=\"(max-width: 1200px) 100vw, 1200px\" alt=\"\" \t\tclass=\"so-widget-image\"\/>\n\t\t\t<\/a><\/div>\n\n<\/div><\/div><\/div><\/div><div id=\"pg-190-1\"  class=\"panel-grid panel-no-style\" ><div id=\"pgc-190-1-0\"  class=\"panel-grid-cell\" ><div id=\"panel-190-1-0-0\" class=\"so-panel widget widget_sow-editor panel-first-child panel-last-child\" data-index=\"1\" ><div\n\t\t\t\n\t\t\tclass=\"so-widget-sow-editor so-widget-sow-editor-base\"\n\t\t\t\n\t\t><h3 class=\"widget-title\">El parc de Can Mercader<\/h3>\n<div class=\"siteorigin-widget-tinymce textwidget\">\n\t<p><strong>Carretera Hospitalet, 137. Cornell\u00e0 de Llobregat<\/strong><\/p>\n<p>El parc de Can Mercader, prov\u00e9 d'una antiga hisenda agr\u00edcola, corresponent a la masia anomenada Mas Oriol de l'Empedrat, de la qual hi ha not\u00edcies documentals des de finals de l\u2019edat mitjana... <a href=\"http:\/\/cecbll.cat\/espaicomarca\/el-parc-de-can-mercader\/\">&lt;veure m\u00e9s&gt;<\/a><\/p>\n<\/div>\n<\/div><\/div><\/div><\/div><div id=\"pg-190-2\"  class=\"panel-grid panel-no-style\" ><div id=\"pgc-190-2-0\"  class=\"panel-grid-cell\" ><div id=\"panel-190-2-0-0\" class=\"so-panel widget widget_sow-image panel-first-child panel-last-child\" data-index=\"2\" ><div\n\t\t\t\n\t\t\tclass=\"so-widget-sow-image so-widget-sow-image-default-8b5b6f678277-190\"\n\t\t\t\n\t\t>\n<div class=\"sow-image-container\">\n\t\t\t<a href=\"http:\/\/cecbll.cat\/espaicomarca\/parc-de-can-vidalet\/\"\n\t\t\t\t\t>\n\t\t\t<img \n\tsrc=\"https:\/\/cecbll.cat\/espaicomarca\/wp-content\/uploads\/2016\/01\/can_vidalet_1.jpg\" width=\"1200\" height=\"355\" srcset=\"https:\/\/cecbll.cat\/espaicomarca\/wp-content\/uploads\/2016\/01\/can_vidalet_1.jpg 1200w, https:\/\/cecbll.cat\/espaicomarca\/wp-content\/uploads\/2016\/01\/can_vidalet_1-300x89.jpg 300w, https:\/\/cecbll.cat\/espaicomarca\/wp-content\/uploads\/2016\/01\/can_vidalet_1-1024x303.jpg 1024w, https:\/\/cecbll.cat\/espaicomarca\/wp-content\/uploads\/2016\/01\/can_vidalet_1-270x80.jpg 270w\" sizes=\"(max-width: 1200px) 100vw, 1200px\" alt=\"\" \t\tclass=\"so-widget-image\"\/>\n\t\t\t<\/a><\/div>\n\n<\/div><\/div><\/div><\/div><div id=\"pg-190-3\"  class=\"panel-grid panel-no-style\" ><div id=\"pgc-190-3-0\"  class=\"panel-grid-cell\" ><div id=\"panel-190-3-0-0\" class=\"so-panel widget widget_sow-editor panel-first-child panel-last-child\" data-index=\"3\" ><div\n\t\t\t\n\t\t\tclass=\"so-widget-sow-editor so-widget-sow-editor-base\"\n\t\t\t\n\t\t><h3 class=\"widget-title\">Parc de Can Vidalet<\/h3>\n<div class=\"siteorigin-widget-tinymce textwidget\">\n\t<p><strong>Barri Can Vidalet. Esplugues de Llobregat<\/strong><\/p>\n<p>El\u00a0<strong>Parc de Can Vidalet<\/strong>\u00a0est\u00e0 situat al terme municipal d'Esplugues de Llobregat. L'indret on es troba el\u00a0parc, a la part baixa d'Esplugues, molt a prop del l\u00edmit amb l'Hospitalet, havia estat, fins als anys 50... <a href=\"http:\/\/cecbll.cat\/espaicomarca\/parc-de-can-vidalet\/\">&lt;veure m\u00e9s&gt;<\/a><\/p>\n<\/div>\n<\/div><\/div><\/div><\/div><div id=\"pg-190-4\"  class=\"panel-grid panel-no-style\" ><div id=\"pgc-190-4-0\"  class=\"panel-grid-cell\" ><div id=\"panel-190-4-0-0\" class=\"so-panel widget widget_sow-image panel-first-child panel-last-child\" data-index=\"4\" ><div\n\t\t\t\n\t\t\tclass=\"so-widget-sow-image so-widget-sow-image-default-8b5b6f678277-190\"\n\t\t\t\n\t\t>\n<div class=\"sow-image-container\">\n\t\t\t<a href=\"http:\/\/cecbll.cat\/espaicomarca\/parc-de-marianao-i-palau-dels-comtes-de-marianao\/\"\n\t\t\t\t\t>\n\t\t\t<img \n\tsrc=\"https:\/\/cecbll.cat\/espaicomarca\/wp-content\/uploads\/2016\/01\/parc_sant_boi_1.jpg\" width=\"1200\" height=\"355\" srcset=\"https:\/\/cecbll.cat\/espaicomarca\/wp-content\/uploads\/2016\/01\/parc_sant_boi_1.jpg 1200w, https:\/\/cecbll.cat\/espaicomarca\/wp-content\/uploads\/2016\/01\/parc_sant_boi_1-300x89.jpg 300w, https:\/\/cecbll.cat\/espaicomarca\/wp-content\/uploads\/2016\/01\/parc_sant_boi_1-1024x303.jpg 1024w, https:\/\/cecbll.cat\/espaicomarca\/wp-content\/uploads\/2016\/01\/parc_sant_boi_1-270x80.jpg 270w\" sizes=\"(max-width: 1200px) 100vw, 1200px\" alt=\"\" \t\tclass=\"so-widget-image\"\/>\n\t\t\t<\/a><\/div>\n\n<\/div><\/div><\/div><\/div><div id=\"pg-190-5\"  class=\"panel-grid panel-no-style\" ><div id=\"pgc-190-5-0\"  class=\"panel-grid-cell\" ><div id=\"panel-190-5-0-0\" class=\"so-panel widget widget_sow-editor panel-first-child panel-last-child\" data-index=\"5\" ><div\n\t\t\t\n\t\t\tclass=\"so-widget-sow-editor so-widget-sow-editor-base\"\n\t\t\t\n\t\t><h3 class=\"widget-title\">Parc de Marianao i Palau dels comtes de Marianao<\/h3>\n<div class=\"siteorigin-widget-tinymce textwidget\">\n\t<p><strong>Carrer dels Castanyers, 4. Sant Boi de Llobregat<\/strong><\/p>\n<p>El parc \u00e9s una gran jard\u00ed d\u2019estil rom\u00e0ntic, inspirat en l\u2019ambient colonial i ex\u00f2tic de la\u00a0ciutat caribenya de Marianao. Es tracta d'un parc d'estil\u00a0modernista, a la manera dels jardins de Rubi\u00f3 i Tudur\u00ed... <a href=\"http:\/\/cecbll.cat\/espaicomarca\/parc-de-marianao-i-palau-dels-comtes-de-marianao\/\">&lt;veure m\u00e9s&gt;<\/a><\/p>\n<\/div>\n<\/div><\/div><\/div><\/div><div id=\"pg-190-6\"  class=\"panel-grid panel-no-style\" ><div id=\"pgc-190-6-0\"  class=\"panel-grid-cell\" ><div id=\"panel-190-6-0-0\" class=\"so-panel widget widget_sow-image panel-first-child panel-last-child\" data-index=\"6\" ><div\n\t\t\t\n\t\t\tclass=\"so-widget-sow-image so-widget-sow-image-default-8b5b6f678277-190\"\n\t\t\t\n\t\t>\n<div class=\"sow-image-container\">\n\t\t\t<a href=\"http:\/\/cecbll.cat\/espaicomarca\/el-parc-nou\/\"\n\t\t\t\t\t>\n\t\t\t<img \n\tsrc=\"https:\/\/cecbll.cat\/espaicomarca\/wp-content\/uploads\/2016\/01\/parc_nou_prat_1.jpg\" width=\"1200\" height=\"355\" srcset=\"https:\/\/cecbll.cat\/espaicomarca\/wp-content\/uploads\/2016\/01\/parc_nou_prat_1.jpg 1200w, https:\/\/cecbll.cat\/espaicomarca\/wp-content\/uploads\/2016\/01\/parc_nou_prat_1-300x89.jpg 300w, https:\/\/cecbll.cat\/espaicomarca\/wp-content\/uploads\/2016\/01\/parc_nou_prat_1-1024x303.jpg 1024w, https:\/\/cecbll.cat\/espaicomarca\/wp-content\/uploads\/2016\/01\/parc_nou_prat_1-270x80.jpg 270w\" sizes=\"(max-width: 1200px) 100vw, 1200px\" alt=\"\" \t\tclass=\"so-widget-image\"\/>\n\t\t\t<\/a><\/div>\n\n<\/div><\/div><\/div><\/div><div id=\"pg-190-7\"  class=\"panel-grid panel-no-style\" ><div id=\"pgc-190-7-0\"  class=\"panel-grid-cell\" ><div id=\"panel-190-7-0-0\" class=\"so-panel widget widget_sow-editor panel-first-child panel-last-child\" data-index=\"7\" ><div\n\t\t\t\n\t\t\tclass=\"so-widget-sow-editor so-widget-sow-editor-base\"\n\t\t\t\n\t\t><h3 class=\"widget-title\">El Parc Nou<\/h3>\n<div class=\"siteorigin-widget-tinymce textwidget\">\n\t<p><strong>El Prat de Llobregat<\/strong><\/p>\n<p>El Parc Nou del Prat de Llobregat es un dels parcs mes destacats del Delta. Esta situat al sud del municipi i en el marge dret del riu Llobregat, \u00e9s una de les zones humides m\u00e9s important de Catalunya, com es el delta del Llobregat... <a href=\"http:\/\/cecbll.cat\/espaicomarca\/el-parc-nou\/\">&lt;veure m\u00e9s&gt;<\/a><\/p>\n<p>\u00a0<\/p>\n<\/div>\n<\/div><\/div><\/div><\/div><div id=\"pg-190-8\"  class=\"panel-grid panel-no-style\" ><div id=\"pgc-190-8-0\"  class=\"panel-grid-cell\" ><div id=\"panel-190-8-0-0\" class=\"so-panel widget widget_sow-image panel-first-child panel-last-child\" data-index=\"8\" ><div\n\t\t\t\n\t\t\tclass=\"so-widget-sow-image so-widget-sow-image-default-8b5b6f678277-190\"\n\t\t\t\n\t\t>\n<div class=\"sow-image-container\">\n\t\t\t<a href=\"http:\/\/cecbll.cat\/espaicomarca\/parc-de-la-molinada\/\"\n\t\t\t\t\t>\n\t\t\t<img \n\tsrc=\"https:\/\/cecbll.cat\/espaicomarca\/wp-content\/uploads\/2016\/01\/museu_palleja_1-1.jpg\" width=\"1200\" height=\"355\" srcset=\"https:\/\/cecbll.cat\/espaicomarca\/wp-content\/uploads\/2016\/01\/museu_palleja_1-1.jpg 1200w, https:\/\/cecbll.cat\/espaicomarca\/wp-content\/uploads\/2016\/01\/museu_palleja_1-1-300x89.jpg 300w, https:\/\/cecbll.cat\/espaicomarca\/wp-content\/uploads\/2016\/01\/museu_palleja_1-1-1024x303.jpg 1024w, https:\/\/cecbll.cat\/espaicomarca\/wp-content\/uploads\/2016\/01\/museu_palleja_1-1-270x80.jpg 270w\" sizes=\"(max-width: 1200px) 100vw, 1200px\" title=\"museu_palleja_1\" alt=\"\" \t\tclass=\"so-widget-image\"\/>\n\t\t\t<\/a><\/div>\n\n<\/div><\/div><\/div><\/div><div id=\"pg-190-9\"  class=\"panel-grid panel-no-style\" ><div id=\"pgc-190-9-0\"  class=\"panel-grid-cell\" ><div id=\"panel-190-9-0-0\" class=\"so-panel widget widget_sow-editor panel-first-child panel-last-child\" data-index=\"9\" ><div\n\t\t\t\n\t\t\tclass=\"so-widget-sow-editor so-widget-sow-editor-base\"\n\t\t\t\n\t\t><h3 class=\"widget-title\">Parc de la Molinada<\/h3>\n<div class=\"siteorigin-widget-tinymce textwidget\">\n\t<p><strong>Avinguda Prat de la Riba, 27. Pallej\u00e0<\/strong><\/p>\n<p>Al municipi de Pallej\u00e0, els 'Horts de Baix', eren petites extensions de terreny a la vora del riu Llobregat, on els ve\u00efns de la poblaci\u00f3 hi plantaven hortalisses i algun arbre fruiter... <a href=\"http:\/\/cecbll.cat\/espaicomarca\/parc-de-la-molinada\/\">&lt;veure m\u00e9s&gt;<\/a><\/p>\n<\/div>\n<\/div><\/div><\/div><\/div><\/div>","protected":false},"excerpt":{"rendered":"<p>Carretera Hospitalet, 137. Cornell\u00e0 de LlobregatEl parc de Can Mercader, prov\u00e9 d&#8217;una antiga hisenda agr\u00edcola, corresponent a la masia anomenada [&hellip;]<\/p>\n","protected":false},"author":1,"featured_media":0,"parent":0,"menu_order":0,"comment_status":"closed","ping_status":"closed","template":"","meta":{"footnotes":"","_links_to":"","_links_to_target":""},"class_list":["post-190","page","type-page","status-publish","hentry"],"_links":{"self":[{"href":"https:\/\/cecbll.cat\/espaicomarca\/wp-json\/wp\/v2\/pages\/190","targetHints":{"allow":["GET"]}}],"collection":[{"href":"https:\/\/cecbll.cat\/espaicomarca\/wp-json\/wp\/v2\/pages"}],"about":[{"href":"https:\/\/cecbll.cat\/espaicomarca\/wp-json\/wp\/v2\/types\/page"}],"author":[{"embeddable":true,"href":"https:\/\/cecbll.cat\/espaicomarca\/wp-json\/wp\/v2\/users\/1"}],"replies":[{"embeddable":true,"href":"https:\/\/cecbll.cat\/espaicomarca\/wp-json\/wp\/v2\/comments?post=190"}],"version-history":[{"count":7,"href":"https:\/\/cecbll.cat\/espaicomarca\/wp-json\/wp\/v2\/pages\/190\/revisions"}],"predecessor-version":[{"id":1075,"href":"https:\/\/cecbll.cat\/espaicomarca\/wp-json\/wp\/v2\/pages\/190\/revisions\/1075"}],"wp:attachment":[{"href":"https:\/\/cecbll.cat\/espaicomarca\/wp-json\/wp\/v2\/media?parent=190"}],"curies":[{"name":"wp","href":"https:\/\/api.w.org\/{rel}","templated":true}]}}