{"id":1891,"date":"2017-02-17T10:41:07","date_gmt":"2017-02-17T10:41:07","guid":{"rendered":"http:\/\/cecbll.cat\/espaicomarca\/?page_id=1891"},"modified":"2017-02-17T10:41:07","modified_gmt":"2017-02-17T10:41:07","slug":"sant-andreu-de-la-barca-2","status":"publish","type":"page","link":"https:\/\/cecbll.cat\/espaicomarca\/sant-andreu-de-la-barca-2\/","title":{"rendered":"Sant Andreu de la Barca"},"content":{"rendered":"<div id=\"pl-1891\"  class=\"panel-layout\" ><div id=\"pg-1891-0\"  class=\"panel-grid panel-no-style\" ><div id=\"pgc-1891-0-0\"  class=\"panel-grid-cell\" ><div id=\"panel-1891-0-0-0\" class=\"so-panel widget widget_sow-image panel-first-child panel-last-child\" data-index=\"0\" ><div\n\t\t\t\n\t\t\tclass=\"so-widget-sow-image so-widget-sow-image-default-8b5b6f678277-1891\"\n\t\t\t\n\t\t>\n<div class=\"sow-image-container\">\n\t\t\t<a href=\"http:\/\/cecbll.cat\/espaicomarca\/pel-riu-llobregat-fins-ca-nalbareda\/\"\n\t\t\t\t\t>\n\t\t\t<img \n\tsrc=\"https:\/\/cecbll.cat\/espaicomarca\/wp-content\/uploads\/2017\/02\/1_1.jpg\" width=\"1200\" height=\"355\" srcset=\"https:\/\/cecbll.cat\/espaicomarca\/wp-content\/uploads\/2017\/02\/1_1.jpg 1200w, https:\/\/cecbll.cat\/espaicomarca\/wp-content\/uploads\/2017\/02\/1_1-300x89.jpg 300w, https:\/\/cecbll.cat\/espaicomarca\/wp-content\/uploads\/2017\/02\/1_1-1024x303.jpg 1024w, https:\/\/cecbll.cat\/espaicomarca\/wp-content\/uploads\/2017\/02\/1_1-270x80.jpg 270w\" sizes=\"(max-width: 1200px) 100vw, 1200px\" alt=\"\" \t\tclass=\"so-widget-image\"\/>\n\t\t\t<\/a><\/div>\n\n<\/div><\/div><\/div><\/div><div id=\"pg-1891-1\"  class=\"panel-grid panel-no-style\" ><div id=\"pgc-1891-1-0\"  class=\"panel-grid-cell\" ><div id=\"panel-1891-1-0-0\" class=\"so-panel widget widget_sow-editor panel-first-child panel-last-child\" data-index=\"1\" ><div\n\t\t\t\n\t\t\tclass=\"so-widget-sow-editor so-widget-sow-editor-base\"\n\t\t\t\n\t\t><h3 class=\"widget-title\">Pel riu Llobregat fins ca n\u2019Albareda<\/h3>\n<div class=\"siteorigin-widget-tinymce textwidget\">\n\t<p>Itinerari circular, centrat en els ambients d'aiguamolls i riberencs del riu Llobregat, a cavall entre Sant Andreu i Castellbisbal, passant pels ponts de vianants que creuen el riu i arribant fins les basses de rec\u00e0rrega de l'ag\u00fc\u00edfer... <a href=\"http:\/\/cecbll.cat\/espaicomarca\/pel-riu-llobregat-fins-ca-nalbareda\/\">&lt;veure m\u00e9s&gt;<\/a><\/p>\n<\/div>\n<\/div><\/div><\/div><\/div><div id=\"pg-1891-2\"  class=\"panel-grid panel-no-style\" ><div id=\"pgc-1891-2-0\"  class=\"panel-grid-cell\" ><div id=\"panel-1891-2-0-0\" class=\"so-panel widget widget_sow-image panel-first-child panel-last-child\" data-index=\"2\" ><div\n\t\t\t\n\t\t\tclass=\"so-widget-sow-image so-widget-sow-image-default-8b5b6f678277-1891\"\n\t\t\t\n\t\t>\n<div class=\"sow-image-container\">\n\t\t\t<a href=\"http:\/\/cecbll.cat\/espaicomarca\/la-vall-del-palau-i-la-riera-de-can-mitjans\/\"\n\t\t\t\t\t>\n\t\t\t<img \n\tsrc=\"https:\/\/cecbll.cat\/espaicomarca\/wp-content\/uploads\/2017\/02\/2_2.jpg\" width=\"1200\" height=\"355\" srcset=\"https:\/\/cecbll.cat\/espaicomarca\/wp-content\/uploads\/2017\/02\/2_2.jpg 1200w, https:\/\/cecbll.cat\/espaicomarca\/wp-content\/uploads\/2017\/02\/2_2-300x89.jpg 300w, https:\/\/cecbll.cat\/espaicomarca\/wp-content\/uploads\/2017\/02\/2_2-1024x303.jpg 1024w, https:\/\/cecbll.cat\/espaicomarca\/wp-content\/uploads\/2017\/02\/2_2-270x80.jpg 270w\" sizes=\"(max-width: 1200px) 100vw, 1200px\" alt=\"\" \t\tclass=\"so-widget-image\"\/>\n\t\t\t<\/a><\/div>\n\n<\/div><\/div><\/div><\/div><div id=\"pg-1891-3\"  class=\"panel-grid panel-no-style\" ><div id=\"pgc-1891-3-0\"  class=\"panel-grid-cell\" ><div id=\"panel-1891-3-0-0\" class=\"so-panel widget widget_sow-editor panel-first-child panel-last-child\" data-index=\"3\" ><div\n\t\t\t\n\t\t\tclass=\"so-widget-sow-editor so-widget-sow-editor-base\"\n\t\t\t\n\t\t><h3 class=\"widget-title\">La vall del Palau i la riera de can Mitjans<\/h3>\n<div class=\"siteorigin-widget-tinymce textwidget\">\n\t<p>Ruta lineal i variada, amb predomini dels ambients forestals i riberencs, que ressegueix la riera de Mas Mitjans i\u00a0del Palau, passant per les urbanitzacions de can Sunyer... <a href=\"http:\/\/cecbll.cat\/espaicomarca\/la-vall-del-palau-i-la-riera-de-can-mitjans\/\">&lt;veure m\u00e9s&gt;<\/a><\/p>\n<\/div>\n<\/div><\/div><\/div><\/div><div id=\"pg-1891-4\"  class=\"panel-grid panel-no-style\" ><div id=\"pgc-1891-4-0\"  class=\"panel-grid-cell\" ><div id=\"panel-1891-4-0-0\" class=\"so-panel widget widget_sow-image panel-first-child panel-last-child\" data-index=\"4\" ><div\n\t\t\t\n\t\t\tclass=\"so-widget-sow-image so-widget-sow-image-default-8b5b6f678277-1891\"\n\t\t\t\n\t\t>\n<div class=\"sow-image-container\">\n\t\t\t<a href=\"http:\/\/cecbll.cat\/espaicomarca\/el-cami-de-can-palet-riera-de-corbera-i-pou-de-glac\/\"\n\t\t\t\t\t>\n\t\t\t<img \n\tsrc=\"https:\/\/cecbll.cat\/espaicomarca\/wp-content\/uploads\/2017\/02\/3_2.jpg\" width=\"1200\" height=\"355\" srcset=\"https:\/\/cecbll.cat\/espaicomarca\/wp-content\/uploads\/2017\/02\/3_2.jpg 1200w, https:\/\/cecbll.cat\/espaicomarca\/wp-content\/uploads\/2017\/02\/3_2-300x89.jpg 300w, https:\/\/cecbll.cat\/espaicomarca\/wp-content\/uploads\/2017\/02\/3_2-1024x303.jpg 1024w, https:\/\/cecbll.cat\/espaicomarca\/wp-content\/uploads\/2017\/02\/3_2-270x80.jpg 270w\" sizes=\"(max-width: 1200px) 100vw, 1200px\" alt=\"\" \t\tclass=\"so-widget-image\"\/>\n\t\t\t<\/a><\/div>\n\n<\/div><\/div><\/div><\/div><div id=\"pg-1891-5\"  class=\"panel-grid panel-no-style\" ><div id=\"pgc-1891-5-0\"  class=\"panel-grid-cell\" ><div id=\"panel-1891-5-0-0\" class=\"so-panel widget widget_sow-editor panel-first-child panel-last-child\" data-index=\"5\" ><div\n\t\t\t\n\t\t\tclass=\"so-widget-sow-editor so-widget-sow-editor-base\"\n\t\t\t\n\t\t><h3 class=\"widget-title\">El cam\u00ed de can Palet, riera de Corbera i pou de gla\u00e7<\/h3>\n<div class=\"siteorigin-widget-tinymce textwidget\">\n\t<p>Un itinerari circular, amb predomini dels\u00a0ambients forestals i riberencs, que ressegueix la riera de\u00a0Corbera, a cavall entre Sant Andreu i Corbera, passant per la Mola d'en\u00a0Valls i acabant al pou de gla\u00e7... <a href=\"http:\/\/cecbll.cat\/espaicomarca\/el-cami-de-can-palet-riera-de-corbera-i-pou-de-glac\/\">&lt;veure m\u00e9s&gt;<\/a><\/p>\n<\/div>\n<\/div><\/div><\/div><\/div><div id=\"pg-1891-6\"  class=\"panel-grid panel-no-style\" ><div id=\"pgc-1891-6-0\"  class=\"panel-grid-cell\" ><div id=\"panel-1891-6-0-0\" class=\"so-panel widget widget_sow-image panel-first-child panel-last-child\" data-index=\"6\" ><div\n\t\t\t\n\t\t\tclass=\"so-widget-sow-image so-widget-sow-image-default-8b5b6f678277-1891\"\n\t\t\t\n\t\t>\n<div class=\"sow-image-container\">\n\t\t\t<a href=\"http:\/\/cecbll.cat\/espaicomarca\/creu-de-susalba-bosc-del-llop-i-el-pi-tallat\/\"\n\t\t\t\t\t>\n\t\t\t<img \n\tsrc=\"https:\/\/cecbll.cat\/espaicomarca\/wp-content\/uploads\/2017\/02\/4_2.jpg\" width=\"1200\" height=\"355\" srcset=\"https:\/\/cecbll.cat\/espaicomarca\/wp-content\/uploads\/2017\/02\/4_2.jpg 1200w, https:\/\/cecbll.cat\/espaicomarca\/wp-content\/uploads\/2017\/02\/4_2-300x89.jpg 300w, https:\/\/cecbll.cat\/espaicomarca\/wp-content\/uploads\/2017\/02\/4_2-1024x303.jpg 1024w, https:\/\/cecbll.cat\/espaicomarca\/wp-content\/uploads\/2017\/02\/4_2-270x80.jpg 270w\" sizes=\"(max-width: 1200px) 100vw, 1200px\" alt=\"\" \t\tclass=\"so-widget-image\"\/>\n\t\t\t<\/a><\/div>\n\n<\/div><\/div><\/div><\/div><div id=\"pg-1891-7\"  class=\"panel-grid panel-no-style\" ><div id=\"pgc-1891-7-0\"  class=\"panel-grid-cell\" ><div id=\"panel-1891-7-0-0\" class=\"so-panel widget widget_sow-editor panel-first-child panel-last-child\" data-index=\"7\" ><div\n\t\t\t\n\t\t\tclass=\"so-widget-sow-editor so-widget-sow-editor-base\"\n\t\t\t\n\t\t><h3 class=\"widget-title\">Creu de Susalba, bosc del Llop i el Pi Tallat<\/h3>\n<div class=\"siteorigin-widget-tinymce textwidget\">\n\t<p>Itinerari forestal per pinedes, brolles i alzinars en recuperaci\u00f3, que passa per sota la Creu de Susalba i creua zones forestals netejades per al pas de l\u00ednies d'alta tensi\u00f3, amb bones panor\u00e0miques de la Serralada Prelitoral... <a href=\"http:\/\/cecbll.cat\/espaicomarca\/creu-de-susalba-bosc-del-llop-i-el-pi-tallat\/\">&lt;veure m\u00e9s&gt;<\/a><\/p>\n<\/div>\n<\/div><\/div><\/div><\/div><\/div>","protected":false},"excerpt":{"rendered":"<p>Itinerari circular, centrat en els ambients d&#8217;aiguamolls i riberencs del riu Llobregat, a cavall entre Sant Andreu i Castellbisbal, passant [&hellip;]<\/p>\n","protected":false},"author":1,"featured_media":0,"parent":0,"menu_order":0,"comment_status":"closed","ping_status":"closed","template":"","meta":{"footnotes":"","_links_to":"","_links_to_target":""},"class_list":["post-1891","page","type-page","status-publish","hentry"],"_links":{"self":[{"href":"https:\/\/cecbll.cat\/espaicomarca\/wp-json\/wp\/v2\/pages\/1891","targetHints":{"allow":["GET"]}}],"collection":[{"href":"https:\/\/cecbll.cat\/espaicomarca\/wp-json\/wp\/v2\/pages"}],"about":[{"href":"https:\/\/cecbll.cat\/espaicomarca\/wp-json\/wp\/v2\/types\/page"}],"author":[{"embeddable":true,"href":"https:\/\/cecbll.cat\/espaicomarca\/wp-json\/wp\/v2\/users\/1"}],"replies":[{"embeddable":true,"href":"https:\/\/cecbll.cat\/espaicomarca\/wp-json\/wp\/v2\/comments?post=1891"}],"version-history":[{"count":1,"href":"https:\/\/cecbll.cat\/espaicomarca\/wp-json\/wp\/v2\/pages\/1891\/revisions"}],"predecessor-version":[{"id":1896,"href":"https:\/\/cecbll.cat\/espaicomarca\/wp-json\/wp\/v2\/pages\/1891\/revisions\/1896"}],"wp:attachment":[{"href":"https:\/\/cecbll.cat\/espaicomarca\/wp-json\/wp\/v2\/media?parent=1891"}],"curies":[{"name":"wp","href":"https:\/\/api.w.org\/{rel}","templated":true}]}}