{"id":1887,"date":"2017-02-17T10:28:09","date_gmt":"2017-02-17T10:28:09","guid":{"rendered":"http:\/\/cecbll.cat\/espaicomarca\/?page_id=1887"},"modified":"2017-02-17T10:29:55","modified_gmt":"2017-02-17T10:29:55","slug":"sant-joan-despi-2","status":"publish","type":"page","link":"https:\/\/cecbll.cat\/espaicomarca\/sant-joan-despi-2\/","title":{"rendered":"Sant Joan Desp\u00ed"},"content":{"rendered":"<div id=\"pl-1887\"  class=\"panel-layout\" ><div id=\"pg-1887-0\"  class=\"panel-grid panel-no-style\" ><div id=\"pgc-1887-0-0\"  class=\"panel-grid-cell\" ><div id=\"panel-1887-0-0-0\" class=\"so-panel widget widget_sow-image panel-first-child panel-last-child\" data-index=\"0\" ><div\n\t\t\t\n\t\t\tclass=\"so-widget-sow-image so-widget-sow-image-default-8b5b6f678277-1887\"\n\t\t\t\n\t\t>\n<div class=\"sow-image-container\">\n\t\t\t<a href=\"http:\/\/cecbll.cat\/espaicomarca\/ruta-modernista\/\"\n\t\t\t\t\t>\n\t\t\t<img \n\tsrc=\"https:\/\/cecbll.cat\/espaicomarca\/wp-content\/uploads\/2017\/02\/Ruta-Modernista-Sant-Joan-Despi_mostra.jpg\" width=\"1200\" height=\"355\" srcset=\"https:\/\/cecbll.cat\/espaicomarca\/wp-content\/uploads\/2017\/02\/Ruta-Modernista-Sant-Joan-Despi_mostra.jpg 1200w, https:\/\/cecbll.cat\/espaicomarca\/wp-content\/uploads\/2017\/02\/Ruta-Modernista-Sant-Joan-Despi_mostra-300x89.jpg 300w, https:\/\/cecbll.cat\/espaicomarca\/wp-content\/uploads\/2017\/02\/Ruta-Modernista-Sant-Joan-Despi_mostra-1024x303.jpg 1024w, https:\/\/cecbll.cat\/espaicomarca\/wp-content\/uploads\/2017\/02\/Ruta-Modernista-Sant-Joan-Despi_mostra-270x80.jpg 270w\" sizes=\"(max-width: 1200px) 100vw, 1200px\" alt=\"\" \t\tclass=\"so-widget-image\"\/>\n\t\t\t<\/a><\/div>\n\n<\/div><\/div><\/div><\/div><div id=\"pg-1887-1\"  class=\"panel-grid panel-no-style\" ><div id=\"pgc-1887-1-0\"  class=\"panel-grid-cell\" ><div id=\"panel-1887-1-0-0\" class=\"so-panel widget widget_sow-editor panel-first-child panel-last-child\" data-index=\"1\" ><div\n\t\t\t\n\t\t\tclass=\"so-widget-sow-editor so-widget-sow-editor-base\"\n\t\t\t\n\t\t><h3 class=\"widget-title\">Ruta Modernista<\/h3>\n<div class=\"siteorigin-widget-tinymce textwidget\">\n\t<p>L\u2019itinerari Jujol\u00a0\u00e9s una proposta per con\u00e8ixer el sentit religi\u00f3s de les seves peces, l\u2019art del reciclatge, el gust pel color, la volatilitat dels ferros, les arts aplicades... <a href=\"http:\/\/cecbll.cat\/espaicomarca\/ruta-modernista\/\">&lt;veure m\u00e9s&gt;<\/a><\/p>\n<\/div>\n<\/div><\/div><\/div><\/div><div id=\"pg-1887-2\"  class=\"panel-grid panel-no-style\" ><div id=\"pgc-1887-2-0\"  class=\"panel-grid-cell\" ><div id=\"panel-1887-2-0-0\" class=\"so-panel widget widget_sow-image panel-first-child panel-last-child\" data-index=\"2\" ><div\n\t\t\t\n\t\t\tclass=\"so-widget-sow-image so-widget-sow-image-default-8b5b6f678277-1887\"\n\t\t\t\n\t\t>\n<div class=\"sow-image-container\">\n\t\t\t<a href=\"http:\/\/cecbll.cat\/espaicomarca\/ruta-per-les-masies-de-sant-joan-despi\/\"\n\t\t\t\t\t>\n\t\t\t<img \n\tsrc=\"https:\/\/cecbll.cat\/espaicomarca\/wp-content\/uploads\/2017\/02\/can_felip_mostra.jpg\" width=\"1200\" height=\"355\" srcset=\"https:\/\/cecbll.cat\/espaicomarca\/wp-content\/uploads\/2017\/02\/can_felip_mostra.jpg 1200w, https:\/\/cecbll.cat\/espaicomarca\/wp-content\/uploads\/2017\/02\/can_felip_mostra-300x89.jpg 300w, https:\/\/cecbll.cat\/espaicomarca\/wp-content\/uploads\/2017\/02\/can_felip_mostra-1024x303.jpg 1024w, https:\/\/cecbll.cat\/espaicomarca\/wp-content\/uploads\/2017\/02\/can_felip_mostra-270x80.jpg 270w\" sizes=\"(max-width: 1200px) 100vw, 1200px\" alt=\"\" \t\tclass=\"so-widget-image\"\/>\n\t\t\t<\/a><\/div>\n\n<\/div><\/div><\/div><\/div><div id=\"pg-1887-3\"  class=\"panel-grid panel-no-style\" ><div id=\"pgc-1887-3-0\"  class=\"panel-grid-cell\" ><div id=\"panel-1887-3-0-0\" class=\"so-panel widget widget_sow-editor panel-first-child panel-last-child\" data-index=\"3\" ><div\n\t\t\t\n\t\t\tclass=\"so-widget-sow-editor so-widget-sow-editor-base\"\n\t\t\t\n\t\t><h3 class=\"widget-title\">Ruta per les Masies<\/h3>\n<div class=\"siteorigin-widget-tinymce textwidget\">\n\t<p>Tot fent un passeig, aquest itinerari ens servir\u00e0 per descobrir el passat agr\u00edcola de Sant Joan Desp\u00ed des de l\u2019\u00e8poca medieval fins al segle XVIII, analitzant i descobrint les hist\u00f2ries i els usos... <a href=\"http:\/\/cecbll.cat\/espaicomarca\/ruta-per-les-masies-de-sant-joan-despi\/\">&lt;veure m\u00e9s&gt;<\/a><\/p>\n<\/div>\n<\/div><\/div><\/div><\/div><\/div>","protected":false},"excerpt":{"rendered":"<p>L\u2019itinerari Jujol\u00a0\u00e9s una proposta per con\u00e8ixer el sentit religi\u00f3s de les seves peces, l\u2019art del reciclatge, el gust pel color, [&hellip;]<\/p>\n","protected":false},"author":1,"featured_media":0,"parent":0,"menu_order":0,"comment_status":"closed","ping_status":"closed","template":"","meta":{"footnotes":"","_links_to":"","_links_to_target":""},"class_list":["post-1887","page","type-page","status-publish","hentry"],"_links":{"self":[{"href":"https:\/\/cecbll.cat\/espaicomarca\/wp-json\/wp\/v2\/pages\/1887","targetHints":{"allow":["GET"]}}],"collection":[{"href":"https:\/\/cecbll.cat\/espaicomarca\/wp-json\/wp\/v2\/pages"}],"about":[{"href":"https:\/\/cecbll.cat\/espaicomarca\/wp-json\/wp\/v2\/types\/page"}],"author":[{"embeddable":true,"href":"https:\/\/cecbll.cat\/espaicomarca\/wp-json\/wp\/v2\/users\/1"}],"replies":[{"embeddable":true,"href":"https:\/\/cecbll.cat\/espaicomarca\/wp-json\/wp\/v2\/comments?post=1887"}],"version-history":[{"count":1,"href":"https:\/\/cecbll.cat\/espaicomarca\/wp-json\/wp\/v2\/pages\/1887\/revisions"}],"predecessor-version":[{"id":1890,"href":"https:\/\/cecbll.cat\/espaicomarca\/wp-json\/wp\/v2\/pages\/1887\/revisions\/1890"}],"wp:attachment":[{"href":"https:\/\/cecbll.cat\/espaicomarca\/wp-json\/wp\/v2\/media?parent=1887"}],"curies":[{"name":"wp","href":"https:\/\/api.w.org\/{rel}","templated":true}]}}