{"id":1881,"date":"2017-02-17T10:16:02","date_gmt":"2017-02-17T10:16:02","guid":{"rendered":"http:\/\/cecbll.cat\/espaicomarca\/?page_id=1881"},"modified":"2017-02-17T10:22:11","modified_gmt":"2017-02-17T10:22:11","slug":"sant-climent","status":"publish","type":"page","link":"https:\/\/cecbll.cat\/espaicomarca\/sant-climent\/","title":{"rendered":"Sant Climent"},"content":{"rendered":"<div id=\"pl-1881\"  class=\"panel-layout\" ><div id=\"pg-1881-0\"  class=\"panel-grid panel-no-style\" ><div id=\"pgc-1881-0-0\"  class=\"panel-grid-cell\" ><div id=\"panel-1881-0-0-0\" class=\"so-panel widget widget_sow-image panel-first-child panel-last-child\" data-index=\"0\" ><div\n\t\t\t\n\t\t\tclass=\"so-widget-sow-image so-widget-sow-image-default-8b5b6f678277-1881\"\n\t\t\t\n\t\t>\n<div class=\"sow-image-container\">\n\t\t\t<a href=\"http:\/\/cecbll.cat\/espaicomarca\/cirerers-en-flor\/\"\n\t\t\t\t\t>\n\t\t\t<img \n\tsrc=\"https:\/\/cecbll.cat\/espaicomarca\/wp-content\/uploads\/2017\/02\/Cirerers-en-flor_mostra.jpg\" width=\"1200\" height=\"355\" srcset=\"https:\/\/cecbll.cat\/espaicomarca\/wp-content\/uploads\/2017\/02\/Cirerers-en-flor_mostra.jpg 1200w, https:\/\/cecbll.cat\/espaicomarca\/wp-content\/uploads\/2017\/02\/Cirerers-en-flor_mostra-300x89.jpg 300w, https:\/\/cecbll.cat\/espaicomarca\/wp-content\/uploads\/2017\/02\/Cirerers-en-flor_mostra-1024x303.jpg 1024w, https:\/\/cecbll.cat\/espaicomarca\/wp-content\/uploads\/2017\/02\/Cirerers-en-flor_mostra-270x80.jpg 270w\" sizes=\"(max-width: 1200px) 100vw, 1200px\" alt=\"\" \t\tclass=\"so-widget-image\"\/>\n\t\t\t<\/a><\/div>\n\n<\/div><\/div><\/div><\/div><div id=\"pg-1881-1\"  class=\"panel-grid panel-no-style\" ><div id=\"pgc-1881-1-0\"  class=\"panel-grid-cell\" ><div id=\"panel-1881-1-0-0\" class=\"so-panel widget widget_sow-editor panel-first-child panel-last-child\" data-index=\"1\" ><div\n\t\t\t\n\t\t\tclass=\"so-widget-sow-editor so-widget-sow-editor-base\"\n\t\t\t\n\t\t><h3 class=\"widget-title\">Cirerers en flor<\/h3>\n<div class=\"siteorigin-widget-tinymce textwidget\">\n\t<p>Una de les activitats que anualment atreuen un major nombre de participants al voltant de les cireres de Sant Climent de Llobregat \u00e9s la celebraci\u00f3 de les caminades entre els cirerers en flor... <a href=\"http:\/\/cecbll.cat\/espaicomarca\/cirerers-en-flor\/\">&lt;veure m\u00e9s&gt;<\/a><\/p>\n<\/div>\n<\/div><\/div><\/div><\/div><div id=\"pg-1881-2\"  class=\"panel-grid panel-no-style\" ><div id=\"pgc-1881-2-0\"  class=\"panel-grid-cell\" ><div id=\"panel-1881-2-0-0\" class=\"so-panel widget widget_sow-image panel-first-child panel-last-child\" data-index=\"2\" ><div\n\t\t\t\n\t\t\tclass=\"so-widget-sow-image so-widget-sow-image-default-8b5b6f678277-1881\"\n\t\t\t\n\t\t>\n<div class=\"sow-image-container\">\n\t\t\t<a href=\"http:\/\/cecbll.cat\/espaicomarca\/ermita-del-roser-roca-barret-tabor-querol\/\"\n\t\t\t\t\t>\n\t\t\t<img \n\tsrc=\"https:\/\/cecbll.cat\/espaicomarca\/wp-content\/uploads\/2017\/02\/Ermita-del-Roser_mostra.jpg\" width=\"1200\" height=\"355\" srcset=\"https:\/\/cecbll.cat\/espaicomarca\/wp-content\/uploads\/2017\/02\/Ermita-del-Roser_mostra.jpg 1200w, https:\/\/cecbll.cat\/espaicomarca\/wp-content\/uploads\/2017\/02\/Ermita-del-Roser_mostra-300x89.jpg 300w, https:\/\/cecbll.cat\/espaicomarca\/wp-content\/uploads\/2017\/02\/Ermita-del-Roser_mostra-1024x303.jpg 1024w, https:\/\/cecbll.cat\/espaicomarca\/wp-content\/uploads\/2017\/02\/Ermita-del-Roser_mostra-270x80.jpg 270w\" sizes=\"(max-width: 1200px) 100vw, 1200px\" alt=\"\" \t\tclass=\"so-widget-image\"\/>\n\t\t\t<\/a><\/div>\n\n<\/div><\/div><\/div><\/div><div id=\"pg-1881-3\"  class=\"panel-grid panel-no-style\" ><div id=\"pgc-1881-3-0\"  class=\"panel-grid-cell\" ><div id=\"panel-1881-3-0-0\" class=\"so-panel widget widget_sow-editor panel-first-child panel-last-child\" data-index=\"3\" ><div\n\t\t\t\n\t\t\tclass=\"so-widget-sow-editor so-widget-sow-editor-base\"\n\t\t\t\n\t\t><h3 class=\"widget-title\">Ermita del Roser \u2013 Roca Barret \u2013 Tabor - Querol<\/h3>\n<div class=\"siteorigin-widget-tinymce textwidget\">\n\t<p>Sortim de Sant Climent, el lloc est\u00e0 envoltat de boscos i camps de cirerers, que es van alternant en el terreny. Pugem a la part alta de la poblaci\u00f3, pel cam\u00ed del cementiri , arribant fins a l'anomenat \"Coll de la Creu\"... <a href=\"http:\/\/cecbll.cat\/espaicomarca\/ermita-del-roser-roca-barret-tabor-querol\/\">&lt;veure m\u00e9s&gt;<\/a><\/p>\n<\/div>\n<\/div><\/div><\/div><\/div><\/div>","protected":false},"excerpt":{"rendered":"<p>Una de les activitats que anualment atreuen un major nombre de participants al voltant de les cireres de Sant Climent [&hellip;]<\/p>\n","protected":false},"author":1,"featured_media":0,"parent":0,"menu_order":0,"comment_status":"closed","ping_status":"closed","template":"","meta":{"footnotes":"","_links_to":"","_links_to_target":""},"class_list":["post-1881","page","type-page","status-publish","hentry"],"_links":{"self":[{"href":"https:\/\/cecbll.cat\/espaicomarca\/wp-json\/wp\/v2\/pages\/1881","targetHints":{"allow":["GET"]}}],"collection":[{"href":"https:\/\/cecbll.cat\/espaicomarca\/wp-json\/wp\/v2\/pages"}],"about":[{"href":"https:\/\/cecbll.cat\/espaicomarca\/wp-json\/wp\/v2\/types\/page"}],"author":[{"embeddable":true,"href":"https:\/\/cecbll.cat\/espaicomarca\/wp-json\/wp\/v2\/users\/1"}],"replies":[{"embeddable":true,"href":"https:\/\/cecbll.cat\/espaicomarca\/wp-json\/wp\/v2\/comments?post=1881"}],"version-history":[{"count":3,"href":"https:\/\/cecbll.cat\/espaicomarca\/wp-json\/wp\/v2\/pages\/1881\/revisions"}],"predecessor-version":[{"id":1886,"href":"https:\/\/cecbll.cat\/espaicomarca\/wp-json\/wp\/v2\/pages\/1881\/revisions\/1886"}],"wp:attachment":[{"href":"https:\/\/cecbll.cat\/espaicomarca\/wp-json\/wp\/v2\/media?parent=1881"}],"curies":[{"name":"wp","href":"https:\/\/api.w.org\/{rel}","templated":true}]}}