{"id":1834,"date":"2017-02-16T12:39:57","date_gmt":"2017-02-16T12:39:57","guid":{"rendered":"http:\/\/cecbll.cat\/espaicomarca\/?page_id=1834"},"modified":"2017-02-16T12:52:10","modified_gmt":"2017-02-16T12:52:10","slug":"cervello-2","status":"publish","type":"page","link":"https:\/\/cecbll.cat\/espaicomarca\/cervello-2\/","title":{"rendered":"Cervell\u00f3"},"content":{"rendered":"<div id=\"pl-1834\"  class=\"panel-layout\" ><div id=\"pg-1834-0\"  class=\"panel-grid panel-no-style\" ><div id=\"pgc-1834-0-0\"  class=\"panel-grid-cell\" ><div id=\"panel-1834-0-0-0\" class=\"so-panel widget widget_sow-image panel-first-child panel-last-child\" data-index=\"0\" ><div\n\t\t\t\n\t\t\tclass=\"so-widget-sow-image so-widget-sow-image-default-8b5b6f678277-1834\"\n\t\t\t\n\t\t>\n<div class=\"sow-image-container\">\n\t\t\t<a href=\"http:\/\/cecbll.cat\/espaicomarca\/itinerari-1-cervello-can-riera-cervello\/\"\n\t\t\t\t\t>\n\t\t\t<img \n\tsrc=\"https:\/\/cecbll.cat\/espaicomarca\/wp-content\/uploads\/2017\/02\/itinerari-1-Cervello-Can-Riera-Cervello-2.jpg\" width=\"1200\" height=\"355\" srcset=\"https:\/\/cecbll.cat\/espaicomarca\/wp-content\/uploads\/2017\/02\/itinerari-1-Cervello-Can-Riera-Cervello-2.jpg 1200w, https:\/\/cecbll.cat\/espaicomarca\/wp-content\/uploads\/2017\/02\/itinerari-1-Cervello-Can-Riera-Cervello-2-300x89.jpg 300w, https:\/\/cecbll.cat\/espaicomarca\/wp-content\/uploads\/2017\/02\/itinerari-1-Cervello-Can-Riera-Cervello-2-1024x303.jpg 1024w, https:\/\/cecbll.cat\/espaicomarca\/wp-content\/uploads\/2017\/02\/itinerari-1-Cervello-Can-Riera-Cervello-2-270x80.jpg 270w\" sizes=\"(max-width: 1200px) 100vw, 1200px\" alt=\"\" \t\tclass=\"so-widget-image\"\/>\n\t\t\t<\/a><\/div>\n\n<\/div><\/div><\/div><\/div><div id=\"pg-1834-1\"  class=\"panel-grid panel-no-style\" ><div id=\"pgc-1834-1-0\"  class=\"panel-grid-cell\" ><div id=\"panel-1834-1-0-0\" class=\"so-panel widget widget_sow-editor panel-first-child panel-last-child\" data-index=\"1\" ><div\n\t\t\t\n\t\t\tclass=\"so-widget-sow-editor so-widget-sow-editor-base\"\n\t\t\t\n\t\t><h3 class=\"widget-title\">Itinerari 1: Cervell\u00f3-Can Riera-Cervell\u00f3<\/h3>\n<div class=\"siteorigin-widget-tinymce textwidget\">\n\t<p>Excursi\u00f3 pels boscos de Can Riera i Can Sala que ens portar\u00e0 a con\u00e8ixer el passat agr\u00edcola de Cervell\u00f3, coneixent el t\u00edpic paisatge de bancals que s'observa a les pendents de les muntanyes i que ha creat l'home per facilitar el conreu... <a href=\"http:\/\/cecbll.cat\/espaicomarca\/itinerari-1-cervello-can-riera-cervello\/\">&lt;veure m\u00e9s&gt;<\/a><\/p>\n<\/div>\n<\/div><\/div><\/div><\/div><div id=\"pg-1834-2\"  class=\"panel-grid panel-no-style\" ><div id=\"pgc-1834-2-0\"  class=\"panel-grid-cell\" ><div id=\"panel-1834-2-0-0\" class=\"so-panel widget widget_sow-image panel-first-child panel-last-child\" data-index=\"2\" ><div\n\t\t\t\n\t\t\tclass=\"so-widget-sow-image so-widget-sow-image-default-8b5b6f678277-1834\"\n\t\t\t\n\t\t>\n<div class=\"sow-image-container\">\n\t\t\t<a href=\"http:\/\/cecbll.cat\/espaicomarca\/itinerari-2-cervello-can-rafols-cervello\/\"\n\t\t\t\t\t>\n\t\t\t<img \n\tsrc=\"https:\/\/cecbll.cat\/espaicomarca\/wp-content\/uploads\/2017\/02\/itinerari-2_2.jpg\" width=\"1200\" height=\"355\" srcset=\"https:\/\/cecbll.cat\/espaicomarca\/wp-content\/uploads\/2017\/02\/itinerari-2_2.jpg 1200w, https:\/\/cecbll.cat\/espaicomarca\/wp-content\/uploads\/2017\/02\/itinerari-2_2-300x89.jpg 300w, https:\/\/cecbll.cat\/espaicomarca\/wp-content\/uploads\/2017\/02\/itinerari-2_2-1024x303.jpg 1024w, https:\/\/cecbll.cat\/espaicomarca\/wp-content\/uploads\/2017\/02\/itinerari-2_2-270x80.jpg 270w\" sizes=\"(max-width: 1200px) 100vw, 1200px\" alt=\"\" \t\tclass=\"so-widget-image\"\/>\n\t\t\t<\/a><\/div>\n\n<\/div><\/div><\/div><\/div><div id=\"pg-1834-3\"  class=\"panel-grid panel-no-style\" ><div id=\"pgc-1834-3-0\"  class=\"panel-grid-cell\" ><div id=\"panel-1834-3-0-0\" class=\"so-panel widget widget_sow-editor panel-first-child panel-last-child\" data-index=\"3\" ><div\n\t\t\t\n\t\t\tclass=\"so-widget-sow-editor so-widget-sow-editor-base\"\n\t\t\t\n\t\t><h3 class=\"widget-title\">Itinerari 2: Cervell\u00f3-Can R\u00e0fols-Cervell\u00f3<\/h3>\n<div class=\"siteorigin-widget-tinymce textwidget\">\n\t<p>Un passeig que ens descobrir\u00e0 la m\u00e0gia del paisatge agr\u00edcola, en concret l'encant de la vinya i els arbres fruiters, i ens endinsar\u00e0 en boscos de pins guarnits amb enfiladisses... <a href=\"http:\/\/cecbll.cat\/espaicomarca\/itinerari-2-cervello-can-rafols-cervello\/\">&lt;veure m\u00e9s&gt;<\/a><\/p>\n<\/div>\n<\/div><\/div><\/div><\/div><div id=\"pg-1834-4\"  class=\"panel-grid panel-no-style\" ><div id=\"pgc-1834-4-0\"  class=\"panel-grid-cell\" ><div id=\"panel-1834-4-0-0\" class=\"so-panel widget widget_sow-image panel-first-child panel-last-child\" data-index=\"4\" ><div\n\t\t\t\n\t\t\tclass=\"so-widget-sow-image so-widget-sow-image-default-8b5b6f678277-1834\"\n\t\t\t\n\t\t>\n<div class=\"sow-image-container\">\n\t\t\t<a href=\"http:\/\/cecbll.cat\/espaicomarca\/itinerari-3-cervello-sant-ponc-cervello\/\"\n\t\t\t\t\t>\n\t\t\t<img \n\tsrc=\"https:\/\/cecbll.cat\/espaicomarca\/wp-content\/uploads\/2017\/02\/itinerari-3_3.jpg\" width=\"1200\" height=\"355\" srcset=\"https:\/\/cecbll.cat\/espaicomarca\/wp-content\/uploads\/2017\/02\/itinerari-3_3.jpg 1200w, https:\/\/cecbll.cat\/espaicomarca\/wp-content\/uploads\/2017\/02\/itinerari-3_3-300x89.jpg 300w, https:\/\/cecbll.cat\/espaicomarca\/wp-content\/uploads\/2017\/02\/itinerari-3_3-1024x303.jpg 1024w, https:\/\/cecbll.cat\/espaicomarca\/wp-content\/uploads\/2017\/02\/itinerari-3_3-270x80.jpg 270w\" sizes=\"(max-width: 1200px) 100vw, 1200px\" alt=\"\" \t\tclass=\"so-widget-image\"\/>\n\t\t\t<\/a><\/div>\n\n<\/div><\/div><\/div><\/div><div id=\"pg-1834-5\"  class=\"panel-grid panel-no-style\" ><div id=\"pgc-1834-5-0\"  class=\"panel-grid-cell\" ><div id=\"panel-1834-5-0-0\" class=\"so-panel widget widget_sow-editor panel-first-child panel-last-child\" data-index=\"5\" ><div\n\t\t\t\n\t\t\tclass=\"so-widget-sow-editor so-widget-sow-editor-base\"\n\t\t\t\n\t\t><h3 class=\"widget-title\">Itinerari 3 - Cervell\u00f3 - Sant Pon\u00e7 - Cervell\u00f3<\/h3>\n<div class=\"siteorigin-widget-tinymce textwidget\">\n\t<p>A la part nord del municipi trobem un dels edificis rom\u00e0nics m\u00e9s ben conservats de Catalunya, el monestir de Sant Pon\u00e7, que tot i ser gestionat per la parr\u00f2quia de Corbera... <a href=\"http:\/\/cecbll.cat\/espaicomarca\/itinerari-3-cervello-sant-ponc-cervello\/\">&lt;veure m\u00e9s&gt;<\/a><\/p>\n<\/div>\n<\/div><\/div><\/div><\/div><div id=\"pg-1834-6\"  class=\"panel-grid panel-no-style\" ><div id=\"pgc-1834-6-0\"  class=\"panel-grid-cell\" ><div id=\"panel-1834-6-0-0\" class=\"so-panel widget widget_sow-image panel-first-child panel-last-child\" data-index=\"6\" ><div\n\t\t\t\n\t\t\tclass=\"so-widget-sow-image so-widget-sow-image-default-8b5b6f678277-1834\"\n\t\t\t\n\t\t>\n<div class=\"sow-image-container\">\n\t\t\t<a href=\"http:\/\/cecbll.cat\/espaicomarca\/itinerari-4-can-rafel-sant-ponc-can-rafel\/\"\n\t\t\t\t\t>\n\t\t\t<img \n\tsrc=\"https:\/\/cecbll.cat\/espaicomarca\/wp-content\/uploads\/2017\/02\/itinerari-4_2.jpg\" width=\"1200\" height=\"355\" srcset=\"https:\/\/cecbll.cat\/espaicomarca\/wp-content\/uploads\/2017\/02\/itinerari-4_2.jpg 1200w, https:\/\/cecbll.cat\/espaicomarca\/wp-content\/uploads\/2017\/02\/itinerari-4_2-300x89.jpg 300w, https:\/\/cecbll.cat\/espaicomarca\/wp-content\/uploads\/2017\/02\/itinerari-4_2-1024x303.jpg 1024w, https:\/\/cecbll.cat\/espaicomarca\/wp-content\/uploads\/2017\/02\/itinerari-4_2-270x80.jpg 270w\" sizes=\"(max-width: 1200px) 100vw, 1200px\" alt=\"\" \t\tclass=\"so-widget-image\"\/>\n\t\t\t<\/a><\/div>\n\n<\/div><\/div><\/div><\/div><div id=\"pg-1834-7\"  class=\"panel-grid panel-no-style\" ><div id=\"pgc-1834-7-0\"  class=\"panel-grid-cell\" ><div id=\"panel-1834-7-0-0\" class=\"so-panel widget widget_sow-editor panel-first-child panel-last-child\" data-index=\"7\" ><div\n\t\t\t\n\t\t\tclass=\"so-widget-sow-editor so-widget-sow-editor-base\"\n\t\t\t\n\t\t><h3 class=\"widget-title\">Itinerari 4 - Can Rafel \u2013 Sant Pon\u00e7 - Can Rafel<\/h3>\n<div class=\"siteorigin-widget-tinymce textwidget\">\n\t<p>L'Aplec de Sant Pon\u00e7, \u00e9s una oportunitat per anar caminant fins al monestir, per\u00f2 hi ha diverses rutes. La nostra proposta combina l'excursi\u00f3 per corriols que s'amaguen entre boscos d'alzines i pins... <a href=\"http:\/\/cecbll.cat\/espaicomarca\/itinerari-4-can-rafel-sant-ponc-can-rafel\/\" data-wplink-edit=\"true\">&lt;veure m\u00e9s&gt;<\/a><\/p>\n<\/div>\n<\/div><\/div><\/div><\/div><\/div>","protected":false},"excerpt":{"rendered":"<p>Excursi\u00f3 pels boscos de Can Riera i Can Sala que ens portar\u00e0 a con\u00e8ixer el passat agr\u00edcola de Cervell\u00f3, coneixent [&hellip;]<\/p>\n","protected":false},"author":1,"featured_media":0,"parent":0,"menu_order":0,"comment_status":"closed","ping_status":"closed","template":"","meta":{"footnotes":"","_links_to":"","_links_to_target":""},"class_list":["post-1834","page","type-page","status-publish","hentry"],"_links":{"self":[{"href":"https:\/\/cecbll.cat\/espaicomarca\/wp-json\/wp\/v2\/pages\/1834","targetHints":{"allow":["GET"]}}],"collection":[{"href":"https:\/\/cecbll.cat\/espaicomarca\/wp-json\/wp\/v2\/pages"}],"about":[{"href":"https:\/\/cecbll.cat\/espaicomarca\/wp-json\/wp\/v2\/types\/page"}],"author":[{"embeddable":true,"href":"https:\/\/cecbll.cat\/espaicomarca\/wp-json\/wp\/v2\/users\/1"}],"replies":[{"embeddable":true,"href":"https:\/\/cecbll.cat\/espaicomarca\/wp-json\/wp\/v2\/comments?post=1834"}],"version-history":[{"count":4,"href":"https:\/\/cecbll.cat\/espaicomarca\/wp-json\/wp\/v2\/pages\/1834\/revisions"}],"predecessor-version":[{"id":1842,"href":"https:\/\/cecbll.cat\/espaicomarca\/wp-json\/wp\/v2\/pages\/1834\/revisions\/1842"}],"wp:attachment":[{"href":"https:\/\/cecbll.cat\/espaicomarca\/wp-json\/wp\/v2\/media?parent=1834"}],"curies":[{"name":"wp","href":"https:\/\/api.w.org\/{rel}","templated":true}]}}