{"id":1803,"date":"2017-02-16T11:51:55","date_gmt":"2017-02-16T11:51:55","guid":{"rendered":"http:\/\/cecbll.cat\/espaicomarca\/?page_id=1803"},"modified":"2017-02-17T12:02:45","modified_gmt":"2017-02-17T12:02:45","slug":"ruta-de-la-cirera","status":"publish","type":"page","link":"https:\/\/cecbll.cat\/espaicomarca\/ruta-de-la-cirera\/","title":{"rendered":"Ruta de la cirera"},"content":{"rendered":"<p>El paisatge pel qual transcorre aquesta ruta \u00e9s un mosaic format per camps conreats, principalment de cirerers, camps abandonats i bosc de pi blanc, amb la t\u00edpica flora i fauna mediterr\u00e0nia -aladern, alzina, roure, llentiscle, bruc, mallarengues, aligots, xoriguers o corbs.<\/p>\n<p><strong>Durada: 2 h 45 m<\/strong><br \/>\n<strong>Grau de dificultat: baix<\/strong><br \/>\n<strong>Desnivell: 175 m<\/strong><br \/>\n<strong>Dist\u00e0ncia: 5.79 km<\/strong><br \/>\n<strong>Estacionalitat recomanada: primavera<\/strong><br \/>\n<strong>Inici i acabament: pla\u00e7a de l\u2019Ajuntament<\/strong><\/p>\n<p><a href=\"http:\/\/www.torrelles.cat\/fitxer\/4469\/ruta_cirera.pdf\">http:\/\/www.torrelles.cat\/fitxer\/4469\/ruta_cirera.pdf<\/a><\/p>\n","protected":false},"excerpt":{"rendered":"<p>El paisatge pel qual transcorre aquesta ruta \u00e9s un mosaic format per camps conreats, principalment de cirerers, camps abandonats i [&hellip;]<\/p>\n","protected":false},"author":1,"featured_media":1805,"parent":0,"menu_order":0,"comment_status":"closed","ping_status":"closed","template":"","meta":{"footnotes":"","_links_to":"","_links_to_target":""},"class_list":["post-1803","page","type-page","status-publish","has-post-thumbnail","hentry"],"_links":{"self":[{"href":"https:\/\/cecbll.cat\/espaicomarca\/wp-json\/wp\/v2\/pages\/1803","targetHints":{"allow":["GET"]}}],"collection":[{"href":"https:\/\/cecbll.cat\/espaicomarca\/wp-json\/wp\/v2\/pages"}],"about":[{"href":"https:\/\/cecbll.cat\/espaicomarca\/wp-json\/wp\/v2\/types\/page"}],"author":[{"embeddable":true,"href":"https:\/\/cecbll.cat\/espaicomarca\/wp-json\/wp\/v2\/users\/1"}],"replies":[{"embeddable":true,"href":"https:\/\/cecbll.cat\/espaicomarca\/wp-json\/wp\/v2\/comments?post=1803"}],"version-history":[{"count":2,"href":"https:\/\/cecbll.cat\/espaicomarca\/wp-json\/wp\/v2\/pages\/1803\/revisions"}],"predecessor-version":[{"id":1925,"href":"https:\/\/cecbll.cat\/espaicomarca\/wp-json\/wp\/v2\/pages\/1803\/revisions\/1925"}],"wp:featuredmedia":[{"embeddable":true,"href":"https:\/\/cecbll.cat\/espaicomarca\/wp-json\/wp\/v2\/media\/1805"}],"wp:attachment":[{"href":"https:\/\/cecbll.cat\/espaicomarca\/wp-json\/wp\/v2\/media?parent=1803"}],"curies":[{"name":"wp","href":"https:\/\/api.w.org\/{rel}","templated":true}]}}