{"id":1790,"date":"2017-02-16T11:40:37","date_gmt":"2017-02-16T11:40:37","guid":{"rendered":"http:\/\/cecbll.cat\/espaicomarca\/?page_id=1790"},"modified":"2017-02-16T11:40:37","modified_gmt":"2017-02-16T11:40:37","slug":"itinerari-pels-parcs-forestals-de-mas-rates-i-can-trius","status":"publish","type":"page","link":"https:\/\/cecbll.cat\/espaicomarca\/itinerari-pels-parcs-forestals-de-mas-rates-i-can-trius\/","title":{"rendered":"Itinerari pels parcs forestals de Mas Rat\u00e9s i can Trius"},"content":{"rendered":"<p>L\u2019itinerari es pot iniciar des de diferents carrers del municipi a l\u2019entorn dels parcs forestals (carrer del Cedre, carrer de l\u2019Arbo\u00e7, carrer Salamanca, carrer de la Troana).\u00a0El seu recorregut transcorre pels parcs forestals de Mas Rat\u00e9s i Can Trius al nord del municipi de Viladecans.\u00a0\u00c9s una ruta adequada per fer amb nens a partir dels 6 anys, ja que malgrat t\u00e9 forts pendents s\u00f3n de curta dist\u00e0ncia.<\/p>\n<p>Encetant doncs el recorregut des del plaf\u00f3 informatiu \u201cMas Rat\u00e9s-carrer del Cedre\u201d, enfileu el cam\u00ed en direcci\u00f3 nord. Passareu diferents elements representatius de l\u2019agricultura de muntanya, fins arribar a l\u2019indicador que assenyala un canvi de direcci\u00f3.<\/p>\n<p>Resseguint la pista forestal que ve de l\u2019itinerari del mirador de Mas Rat\u00e9s, pugeu un petit tram per despr\u00e9s girar a la dreta i baixar per unes escales de troncs. Travessareu una pineda jove de pi blanc i una fondalada d\u2019alzinar. Gireu a l\u2019esquerra fins a un altre indicador de direcci\u00f3. Des d\u2019aquest punt, si continueu recte arribareu al roquissar per als r\u00e8ptils, al prat de papallones i a la bassa per amfibis.<\/p>\n<p>Si aneu a la dreta, arribareu al parc forestal de Can Trius on hi trobareu un cartell informatiu d\u2019aquest ecosistema.<\/p>\n<p>Per acabar, dirigiu-vos a l\u2019esquerra baixant pel torrent i sortireu al carrer de la Troana. Des d\u2019aqu\u00ed podeu tornar al punt d\u2019inici pel mateix itinerari o travessant els carrers del nucli urb\u00e0 de l\u2019Alba-rosa i la Montserratina.<\/p>\n<p>&nbsp;<\/p>\n<p><strong>Font de la informaci\u00f3:<\/strong>\u00a0Fundaci\u00f3 Sigea.<\/p>\n","protected":false},"excerpt":{"rendered":"<p>L\u2019itinerari es pot iniciar des de diferents carrers del municipi a l\u2019entorn dels parcs forestals (carrer del Cedre, carrer de [&hellip;]<\/p>\n","protected":false},"author":1,"featured_media":1794,"parent":0,"menu_order":0,"comment_status":"closed","ping_status":"closed","template":"","meta":{"footnotes":"","_links_to":"","_links_to_target":""},"class_list":["post-1790","page","type-page","status-publish","has-post-thumbnail","hentry"],"_links":{"self":[{"href":"https:\/\/cecbll.cat\/espaicomarca\/wp-json\/wp\/v2\/pages\/1790","targetHints":{"allow":["GET"]}}],"collection":[{"href":"https:\/\/cecbll.cat\/espaicomarca\/wp-json\/wp\/v2\/pages"}],"about":[{"href":"https:\/\/cecbll.cat\/espaicomarca\/wp-json\/wp\/v2\/types\/page"}],"author":[{"embeddable":true,"href":"https:\/\/cecbll.cat\/espaicomarca\/wp-json\/wp\/v2\/users\/1"}],"replies":[{"embeddable":true,"href":"https:\/\/cecbll.cat\/espaicomarca\/wp-json\/wp\/v2\/comments?post=1790"}],"version-history":[{"count":1,"href":"https:\/\/cecbll.cat\/espaicomarca\/wp-json\/wp\/v2\/pages\/1790\/revisions"}],"predecessor-version":[{"id":1795,"href":"https:\/\/cecbll.cat\/espaicomarca\/wp-json\/wp\/v2\/pages\/1790\/revisions\/1795"}],"wp:featuredmedia":[{"embeddable":true,"href":"https:\/\/cecbll.cat\/espaicomarca\/wp-json\/wp\/v2\/media\/1794"}],"wp:attachment":[{"href":"https:\/\/cecbll.cat\/espaicomarca\/wp-json\/wp\/v2\/media?parent=1790"}],"curies":[{"name":"wp","href":"https:\/\/api.w.org\/{rel}","templated":true}]}}