{"id":1782,"date":"2017-02-16T11:29:48","date_gmt":"2017-02-16T11:29:48","guid":{"rendered":"http:\/\/cecbll.cat\/espaicomarca\/?page_id=1782"},"modified":"2017-02-16T11:29:48","modified_gmt":"2017-02-16T11:29:48","slug":"itinerari-per-les-fonts-fins-el-castell-de-leramprunya","status":"publish","type":"page","link":"https:\/\/cecbll.cat\/espaicomarca\/itinerari-per-les-fonts-fins-el-castell-de-leramprunya\/","title":{"rendered":"Itinerari per les fonts fins el castell de l\u2019Erampruny\u00e0"},"content":{"rendered":"<p>Aquest itinerari, \u00e9s una ruta adequada per fer amb nens a partir dels 8 anys. Malgrat \u00e9s d\u2019una llargada considerable no t\u00e9 forts pendents. En aquesta es pot observar la flora i fauna aut\u00f2ctona del bosc mediterrani.<\/p>\n<p>El recorregut es pot iniciar des de diferents barris del municipi (l\u2019Alba-rosa i \u00a0Can Guardiola).<\/p>\n<p>El present itinerari transcorre per una part del GR-92 Mediterrani. Partint de l\u2019indicador de direcci\u00f3 que trobareu a la vostra dreta, resseguiu el cam\u00ed cap a la font de Can Preses del Voltar (popularment coneguda com a font del Llorer). L\u2019entorn de la font ha estat condicionat amb plantaci\u00f3 d\u2019ametllers, recuperaci\u00f3 de feixes de pedra seca, i un punt d\u2019aigua per a la reproducci\u00f3 d\u2019amfibis. Baixeu pel mateix cam\u00ed fins a tornar a la pista principal i continueu a la dreta tot seguint la senyalitzaci\u00f3 cap a la Mare de D\u00e9u de Bruguers. Aquesta pista finalitza connectant amb la pista forestal que porta del barri de Can Guardiola a Can Feral.<\/p>\n<p>Si seguiu la ruta \u201cCa n\u2019Amat-Cam\u00ed Gav\u00e0-Bruguers\u201d, deixareu la pista forestal de \u00a0Can Feral a la dreta i entrareu a la bassa de laminaci\u00f3 passant per la pista que t\u00e9 la cadena.\u00a0Passareu una cru\u00eflla on heu de seguir per la indicaci\u00f3 \u201cConnexi\u00f3 Gav\u00e0 GR-92 \u2013 Bruguers\u201d fins a ficar-vos en la pista que ressegueix la riera de Sant Lloren\u00e7. Quan arribeu al seg\u00fcent senyal informatiu continueu a la dreta pel cam\u00ed de \u201cFont del Ferro- Cam\u00ed Gav\u00e0- Bruguers\u201d. Seguiu per aquesta pista de formig\u00f3 fins al senyal que indica a l\u2019esquerra \u201cLa Solana-Bruguers\u201d.<\/p>\n<p>Tot recte trobareu la indicaci\u00f3 \u201cCa n\u2019Amat, Masia Particular\u201d. Aquest cam\u00ed us portar\u00e0 a endinsar-vos al fons del torrent fins a una bifurcaci\u00f3. Seguiu a l\u2019esquerra fins a la Masia de Ca n\u2019Amat, propietat privada que travessa una pista forestal i agafant-la cap a la dreta en direcci\u00f3 nord us enfilar\u00e0 cap a l\u2019ermita de Bruguers i el castell de l\u2019Eramprunya.<\/p>\n<p>Des de la Masia de Ca n\u2019Amat, aquesta mateixa pista forestal per\u00f2 en direcci\u00f3 cap a l\u2019esquerra, cap al sud, us portar\u00e0 finalment de tornada a Viladecans tot seguint la riera de Sant Lloren\u00e7 fins al punt d\u2019inici del nostre itinerari.<\/p>\n<p>&nbsp;<\/p>\n<p><strong>Font de la informaci\u00f3:<\/strong>\u00a0Fundaci\u00f3 Sigea.<\/p>\n","protected":false},"excerpt":{"rendered":"<p>Aquest itinerari, \u00e9s una ruta adequada per fer amb nens a partir dels 8 anys. Malgrat \u00e9s d\u2019una llargada considerable [&hellip;]<\/p>\n","protected":false},"author":1,"featured_media":1784,"parent":0,"menu_order":0,"comment_status":"closed","ping_status":"closed","template":"","meta":{"footnotes":"","_links_to":"","_links_to_target":""},"class_list":["post-1782","page","type-page","status-publish","has-post-thumbnail","hentry"],"_links":{"self":[{"href":"https:\/\/cecbll.cat\/espaicomarca\/wp-json\/wp\/v2\/pages\/1782","targetHints":{"allow":["GET"]}}],"collection":[{"href":"https:\/\/cecbll.cat\/espaicomarca\/wp-json\/wp\/v2\/pages"}],"about":[{"href":"https:\/\/cecbll.cat\/espaicomarca\/wp-json\/wp\/v2\/types\/page"}],"author":[{"embeddable":true,"href":"https:\/\/cecbll.cat\/espaicomarca\/wp-json\/wp\/v2\/users\/1"}],"replies":[{"embeddable":true,"href":"https:\/\/cecbll.cat\/espaicomarca\/wp-json\/wp\/v2\/comments?post=1782"}],"version-history":[{"count":1,"href":"https:\/\/cecbll.cat\/espaicomarca\/wp-json\/wp\/v2\/pages\/1782\/revisions"}],"predecessor-version":[{"id":1785,"href":"https:\/\/cecbll.cat\/espaicomarca\/wp-json\/wp\/v2\/pages\/1782\/revisions\/1785"}],"wp:featuredmedia":[{"embeddable":true,"href":"https:\/\/cecbll.cat\/espaicomarca\/wp-json\/wp\/v2\/media\/1784"}],"wp:attachment":[{"href":"https:\/\/cecbll.cat\/espaicomarca\/wp-json\/wp\/v2\/media?parent=1782"}],"curies":[{"name":"wp","href":"https:\/\/api.w.org\/{rel}","templated":true}]}}