{"id":1777,"date":"2017-02-16T11:24:30","date_gmt":"2017-02-16T11:24:30","guid":{"rendered":"http:\/\/cecbll.cat\/espaicomarca\/?page_id=1777"},"modified":"2017-02-16T11:24:30","modified_gmt":"2017-02-16T11:24:30","slug":"itinerari-de-sant-ramon","status":"publish","type":"page","link":"https:\/\/cecbll.cat\/espaicomarca\/itinerari-de-sant-ramon\/","title":{"rendered":"Itinerari de Sant Ramon"},"content":{"rendered":"<p>Aquest \u00e9s un itinerari destinat a tot tipus de p\u00fablic interessat per la descoberta de la natura.\u00a0L\u2019itinerari t\u00e9 el seu inici al parc metropolit\u00e0 de la Torre-roja de Viladecans. \u00a0Just al darrera de la pla\u00e7a dels Voluntaris Ol\u00edmpics es troba un cam\u00ed ample que ja enfila cap a la muntanya.<\/p>\n<p>Aquest cam\u00ed passa per antics camps de garrofers i ametllers. Seguint sempre la pista ampla trobareu el primer indicador on podreu escollir el cam\u00ed de pujada entre el cam\u00ed de Can Menut o el cam\u00ed de la Verdera. Tots dos s\u2019acaben unint en un mateix punt per on s\u2019arriba al cim de la muntanya.<\/p>\n<p>El cam\u00ed de la Verdera us permet una bona panor\u00e0mica del delta del Llobregat i de les poblacions ve\u00efnes. Tamb\u00e9 es veu el mass\u00eds del Garraf i les ru\u00efnes del castell de l\u2019Erampruny\u00e0, senyoriu al qual pertanyia Viladecans a l\u2019\u00e8poca medieval.<\/p>\n<p>Tot pujant trobareu un petit mirador \u00a0amb bancs recentment constru\u00efts, per descansar i agafar forces per arribar al cim.<\/p>\n<p>A l\u2019hora de baixar de Sant Ramon podeu escollir tornar pel mateix cam\u00ed de la Verdera o pel cam\u00ed de Can Menut. \u00a0Si agafeu aquest \u00faltim, de seguida entrareu en el bosc de pi blanc amb alzines. Al davant tindreu una vista de les muntanyes de San Climent de Llobregat on es conreen les preuades cireres.<\/p>\n<p>Seguint les indicacions del cam\u00ed de Can Menut, si agafeu el cam\u00ed de l\u2019esquerra, arribareu de nou al parc de la Torre-roja. Si agafeu el cam\u00ed de la dreta, anireu a sortir al nucli urb\u00e0 (a l\u2019avinguda Roureda al costat de la riera de Sant Climent).<\/p>\n<p>&nbsp;<\/p>\n<p><strong>Font de la informaci\u00f3:<\/strong>\u00a0Fundaci\u00f3 Sigea.<\/p>\n","protected":false},"excerpt":{"rendered":"<p>Aquest \u00e9s un itinerari destinat a tot tipus de p\u00fablic interessat per la descoberta de la natura.\u00a0L\u2019itinerari t\u00e9 el seu [&hellip;]<\/p>\n","protected":false},"author":1,"featured_media":1780,"parent":0,"menu_order":0,"comment_status":"closed","ping_status":"closed","template":"","meta":{"footnotes":"","_links_to":"","_links_to_target":""},"class_list":["post-1777","page","type-page","status-publish","has-post-thumbnail","hentry"],"_links":{"self":[{"href":"https:\/\/cecbll.cat\/espaicomarca\/wp-json\/wp\/v2\/pages\/1777","targetHints":{"allow":["GET"]}}],"collection":[{"href":"https:\/\/cecbll.cat\/espaicomarca\/wp-json\/wp\/v2\/pages"}],"about":[{"href":"https:\/\/cecbll.cat\/espaicomarca\/wp-json\/wp\/v2\/types\/page"}],"author":[{"embeddable":true,"href":"https:\/\/cecbll.cat\/espaicomarca\/wp-json\/wp\/v2\/users\/1"}],"replies":[{"embeddable":true,"href":"https:\/\/cecbll.cat\/espaicomarca\/wp-json\/wp\/v2\/comments?post=1777"}],"version-history":[{"count":1,"href":"https:\/\/cecbll.cat\/espaicomarca\/wp-json\/wp\/v2\/pages\/1777\/revisions"}],"predecessor-version":[{"id":1781,"href":"https:\/\/cecbll.cat\/espaicomarca\/wp-json\/wp\/v2\/pages\/1777\/revisions\/1781"}],"wp:featuredmedia":[{"embeddable":true,"href":"https:\/\/cecbll.cat\/espaicomarca\/wp-json\/wp\/v2\/media\/1780"}],"wp:attachment":[{"href":"https:\/\/cecbll.cat\/espaicomarca\/wp-json\/wp\/v2\/media?parent=1777"}],"curies":[{"name":"wp","href":"https:\/\/api.w.org\/{rel}","templated":true}]}}