{"id":1762,"date":"2017-02-16T11:15:17","date_gmt":"2017-02-16T11:15:17","guid":{"rendered":"http:\/\/cecbll.cat\/espaicomarca\/?page_id=1762"},"modified":"2017-02-17T11:01:36","modified_gmt":"2017-02-17T11:01:36","slug":"del-porxo-de-santa-oliva-a-sant-salvador-de-les-espases","status":"publish","type":"page","link":"https:\/\/cecbll.cat\/espaicomarca\/del-porxo-de-santa-oliva-a-sant-salvador-de-les-espases\/","title":{"rendered":"Del porxo de Santa Oliva a Sant Salvador de les Espases"},"content":{"rendered":"<p>\u00c9s un dels itineraris m\u00e9s famosos que la gent segueix a Olesa. S\u2019inicia al casc antic i finalitza dalt d\u2019un tur\u00f3 hist\u00f2ric. Cada any durant el primer diumenge de setembre, molta gent el ressegueix per celebrar-hi el gran aplec.<\/p>\n<p>L\u2019itinerari comen\u00e7a al nord del nucli antic, al\u00a0<strong>porxo de Santa Oliva<\/strong>\u00a0i seguirem direcci\u00f3 a la muntanya. Seguidament trobarem una cru\u00eflla de camins, nosaltres seguirem recte\u00a0 per un cam\u00ed que puja en sentit nord. Entrem en la urbanitzaci\u00f3 de les Planes, passarem pel costat esquerre d\u2019un parc i agafarem el carrer de la Vall d\u2019Aran en sentit nord.<\/p>\n<p>M\u00e9s endavant, entrarem en una pista forestal. A uns cent metres trobarem una bifurcaci\u00f3, el cam\u00ed de la dreta porta a\u00a0<strong>Sant Salvador de les Espases.<\/strong><\/p>\n<p>El cam\u00ed comen\u00e7a a enfilar-se per superar el desnivell. Passarem per un tall a la muntanya, just a sobre, a la nostra esquerra, trobarem unes oliveres mil\u00b7len\u00e0ries. M\u00e9s endavant, trobarem una alzina i una barana de fusta des d\u2019on podrem veure la vila d\u2019Olesa, Esparreguera i les seves\u00a0 urbanitzacions. Seguirem pujant i veurem com Montserrat treu el cap pel darrere de les muntanyes de l\u2019oest.<\/p>\n<p>Trobarem al cap d\u2019uns minuts la muntanya de Puigcendr\u00f3s davant nostre i entrarem a la finca de la Fundaci\u00f3 Territori i Paisatge. Seguint la pista forestal i al cap d\u2019uns minuts trobarem una pista encadenada a la nostra dreta que puja cap a la\u00a0<strong>masia de Puigvent\u00f3s<\/strong>\u00a0i a l\u2019esquerra, la\u00a0<strong>font de la Roureda.<\/strong><\/p>\n<p>Continuarem pel cam\u00ed i de cop veurem indicis de materials del tri\u00e0sic, com el Buntsandstein o Muschelkalk. Seguidament, arribarem al coll de les Espases.<\/p>\n<p>Arribarem al\u00a0<strong>pla del Fideuer<\/strong>, i entrarem al terme municipal de Vacarisses. Al pla podrem trobar una gran varietat de camins. Entre d\u2019altres, trobarem dos camins junts: un que porta a\u00a0<strong>Sant Pere Sacama<\/strong>\u00a0(dreta) i un altre a Sant Salvador (esquerra). Seguint el de Sant Salvador, comen\u00e7ar\u00e0 un cam\u00ed bastant roc\u00f3s fins que arribem al coll de Sant Bernat de Menton, on veurem grans vistes de Montserrat, Sant Lloren\u00e7 de Munt i l\u2019Obac i l\u2019entorn del pla del Fideuer.<\/p>\n<p>A partir d\u2019aqu\u00ed passarem a l\u2019obaga fins a Sant Salvador. Passat aquest coll baixarem per la cara nord entre la vegetaci\u00f3 i al cap de pocs minuts arribarem al pla de les Carboneres. Des d\u2019all\u00e0 veurem Sant Salvador, seguirem per una baixada que queda a l\u2019oest i en 50 metres trobarem unes escales a la esquerra i un cam\u00ed senyalitzat a la dreta que va al puig de l\u2019Hospici. Baixarem per les escales de l\u2019esquerra, llavors passarem pel bosc de l\u2019obaga de les Roques de l\u2019Afrau. Finalment, caldr\u00e0 enfilar-se per l\u2019\u00faltim tram mitjan\u00e7ant uns esglaons entre les roques. Al capdamunt hi haur\u00e0 l\u2019ermita de Sant Salvador.<\/p>\n<p>&nbsp;<\/p>\n<p><strong>Durada: 1 hora i 25 minuts<\/strong><br \/>\n<strong>Dist\u00e0ncia: 6,8 km<\/strong><\/p>\n","protected":false},"excerpt":{"rendered":"<p>\u00c9s un dels itineraris m\u00e9s famosos que la gent segueix a Olesa. S\u2019inicia al casc antic i finalitza dalt d\u2019un [&hellip;]<\/p>\n","protected":false},"author":1,"featured_media":1903,"parent":0,"menu_order":0,"comment_status":"closed","ping_status":"closed","template":"","meta":{"footnotes":"","_links_to":"","_links_to_target":""},"class_list":["post-1762","page","type-page","status-publish","has-post-thumbnail","hentry"],"_links":{"self":[{"href":"https:\/\/cecbll.cat\/espaicomarca\/wp-json\/wp\/v2\/pages\/1762","targetHints":{"allow":["GET"]}}],"collection":[{"href":"https:\/\/cecbll.cat\/espaicomarca\/wp-json\/wp\/v2\/pages"}],"about":[{"href":"https:\/\/cecbll.cat\/espaicomarca\/wp-json\/wp\/v2\/types\/page"}],"author":[{"embeddable":true,"href":"https:\/\/cecbll.cat\/espaicomarca\/wp-json\/wp\/v2\/users\/1"}],"replies":[{"embeddable":true,"href":"https:\/\/cecbll.cat\/espaicomarca\/wp-json\/wp\/v2\/comments?post=1762"}],"version-history":[{"count":1,"href":"https:\/\/cecbll.cat\/espaicomarca\/wp-json\/wp\/v2\/pages\/1762\/revisions"}],"predecessor-version":[{"id":1765,"href":"https:\/\/cecbll.cat\/espaicomarca\/wp-json\/wp\/v2\/pages\/1762\/revisions\/1765"}],"wp:featuredmedia":[{"embeddable":true,"href":"https:\/\/cecbll.cat\/espaicomarca\/wp-json\/wp\/v2\/media\/1903"}],"wp:attachment":[{"href":"https:\/\/cecbll.cat\/espaicomarca\/wp-json\/wp\/v2\/media?parent=1762"}],"curies":[{"name":"wp","href":"https:\/\/api.w.org\/{rel}","templated":true}]}}