{"id":1738,"date":"2017-02-16T10:31:29","date_gmt":"2017-02-16T10:31:29","guid":{"rendered":"http:\/\/cecbll.cat\/espaicomarca\/?page_id=1738"},"modified":"2017-02-16T10:31:29","modified_gmt":"2017-02-16T10:31:29","slug":"ruta-per-les-masies-de-sant-joan-despi","status":"publish","type":"page","link":"https:\/\/cecbll.cat\/espaicomarca\/ruta-per-les-masies-de-sant-joan-despi\/","title":{"rendered":"Ruta per les Masies de Sant Joan Desp\u00ed"},"content":{"rendered":"<p>Tot fent un passeig, aquest itinerari ens servir\u00e0 per descobrir el passat agr\u00edcola de Sant Joan Desp\u00ed des de l\u2019\u00e8poca medieval fins al segle XVIII, analitzant i descobrint les hist\u00f2ries i els usos, a trav\u00e9s d\u2019algunes de les masies m\u00e9s emblem\u00e0tiques que encara es conserven a la ciutat com ara cal Maset, can Po Cardona, can Pau Torrents, cal Felip&#8230;<\/p>\n","protected":false},"excerpt":{"rendered":"<p>Tot fent un passeig, aquest itinerari ens servir\u00e0 per descobrir el passat agr\u00edcola de Sant Joan Desp\u00ed des de l\u2019\u00e8poca [&hellip;]<\/p>\n","protected":false},"author":1,"featured_media":1740,"parent":0,"menu_order":0,"comment_status":"closed","ping_status":"closed","template":"","meta":{"footnotes":"","_links_to":"","_links_to_target":""},"class_list":["post-1738","page","type-page","status-publish","has-post-thumbnail","hentry"],"_links":{"self":[{"href":"https:\/\/cecbll.cat\/espaicomarca\/wp-json\/wp\/v2\/pages\/1738","targetHints":{"allow":["GET"]}}],"collection":[{"href":"https:\/\/cecbll.cat\/espaicomarca\/wp-json\/wp\/v2\/pages"}],"about":[{"href":"https:\/\/cecbll.cat\/espaicomarca\/wp-json\/wp\/v2\/types\/page"}],"author":[{"embeddable":true,"href":"https:\/\/cecbll.cat\/espaicomarca\/wp-json\/wp\/v2\/users\/1"}],"replies":[{"embeddable":true,"href":"https:\/\/cecbll.cat\/espaicomarca\/wp-json\/wp\/v2\/comments?post=1738"}],"version-history":[{"count":1,"href":"https:\/\/cecbll.cat\/espaicomarca\/wp-json\/wp\/v2\/pages\/1738\/revisions"}],"predecessor-version":[{"id":1741,"href":"https:\/\/cecbll.cat\/espaicomarca\/wp-json\/wp\/v2\/pages\/1738\/revisions\/1741"}],"wp:featuredmedia":[{"embeddable":true,"href":"https:\/\/cecbll.cat\/espaicomarca\/wp-json\/wp\/v2\/media\/1740"}],"wp:attachment":[{"href":"https:\/\/cecbll.cat\/espaicomarca\/wp-json\/wp\/v2\/media?parent=1738"}],"curies":[{"name":"wp","href":"https:\/\/api.w.org\/{rel}","templated":true}]}}