{"id":1729,"date":"2017-02-16T10:25:27","date_gmt":"2017-02-16T10:25:27","guid":{"rendered":"http:\/\/cecbll.cat\/espaicomarca\/?page_id=1729"},"modified":"2017-02-16T10:25:27","modified_gmt":"2017-02-16T10:25:27","slug":"ruta-modernista","status":"publish","type":"page","link":"https:\/\/cecbll.cat\/espaicomarca\/ruta-modernista\/","title":{"rendered":"Ruta Modernista"},"content":{"rendered":"<p>L\u2019itinerari Jujol\u00a0\u00e9s una proposta per con\u00e8ixer el sentit religi\u00f3s de les seves peces, l\u2019art del reciclatge, el gust pel color, la volatilitat dels ferros, les arts aplicades&#8230; En definitiva, la imaginaci\u00f3 desbordant d\u2019aquest arquitecte. El treball arquitect\u00f2nic de Jujol es caracteritza per la simplicitat dels seus mitjans, contrastats amb la seva originalitat. La qualitat de les seves obres esdev\u00e9 fora de tot convencionalisme. Els seu art neix de la natura, no se\u2019l pot definir com a modernista ni com a expressionista.<strong>\u00a0<\/strong><\/p>\n<p><strong>ITINERARI:<\/strong><br \/>\nCAN NEGRE (1915-1930)<br \/>\nTORRE DE LA CREU (1913)<br \/>\nFA\u00c7ANA TORRE JUJOL (1932)<br \/>\nFA\u00c7ANA TORRE SERRA-XAUS\u00a0(1921)<br \/>\nFA\u00c7ANA CASA ROVIRA (1926)<br \/>\nESGL\u00c9SIA SANT JOAN BAPTISTA (1943)<br \/>\nPORTA DEL TALLER DEL MANY\u00c0 JOSEP OLIVER (1889-1966)<\/p>\n<p>Visita guiada l\u2019\u00faltim diumenge de cada mes amb concertaci\u00f3 telef\u00f2nica pr\u00e8via al tel\u00e8fon 93 373 73 63 o b\u00e9 per correu electr\u00f2nic:\u00a0<a href=\"mailto:cannegre@sjdespi.net?subject=Itinerari%20modernista\">cannegre@sjdespi.net<\/a><\/p>\n","protected":false},"excerpt":{"rendered":"<p>L\u2019itinerari Jujol\u00a0\u00e9s una proposta per con\u00e8ixer el sentit religi\u00f3s de les seves peces, l\u2019art del reciclatge, el gust pel color, [&hellip;]<\/p>\n","protected":false},"author":1,"featured_media":1735,"parent":0,"menu_order":0,"comment_status":"closed","ping_status":"closed","template":"","meta":{"footnotes":"","_links_to":"","_links_to_target":""},"class_list":["post-1729","page","type-page","status-publish","has-post-thumbnail","hentry"],"_links":{"self":[{"href":"https:\/\/cecbll.cat\/espaicomarca\/wp-json\/wp\/v2\/pages\/1729","targetHints":{"allow":["GET"]}}],"collection":[{"href":"https:\/\/cecbll.cat\/espaicomarca\/wp-json\/wp\/v2\/pages"}],"about":[{"href":"https:\/\/cecbll.cat\/espaicomarca\/wp-json\/wp\/v2\/types\/page"}],"author":[{"embeddable":true,"href":"https:\/\/cecbll.cat\/espaicomarca\/wp-json\/wp\/v2\/users\/1"}],"replies":[{"embeddable":true,"href":"https:\/\/cecbll.cat\/espaicomarca\/wp-json\/wp\/v2\/comments?post=1729"}],"version-history":[{"count":1,"href":"https:\/\/cecbll.cat\/espaicomarca\/wp-json\/wp\/v2\/pages\/1729\/revisions"}],"predecessor-version":[{"id":1736,"href":"https:\/\/cecbll.cat\/espaicomarca\/wp-json\/wp\/v2\/pages\/1729\/revisions\/1736"}],"wp:featuredmedia":[{"embeddable":true,"href":"https:\/\/cecbll.cat\/espaicomarca\/wp-json\/wp\/v2\/media\/1735"}],"wp:attachment":[{"href":"https:\/\/cecbll.cat\/espaicomarca\/wp-json\/wp\/v2\/media?parent=1729"}],"curies":[{"name":"wp","href":"https:\/\/api.w.org\/{rel}","templated":true}]}}