{"id":1726,"date":"2017-02-16T10:13:06","date_gmt":"2017-02-16T10:13:06","guid":{"rendered":"http:\/\/cecbll.cat\/espaicomarca\/?page_id=1726"},"modified":"2017-02-16T10:13:06","modified_gmt":"2017-02-16T10:13:06","slug":"ermita-del-roser-roca-barret-tabor-querol","status":"publish","type":"page","link":"https:\/\/cecbll.cat\/espaicomarca\/ermita-del-roser-roca-barret-tabor-querol\/","title":{"rendered":"Ermita del Roser \u2013 Roca Barret \u2013 Tabor &#8211; Querol"},"content":{"rendered":"<p>Sortim de Sant Climent, el lloc est\u00e0 envoltat de boscos i camps de cirerers, que es van alternant en el terreny. Pugem a la part alta de la poblaci\u00f3, pel cam\u00ed del cementiri , arribant fins a l&#8217;anomenat &#8220;Coll de la Creu&#8221;. A partir d&#8217;aqu\u00ed, anem a l&#8217;ermita del Roser. El lloc \u00e9s tranquil i es pot gaudir d&#8217;una magn\u00edfica panor\u00e0mica.<\/p>\n<p>Seguim el cam\u00ed per una pista anomenada &#8220;la Carrerada&#8221;.<\/p>\n<p>Ens dirigim cap a la &#8220;Roca del Barret&#8221;, una curiosa formaci\u00f3 geol\u00f2gica que sembla ser molt t\u00edpica en aquesta zona.<\/p>\n<p>Anem caminant per l&#8217;anomenada Serra de la Costa Fustera. A un costat s&#8217;est\u00e9n un frond\u00f3s bosc, mentre que a l&#8217;altre, a la dreta tot s\u00f3n camps de cirerers.<\/p>\n<p>El cam\u00ed ens porta cap al cim de la muntanya Tabor, el punt m\u00e9s alt de l\u2019excurssi\u00f3. Una vegada l\u2019anem abandonant, el cam\u00ed passa pel costat d&#8217;una capella dedicada a Sant Mart\u00ed de Porres, el fam\u00f3s &#8220;Fra Escombra\u201d. Finalment s&#8217;arriba al Coll de Querol on s&#8217;ha erigit una gran creu de ferro amb un poema de Sant Francesc d&#8217;Ass\u00eds dedicat a la natura.<\/p>\n<p>Del Coll de Querol seguim en direcci\u00f3 a Sant Climent de Llobregat per un tram del GR92. En uns vint minuts arribem a la poblaci\u00f3, finalitzant aquesta interessant ruta.<\/p>\n","protected":false},"excerpt":{"rendered":"<p>Sortim de Sant Climent, el lloc est\u00e0 envoltat de boscos i camps de cirerers, que es van alternant en el [&hellip;]<\/p>\n","protected":false},"author":1,"featured_media":1727,"parent":0,"menu_order":0,"comment_status":"closed","ping_status":"closed","template":"","meta":{"footnotes":"","_links_to":"","_links_to_target":""},"class_list":["post-1726","page","type-page","status-publish","has-post-thumbnail","hentry"],"_links":{"self":[{"href":"https:\/\/cecbll.cat\/espaicomarca\/wp-json\/wp\/v2\/pages\/1726","targetHints":{"allow":["GET"]}}],"collection":[{"href":"https:\/\/cecbll.cat\/espaicomarca\/wp-json\/wp\/v2\/pages"}],"about":[{"href":"https:\/\/cecbll.cat\/espaicomarca\/wp-json\/wp\/v2\/types\/page"}],"author":[{"embeddable":true,"href":"https:\/\/cecbll.cat\/espaicomarca\/wp-json\/wp\/v2\/users\/1"}],"replies":[{"embeddable":true,"href":"https:\/\/cecbll.cat\/espaicomarca\/wp-json\/wp\/v2\/comments?post=1726"}],"version-history":[{"count":1,"href":"https:\/\/cecbll.cat\/espaicomarca\/wp-json\/wp\/v2\/pages\/1726\/revisions"}],"predecessor-version":[{"id":1728,"href":"https:\/\/cecbll.cat\/espaicomarca\/wp-json\/wp\/v2\/pages\/1726\/revisions\/1728"}],"wp:featuredmedia":[{"embeddable":true,"href":"https:\/\/cecbll.cat\/espaicomarca\/wp-json\/wp\/v2\/media\/1727"}],"wp:attachment":[{"href":"https:\/\/cecbll.cat\/espaicomarca\/wp-json\/wp\/v2\/media?parent=1726"}],"curies":[{"name":"wp","href":"https:\/\/api.w.org\/{rel}","templated":true}]}}