{"id":1723,"date":"2017-02-16T10:10:39","date_gmt":"2017-02-16T10:10:39","guid":{"rendered":"http:\/\/cecbll.cat\/espaicomarca\/?page_id=1723"},"modified":"2017-02-16T10:10:56","modified_gmt":"2017-02-16T10:10:56","slug":"cirerers-en-flor","status":"publish","type":"page","link":"https:\/\/cecbll.cat\/espaicomarca\/cirerers-en-flor\/","title":{"rendered":"Cirerers en flor"},"content":{"rendered":"<p>Una de les activitats que anualment atreuen un major nombre de participants al voltant de les cireres de Sant Climent de Llobregat \u00e9s la celebraci\u00f3 de les caminades entre els cirerers en flor. Aquest esdeveniment, pre\u00e0mbul de la celebraci\u00f3 de l\u2019Exposici\u00f3 de Cireres, est\u00e0 inspirat en el Hanami, el festival japon\u00e8s de la contemplaci\u00f3 dels cirerers florits. Donat l\u2019inter\u00e8s i l\u2019espectacularitat d\u2019aquesta ruta m\u00e9s enll\u00e0 de l\u2019\u00e8poca de floraci\u00f3, el seu recorregut ha quedat senyalitzat en el marc del Pla de Senders Tur\u00edstics del Baix Llobregat que promou el Consorci de Turisme de la comarca amb el suport de la Diputaci\u00f3 de Barcelona.<\/p>\n<p>El recorregut s\u2019inicia a la pla\u00e7a de la Vila i continua pel Cam\u00ed Ral pel tram del Cam\u00ed de l\u2019Angla fins arribar a la nova passera de fusta d\u2019Estret de Roques. Ja de baixada es continua pel sector de la muntanya de Sant Ramon fins la Masia de Can Molins. En total l\u2019itinerari senyalitzat t\u00e9 una llargada de 5,4 quil\u00f2metres.<\/p>\n<p>Tantmateix es pot fer el recorregut assenyalat en blau, de forma aut\u00f2noma, que suposa no transitar per la Masia de can Molins ja que cal demanar perm\u00eds per passar-hi.<\/p>\n<p>Aquest recorregut s\u2019inicia igualment a la pla\u00e7a de la Vila, segueix pel cam\u00ed de Torrelles, puja al coll de la Creu de Querol i acaba per cal Bon Home i la Rambla Riera. En total l\u2019itinerari senyalitzat t\u00e9 una llargada de 5 quil\u00f2metres.<\/p>\n","protected":false},"excerpt":{"rendered":"<p>Una de les activitats que anualment atreuen un major nombre de participants al voltant de les cireres de Sant Climent [&hellip;]<\/p>\n","protected":false},"author":1,"featured_media":1724,"parent":0,"menu_order":0,"comment_status":"closed","ping_status":"closed","template":"","meta":{"footnotes":"","_links_to":"","_links_to_target":""},"class_list":["post-1723","page","type-page","status-publish","has-post-thumbnail","hentry"],"_links":{"self":[{"href":"https:\/\/cecbll.cat\/espaicomarca\/wp-json\/wp\/v2\/pages\/1723","targetHints":{"allow":["GET"]}}],"collection":[{"href":"https:\/\/cecbll.cat\/espaicomarca\/wp-json\/wp\/v2\/pages"}],"about":[{"href":"https:\/\/cecbll.cat\/espaicomarca\/wp-json\/wp\/v2\/types\/page"}],"author":[{"embeddable":true,"href":"https:\/\/cecbll.cat\/espaicomarca\/wp-json\/wp\/v2\/users\/1"}],"replies":[{"embeddable":true,"href":"https:\/\/cecbll.cat\/espaicomarca\/wp-json\/wp\/v2\/comments?post=1723"}],"version-history":[{"count":1,"href":"https:\/\/cecbll.cat\/espaicomarca\/wp-json\/wp\/v2\/pages\/1723\/revisions"}],"predecessor-version":[{"id":1725,"href":"https:\/\/cecbll.cat\/espaicomarca\/wp-json\/wp\/v2\/pages\/1723\/revisions\/1725"}],"wp:featuredmedia":[{"embeddable":true,"href":"https:\/\/cecbll.cat\/espaicomarca\/wp-json\/wp\/v2\/media\/1724"}],"wp:attachment":[{"href":"https:\/\/cecbll.cat\/espaicomarca\/wp-json\/wp\/v2\/media?parent=1723"}],"curies":[{"name":"wp","href":"https:\/\/api.w.org\/{rel}","templated":true}]}}