{"id":1665,"date":"2017-02-15T11:38:40","date_gmt":"2017-02-15T11:38:40","guid":{"rendered":"http:\/\/cecbll.cat\/espaicomarca\/?page_id=1665"},"modified":"2017-02-15T11:38:40","modified_gmt":"2017-02-15T11:38:40","slug":"ruta-sant-vicenc-dels-horts","status":"publish","type":"page","link":"https:\/\/cecbll.cat\/espaicomarca\/ruta-sant-vicenc-dels-horts\/","title":{"rendered":"Ruta Sant Vicen\u00e7 dels Horts"},"content":{"rendered":"<p><strong>Ruta circular de la Torrassa &#8211; Montpedr\u00f3s &#8211; Riera de Torrelles &#8211; Parc del Pi Gros<\/strong><\/p>\n<p>Volta circular pel PR C-161 que, sortint de Sant Vicen\u00e7 dels Horts, permet albirar una panor\u00e0mica del delta del Llobregat aix\u00ed com de l&#8217;interior del Garraf tot enfilant-se al cim del Montpedr\u00f3s. Un cop al cim, la curiosa ermita de Sant Antoni, amb un v\u00e8rtex geod\u00e8sic a la teulada, domina la desembocadura del riu m\u00e9s industrial de Catalunya, el Llobregat, i la complexa xarxa d&#8217;infraestructures de transport de la comarca del Baix Llobregat, que inclou autopistes, la xarxa ferrovi\u00e0ria, el port i l&#8217;aeroport de Barcelona.<\/p>\n<p>S&#8217;arriba a Sant Vicen\u00e7 dels Horts amb el tren de la l\u00ednia del Baix Llobregat dels Ferrocarrils de la Generalitat de Catalunya o amb cotxe per l&#8217;A-2 o l&#8217;AP-2 a la sortida de l&#8217;esmentada poblaci\u00f3, a pocs quil\u00f2metres de Barcelona. Un cop al nucli urb\u00e0, se segueixen les indicacions que duen a l&#8217;Ajuntament i s&#8217;aparca en algun dels carrers pr\u00f2xims. Se surt de davant de l&#8217;Ajuntament de Sant Vicen\u00e7 dels Horts, on es troba un plaf\u00f3 informatiu de la ruta. Tot l&#8217;itinerari est\u00e0 ben senyalitzat amb les marques caracter\u00edstiques dels senders de petit recorregut (PR), consistents en una franja blanca i una altra de groga.<\/p>\n<p><strong>Dist\u00e0ncia:<\/strong> 14,64 km<br \/>\n<strong>Durada:<\/strong> 4 hores 15 minuts<br \/>\n<strong>Inici i final de l\u2019itinerari:<\/strong> Ajuntament de Sant Vicen\u00e7 dels Horts<\/p>\n","protected":false},"excerpt":{"rendered":"<p>Ruta circular de la Torrassa &#8211; Montpedr\u00f3s &#8211; Riera de Torrelles &#8211; Parc del Pi Gros Volta circular pel PR [&hellip;]<\/p>\n","protected":false},"author":1,"featured_media":1668,"parent":0,"menu_order":0,"comment_status":"closed","ping_status":"closed","template":"","meta":{"footnotes":"","_links_to":"","_links_to_target":""},"class_list":["post-1665","page","type-page","status-publish","has-post-thumbnail","hentry"],"_links":{"self":[{"href":"https:\/\/cecbll.cat\/espaicomarca\/wp-json\/wp\/v2\/pages\/1665","targetHints":{"allow":["GET"]}}],"collection":[{"href":"https:\/\/cecbll.cat\/espaicomarca\/wp-json\/wp\/v2\/pages"}],"about":[{"href":"https:\/\/cecbll.cat\/espaicomarca\/wp-json\/wp\/v2\/types\/page"}],"author":[{"embeddable":true,"href":"https:\/\/cecbll.cat\/espaicomarca\/wp-json\/wp\/v2\/users\/1"}],"replies":[{"embeddable":true,"href":"https:\/\/cecbll.cat\/espaicomarca\/wp-json\/wp\/v2\/comments?post=1665"}],"version-history":[{"count":1,"href":"https:\/\/cecbll.cat\/espaicomarca\/wp-json\/wp\/v2\/pages\/1665\/revisions"}],"predecessor-version":[{"id":1669,"href":"https:\/\/cecbll.cat\/espaicomarca\/wp-json\/wp\/v2\/pages\/1665\/revisions\/1669"}],"wp:featuredmedia":[{"embeddable":true,"href":"https:\/\/cecbll.cat\/espaicomarca\/wp-json\/wp\/v2\/media\/1668"}],"wp:attachment":[{"href":"https:\/\/cecbll.cat\/espaicomarca\/wp-json\/wp\/v2\/media?parent=1665"}],"curies":[{"name":"wp","href":"https:\/\/api.w.org\/{rel}","templated":true}]}}