{"id":1633,"date":"2017-02-15T10:58:50","date_gmt":"2017-02-15T10:58:50","guid":{"rendered":"http:\/\/cecbll.cat\/espaicomarca\/?page_id=1633"},"modified":"2017-02-15T10:59:07","modified_gmt":"2017-02-15T10:59:07","slug":"cada-pedra-al-seu-temps","status":"publish","type":"page","link":"https:\/\/cecbll.cat\/espaicomarca\/cada-pedra-al-seu-temps\/","title":{"rendered":"Cada pedra al seu temps"},"content":{"rendered":"<p>Sortint del Castell de Cornell\u00e0 i durant dues hores, es recorre el centre hist\u00f2ric de la ciutat, identificant i descobrint els diversos testimonis que han perdurat fins a l\u2019actualitat. Situar aquests elements patrimonials en els seus espais cronol\u00f2gics, ens ajudar\u00e0 a entendre una mica millor la transformaci\u00f3 d\u2019aquest petit poblet agrari en la ciutat actual.<\/p>\n<p>Informaci\u00f3 i reserves: Tel. 93 474 51 35 de 10 a 14 h.<\/p>\n<p>E-mail: <a href=\"mailto:museumercader@aj-cornella.cat\">museumercader@aj-cornella.cat<\/a><\/p>\n","protected":false},"excerpt":{"rendered":"<p>Sortint del Castell de Cornell\u00e0 i durant dues hores, es recorre el centre hist\u00f2ric de la ciutat, identificant i descobrint [&hellip;]<\/p>\n","protected":false},"author":1,"featured_media":1636,"parent":0,"menu_order":0,"comment_status":"closed","ping_status":"closed","template":"","meta":{"footnotes":"","_links_to":"","_links_to_target":""},"class_list":["post-1633","page","type-page","status-publish","has-post-thumbnail","hentry"],"_links":{"self":[{"href":"https:\/\/cecbll.cat\/espaicomarca\/wp-json\/wp\/v2\/pages\/1633","targetHints":{"allow":["GET"]}}],"collection":[{"href":"https:\/\/cecbll.cat\/espaicomarca\/wp-json\/wp\/v2\/pages"}],"about":[{"href":"https:\/\/cecbll.cat\/espaicomarca\/wp-json\/wp\/v2\/types\/page"}],"author":[{"embeddable":true,"href":"https:\/\/cecbll.cat\/espaicomarca\/wp-json\/wp\/v2\/users\/1"}],"replies":[{"embeddable":true,"href":"https:\/\/cecbll.cat\/espaicomarca\/wp-json\/wp\/v2\/comments?post=1633"}],"version-history":[{"count":2,"href":"https:\/\/cecbll.cat\/espaicomarca\/wp-json\/wp\/v2\/pages\/1633\/revisions"}],"predecessor-version":[{"id":1639,"href":"https:\/\/cecbll.cat\/espaicomarca\/wp-json\/wp\/v2\/pages\/1633\/revisions\/1639"}],"wp:featuredmedia":[{"embeddable":true,"href":"https:\/\/cecbll.cat\/espaicomarca\/wp-json\/wp\/v2\/media\/1636"}],"wp:attachment":[{"href":"https:\/\/cecbll.cat\/espaicomarca\/wp-json\/wp\/v2\/media?parent=1633"}],"curies":[{"name":"wp","href":"https:\/\/api.w.org\/{rel}","templated":true}]}}