{"id":1627,"date":"2017-02-15T10:54:47","date_gmt":"2017-02-15T10:54:47","guid":{"rendered":"http:\/\/cecbll.cat\/espaicomarca\/?page_id=1627"},"modified":"2017-02-15T10:54:47","modified_gmt":"2017-02-15T10:54:47","slug":"itinerari-4-can-rafel-sant-ponc-can-rafel","status":"publish","type":"page","link":"https:\/\/cecbll.cat\/espaicomarca\/itinerari-4-can-rafel-sant-ponc-can-rafel\/","title":{"rendered":"Itinerari 4 &#8211; Can Rafel \u2013 Sant Pon\u00e7 &#8211; Can Rafel"},"content":{"rendered":"<p><strong>Durada:<\/strong>\u00a06 hores<br \/>\n<strong>Desnivell acumulat:<\/strong>\u00a0201 m.<br \/>\n<strong>Grau de dificultat:<\/strong>\u00a0mitj\u00e0<br \/>\n<strong>Tem\u00e0tica principal:<\/strong>\u00a0Vegetaci\u00f3, paisatge, ocupaci\u00f3 humana del territori, fauna i patrimoni hist\u00f2ric<\/p>\n<p>L&#8217;Aplec de Sant Pon\u00e7, \u00e9s una oportunitat per anar caminant fins al monestir, per\u00f2 hi ha diverses rutes. La nostra proposta combina l&#8217;excursi\u00f3 per corriols que s&#8217;amaguen entre boscos d&#8217;alzines i pins, amb la remor de l&#8217;aigua de la riera.<\/p>\n","protected":false},"excerpt":{"rendered":"<p>Durada:\u00a06 hores Desnivell acumulat:\u00a0201 m. Grau de dificultat:\u00a0mitj\u00e0 Tem\u00e0tica principal:\u00a0Vegetaci\u00f3, paisatge, ocupaci\u00f3 humana del territori, fauna i patrimoni hist\u00f2ric L&#8217;Aplec [&hellip;]<\/p>\n","protected":false},"author":1,"featured_media":1631,"parent":0,"menu_order":0,"comment_status":"closed","ping_status":"closed","template":"","meta":{"footnotes":"","_links_to":"","_links_to_target":""},"class_list":["post-1627","page","type-page","status-publish","has-post-thumbnail","hentry"],"_links":{"self":[{"href":"https:\/\/cecbll.cat\/espaicomarca\/wp-json\/wp\/v2\/pages\/1627","targetHints":{"allow":["GET"]}}],"collection":[{"href":"https:\/\/cecbll.cat\/espaicomarca\/wp-json\/wp\/v2\/pages"}],"about":[{"href":"https:\/\/cecbll.cat\/espaicomarca\/wp-json\/wp\/v2\/types\/page"}],"author":[{"embeddable":true,"href":"https:\/\/cecbll.cat\/espaicomarca\/wp-json\/wp\/v2\/users\/1"}],"replies":[{"embeddable":true,"href":"https:\/\/cecbll.cat\/espaicomarca\/wp-json\/wp\/v2\/comments?post=1627"}],"version-history":[{"count":1,"href":"https:\/\/cecbll.cat\/espaicomarca\/wp-json\/wp\/v2\/pages\/1627\/revisions"}],"predecessor-version":[{"id":1632,"href":"https:\/\/cecbll.cat\/espaicomarca\/wp-json\/wp\/v2\/pages\/1627\/revisions\/1632"}],"wp:featuredmedia":[{"embeddable":true,"href":"https:\/\/cecbll.cat\/espaicomarca\/wp-json\/wp\/v2\/media\/1631"}],"wp:attachment":[{"href":"https:\/\/cecbll.cat\/espaicomarca\/wp-json\/wp\/v2\/media?parent=1627"}],"curies":[{"name":"wp","href":"https:\/\/api.w.org\/{rel}","templated":true}]}}