{"id":1621,"date":"2017-02-15T10:49:45","date_gmt":"2017-02-15T10:49:45","guid":{"rendered":"http:\/\/cecbll.cat\/espaicomarca\/?page_id=1621"},"modified":"2017-02-15T10:49:45","modified_gmt":"2017-02-15T10:49:45","slug":"itinerari-3-cervello-sant-ponc-cervello","status":"publish","type":"page","link":"https:\/\/cecbll.cat\/espaicomarca\/itinerari-3-cervello-sant-ponc-cervello\/","title":{"rendered":"Itinerari 3 &#8211; Cervell\u00f3 &#8211; Sant Pon\u00e7 &#8211; Cervell\u00f3"},"content":{"rendered":"<p><strong>Durada:<\/strong>\u00a08 hores<br \/>\n<strong>Desnivell acumulat:<\/strong>\u00a0638 m.<br \/>\n<strong>Grau de dificultat:<\/strong>\u00a0elevat<br \/>\n<strong>Tem\u00e0tica principal:<\/strong>\u00a0Vegetaci\u00f3, paisatge, ocupaci\u00f3 humana del territori, fauna i patrimoni hist\u00f2ric<\/p>\n<p>A la part nord del municipi trobem un dels edificis rom\u00e0nics m\u00e9s ben conservats de Catalunya, el monestir de Sant Pon\u00e7, que tot i ser gestionat per la parr\u00f2quia de Corbera pertany a Cervell\u00f3. El nostre recorregut tamb\u00e9 ens portar\u00e0 al punt m\u00e9s alt de Cervell\u00f3, el cim Montmany.<\/p>\n","protected":false},"excerpt":{"rendered":"<p>Durada:\u00a08 hores Desnivell acumulat:\u00a0638 m. Grau de dificultat:\u00a0elevat Tem\u00e0tica principal:\u00a0Vegetaci\u00f3, paisatge, ocupaci\u00f3 humana del territori, fauna i patrimoni hist\u00f2ric A [&hellip;]<\/p>\n","protected":false},"author":1,"featured_media":1624,"parent":0,"menu_order":0,"comment_status":"closed","ping_status":"closed","template":"","meta":{"footnotes":"","_links_to":"","_links_to_target":""},"class_list":["post-1621","page","type-page","status-publish","has-post-thumbnail","hentry"],"_links":{"self":[{"href":"https:\/\/cecbll.cat\/espaicomarca\/wp-json\/wp\/v2\/pages\/1621","targetHints":{"allow":["GET"]}}],"collection":[{"href":"https:\/\/cecbll.cat\/espaicomarca\/wp-json\/wp\/v2\/pages"}],"about":[{"href":"https:\/\/cecbll.cat\/espaicomarca\/wp-json\/wp\/v2\/types\/page"}],"author":[{"embeddable":true,"href":"https:\/\/cecbll.cat\/espaicomarca\/wp-json\/wp\/v2\/users\/1"}],"replies":[{"embeddable":true,"href":"https:\/\/cecbll.cat\/espaicomarca\/wp-json\/wp\/v2\/comments?post=1621"}],"version-history":[{"count":1,"href":"https:\/\/cecbll.cat\/espaicomarca\/wp-json\/wp\/v2\/pages\/1621\/revisions"}],"predecessor-version":[{"id":1625,"href":"https:\/\/cecbll.cat\/espaicomarca\/wp-json\/wp\/v2\/pages\/1621\/revisions\/1625"}],"wp:featuredmedia":[{"embeddable":true,"href":"https:\/\/cecbll.cat\/espaicomarca\/wp-json\/wp\/v2\/media\/1624"}],"wp:attachment":[{"href":"https:\/\/cecbll.cat\/espaicomarca\/wp-json\/wp\/v2\/media?parent=1621"}],"curies":[{"name":"wp","href":"https:\/\/api.w.org\/{rel}","templated":true}]}}