{"id":1615,"date":"2017-02-15T10:45:44","date_gmt":"2017-02-15T10:45:44","guid":{"rendered":"http:\/\/cecbll.cat\/espaicomarca\/?page_id=1615"},"modified":"2017-02-15T10:45:44","modified_gmt":"2017-02-15T10:45:44","slug":"itinerari-2-cervello-can-rafols-cervello","status":"publish","type":"page","link":"https:\/\/cecbll.cat\/espaicomarca\/itinerari-2-cervello-can-rafols-cervello\/","title":{"rendered":"Itinerari 2: Cervell\u00f3-Can R\u00e0fols-Cervell\u00f3"},"content":{"rendered":"<p><strong>Durada:<\/strong>\u00a05 hores<br \/>\n<strong>Desnivell:<\/strong>\u00a0289 m.<br \/>\n<strong>Grau de dificultat:<\/strong> mitj\u00e0<br \/>\n<strong>Tem\u00e0tica principal:<\/strong> Vegetaci\u00f3, paisatge, ocupaci\u00f3 humana del territori, fauna i patrimoni hist\u00f2ric<\/p>\n<p>Un passeig que ens descobrir\u00e0 la m\u00e0gia del paisatge agr\u00edcola, en concret l&#8217;encant de la vinya i els arbres fruiters, i ens endinsar\u00e0 en boscos de pins guarnits amb enfiladisses i recoberts de sotabosc impenetrable i d&#8217;alzines centen\u00e0ries.<\/p>\n","protected":false},"excerpt":{"rendered":"<p>Durada:\u00a05 hores Desnivell:\u00a0289 m. Grau de dificultat: mitj\u00e0 Tem\u00e0tica principal: Vegetaci\u00f3, paisatge, ocupaci\u00f3 humana del territori, fauna i patrimoni hist\u00f2ric [&hellip;]<\/p>\n","protected":false},"author":1,"featured_media":1619,"parent":0,"menu_order":0,"comment_status":"closed","ping_status":"closed","template":"","meta":{"footnotes":"","_links_to":"","_links_to_target":""},"class_list":["post-1615","page","type-page","status-publish","has-post-thumbnail","hentry"],"_links":{"self":[{"href":"https:\/\/cecbll.cat\/espaicomarca\/wp-json\/wp\/v2\/pages\/1615","targetHints":{"allow":["GET"]}}],"collection":[{"href":"https:\/\/cecbll.cat\/espaicomarca\/wp-json\/wp\/v2\/pages"}],"about":[{"href":"https:\/\/cecbll.cat\/espaicomarca\/wp-json\/wp\/v2\/types\/page"}],"author":[{"embeddable":true,"href":"https:\/\/cecbll.cat\/espaicomarca\/wp-json\/wp\/v2\/users\/1"}],"replies":[{"embeddable":true,"href":"https:\/\/cecbll.cat\/espaicomarca\/wp-json\/wp\/v2\/comments?post=1615"}],"version-history":[{"count":1,"href":"https:\/\/cecbll.cat\/espaicomarca\/wp-json\/wp\/v2\/pages\/1615\/revisions"}],"predecessor-version":[{"id":1620,"href":"https:\/\/cecbll.cat\/espaicomarca\/wp-json\/wp\/v2\/pages\/1615\/revisions\/1620"}],"wp:featuredmedia":[{"embeddable":true,"href":"https:\/\/cecbll.cat\/espaicomarca\/wp-json\/wp\/v2\/media\/1619"}],"wp:attachment":[{"href":"https:\/\/cecbll.cat\/espaicomarca\/wp-json\/wp\/v2\/media?parent=1615"}],"curies":[{"name":"wp","href":"https:\/\/api.w.org\/{rel}","templated":true}]}}