{"id":1608,"date":"2017-02-15T10:39:01","date_gmt":"2017-02-15T10:39:01","guid":{"rendered":"http:\/\/cecbll.cat\/espaicomarca\/?page_id=1608"},"modified":"2017-02-15T10:40:31","modified_gmt":"2017-02-15T10:40:31","slug":"itinerari-1-cervello-can-riera-cervello","status":"publish","type":"page","link":"https:\/\/cecbll.cat\/espaicomarca\/itinerari-1-cervello-can-riera-cervello\/","title":{"rendered":"Itinerari 1: Cervell\u00f3-Can Riera-Cervell\u00f3"},"content":{"rendered":"<p><strong>Durada:<\/strong>\u00a04 hores<br \/>\n<strong>Desnivell:<\/strong>\u00a0238 m.<br \/>\n<strong>Grau de dificultat:<\/strong> mitj\u00e0<br \/>\n<strong>Tem\u00e0tica principal:<\/strong> Vegetaci\u00f3, paisatge, ocupaci\u00f3 humana del territori, fauna i patrimoni hist\u00f2ric<\/p>\n<p>Excursi\u00f3 pels boscos de Can Riera i Can Sala que ens portar\u00e0 a con\u00e8ixer el passat agr\u00edcola de Cervell\u00f3, coneixent el t\u00edpic paisatge de bancals que s&#8217;observa a les pendents de les muntanyes i que ha creat l&#8217;home per facilitar el conreu, aix\u00ed com algunes masies de l&#8217;entorn.<\/p>\n","protected":false},"excerpt":{"rendered":"<p>Durada:\u00a04 hores Desnivell:\u00a0238 m. Grau de dificultat: mitj\u00e0 Tem\u00e0tica principal: Vegetaci\u00f3, paisatge, ocupaci\u00f3 humana del territori, fauna i patrimoni hist\u00f2ric [&hellip;]<\/p>\n","protected":false},"author":1,"featured_media":1611,"parent":0,"menu_order":0,"comment_status":"closed","ping_status":"closed","template":"","meta":{"footnotes":"","_links_to":"","_links_to_target":""},"class_list":["post-1608","page","type-page","status-publish","has-post-thumbnail","hentry"],"_links":{"self":[{"href":"https:\/\/cecbll.cat\/espaicomarca\/wp-json\/wp\/v2\/pages\/1608","targetHints":{"allow":["GET"]}}],"collection":[{"href":"https:\/\/cecbll.cat\/espaicomarca\/wp-json\/wp\/v2\/pages"}],"about":[{"href":"https:\/\/cecbll.cat\/espaicomarca\/wp-json\/wp\/v2\/types\/page"}],"author":[{"embeddable":true,"href":"https:\/\/cecbll.cat\/espaicomarca\/wp-json\/wp\/v2\/users\/1"}],"replies":[{"embeddable":true,"href":"https:\/\/cecbll.cat\/espaicomarca\/wp-json\/wp\/v2\/comments?post=1608"}],"version-history":[{"count":1,"href":"https:\/\/cecbll.cat\/espaicomarca\/wp-json\/wp\/v2\/pages\/1608\/revisions"}],"predecessor-version":[{"id":1612,"href":"https:\/\/cecbll.cat\/espaicomarca\/wp-json\/wp\/v2\/pages\/1608\/revisions\/1612"}],"wp:featuredmedia":[{"embeddable":true,"href":"https:\/\/cecbll.cat\/espaicomarca\/wp-json\/wp\/v2\/media\/1611"}],"wp:attachment":[{"href":"https:\/\/cecbll.cat\/espaicomarca\/wp-json\/wp\/v2\/media?parent=1608"}],"curies":[{"name":"wp","href":"https:\/\/api.w.org\/{rel}","templated":true}]}}