{"id":1592,"date":"2017-02-15T10:10:22","date_gmt":"2017-02-15T10:10:22","guid":{"rendered":"http:\/\/cecbll.cat\/espaicomarca\/?page_id=1592"},"modified":"2017-02-15T10:16:54","modified_gmt":"2017-02-15T10:16:54","slug":"cami-dels-masos","status":"publish","type":"page","link":"https:\/\/cecbll.cat\/espaicomarca\/cami-dels-masos\/","title":{"rendered":"Cam\u00ed dels Masos"},"content":{"rendered":"<p><strong>Grau de dificultat: <\/strong>Baix<br \/>\n<strong>Desnivell:<\/strong> Pla<br \/>\n<strong>Durada: <\/strong>2 hores<br \/>\n<strong>Usos: <\/strong>A peu \/ BTT \/ a cavall<\/p>\n<p>La ruta s&#8217;inicia a la Font del C\u00f2dol, un antic raval a peu del cam\u00ed ral, on hi havia les postes que servien cavalls de refresca a les dilig\u00e8ncies. El cam\u00ed travessa la riera de ponent i mena a Can Dolcet, una masia en runes. Arribats a la masia, un caminoi a m\u00e0 esquerra baixa directe fins a Can Mart\u00ed Joan, habitat i en perfecte estat de conservaci\u00f3; a la porta del mas prenem el cam\u00ed cap al sud fins a Can Guineu, que deixem a l&#8217;esquerra, i Can Perellonch. En tots aquests masos podem veure els conreus (oli, vinya, cereal i arbres fruiters), la flora (pi, alzina, boix, esp\u00edgol) i els elements agraris (les eres, els pous, les cabanes de pedra seca, les basses) propis de la zona.<\/p>\n<p>Just abans d&#8217;arribar al mas de Can Perellonch prenem el cam\u00ed de la dreta, cap al torrent de Fosalba, i a un quil\u00f2metre ens desviem novament a la dreta per agafar el cam\u00ed en direcci\u00f3 cap a Can Dolcet direcci\u00f3 cap a la Font del C\u00f2dol on podem observar la Torre del Tel\u00e8graf, utilitzada en les guerres carlines.<\/p>\n<p>La fauna de la zona: conills, guineus, senglars, serps, tudons i pit-rojos<br \/>\nLa flora de la zona: pi , alzina, farigola, boix, esp\u00edgol.<\/p>\n","protected":false},"excerpt":{"rendered":"<p>Grau de dificultat: Baix Desnivell: Pla Durada: 2 hores Usos: A peu \/ BTT \/ a cavall La ruta s&#8217;inicia [&hellip;]<\/p>\n","protected":false},"author":1,"featured_media":1597,"parent":0,"menu_order":0,"comment_status":"closed","ping_status":"closed","template":"","meta":{"footnotes":"","_links_to":"","_links_to_target":""},"class_list":["post-1592","page","type-page","status-publish","has-post-thumbnail","hentry"],"_links":{"self":[{"href":"https:\/\/cecbll.cat\/espaicomarca\/wp-json\/wp\/v2\/pages\/1592","targetHints":{"allow":["GET"]}}],"collection":[{"href":"https:\/\/cecbll.cat\/espaicomarca\/wp-json\/wp\/v2\/pages"}],"about":[{"href":"https:\/\/cecbll.cat\/espaicomarca\/wp-json\/wp\/v2\/types\/page"}],"author":[{"embeddable":true,"href":"https:\/\/cecbll.cat\/espaicomarca\/wp-json\/wp\/v2\/users\/1"}],"replies":[{"embeddable":true,"href":"https:\/\/cecbll.cat\/espaicomarca\/wp-json\/wp\/v2\/comments?post=1592"}],"version-history":[{"count":1,"href":"https:\/\/cecbll.cat\/espaicomarca\/wp-json\/wp\/v2\/pages\/1592\/revisions"}],"predecessor-version":[{"id":1593,"href":"https:\/\/cecbll.cat\/espaicomarca\/wp-json\/wp\/v2\/pages\/1592\/revisions\/1593"}],"wp:featuredmedia":[{"embeddable":true,"href":"https:\/\/cecbll.cat\/espaicomarca\/wp-json\/wp\/v2\/media\/1597"}],"wp:attachment":[{"href":"https:\/\/cecbll.cat\/espaicomarca\/wp-json\/wp\/v2\/media?parent=1592"}],"curies":[{"name":"wp","href":"https:\/\/api.w.org\/{rel}","templated":true}]}}